{"id":199718,"date":"2024-07-29T13:09:29","date_gmt":"2025-02-11T11:07:32","guid":{"rendered":"https:\/\/staging.nbg.eu\/product\/single-pistol-belt-pouch\/"},"modified":"2025-02-11T11:09:44","modified_gmt":"2025-02-11T11:09:44","slug":"pojedyncze-kabura-pasowa-na-pistolet","status":"publish","type":"product","link":"https:\/\/staging.nbg.eu\/pl\/produkt\/pojedyncze-kabura-pasowa-na-pistolet\/","title":{"rendered":"Pojedyncze kabura pasowa na pistolet"},"content":{"rendered":"<div class=\"product-description\">\n<h2>Pojedyncza kiesze\u0144 na pasek na magazynek pistoletu<\/h2>\n<p>Kiesze\u0144 Ten-Speed\u00ae na pojedynczy magazynek pistoletu, zapewniaj\u0105ca szybki dost\u0119p do magazynka.<\/p>\n<ul>\n<li>Pasuje do pask\u00f3w o szeroko\u015bci do 5 cm<\/li>\n<li>Wygodna do ca\u0142odziennego noszenia, bez ostrych kraw\u0119dzi<\/li>\n<li>Elastyczny prz\u00f3d z laminatem ULTRAcomp\u2122<\/li>\n<li>System zapi\u0119cia na rzep<\/li>\n<li>Mie\u015bci pojedyncze lub podw\u00f3jne magazynki (do rozmiaru HK45\/USP)<\/li>\n<li>Mo\u017ce by\u0107 u\u017cywana do latarek, narz\u0119dzi wielofunkcyjnych lub podobnych przedmiot\u00f3w<\/li>\n<li>Zdejmowane mocowanie do paska umo\u017cliwiaj\u0105ce poziome zamontowanie<\/li>\n<\/ul>\n<p>Wymiary: 5,7 cm x 11,4 cm | Waga: 20 gram\u00f3w<\/p>\n<\/div>\n","protected":false},"excerpt":{"rendered":"<p>Bezpieczna, smuk\u0142a saszetka na pasek na magazynek do pistoletu lub narz\u0119dzie. Szybki dost\u0119p.<\/p>\n","protected":false},"featured_media":164231,"template":"","meta":{"_acf_changed":false},"product_brand":[11141],"product_cat":[12566,12581,12590],"product_tag":[],"class_list":{"0":"post-199718","1":"product","2":"type-product","3":"status-publish","4":"has-post-thumbnail","6":"product_brand-blue-force-gear","7":"product_cat-ladownice-na-magazynki","8":"product_cat-sakwy","9":"product_cat-sprzet","11":"first","12":"instock","13":"taxable","14":"shipping-taxable","15":"purchasable","16":"product-type-simple"},"acf":[],"_links":{"self":[{"href":"https:\/\/staging.nbg.eu\/pl\/wp-json\/wp\/v2\/product\/199718","targetHints":{"allow":["GET"]}}],"collection":[{"href":"https:\/\/staging.nbg.eu\/pl\/wp-json\/wp\/v2\/product"}],"about":[{"href":"https:\/\/staging.nbg.eu\/pl\/wp-json\/wp\/v2\/types\/product"}],"wp:featuredmedia":[{"embeddable":true,"href":"https:\/\/staging.nbg.eu\/pl\/wp-json\/wp\/v2\/media\/164231"}],"wp:attachment":[{"href":"https:\/\/staging.nbg.eu\/pl\/wp-json\/wp\/v2\/media?parent=199718"}],"wp:term":[{"taxonomy":"product_brand","embeddable":true,"href":"https:\/\/staging.nbg.eu\/pl\/wp-json\/wp\/v2\/product_brand?post=199718"},{"taxonomy":"product_cat","embeddable":true,"href":"https:\/\/staging.nbg.eu\/pl\/wp-json\/wp\/v2\/product_cat?post=199718"},{"taxonomy":"product_tag","embeddable":true,"href":"https:\/\/staging.nbg.eu\/pl\/wp-json\/wp\/v2\/product_tag?post=199718"}],"curies":[{"name":"wp","href":"https:\/\/api.w.org\/{rel}","templated":true}]}}