{"id":176748,"date":"2024-11-26T18:35:58","date_gmt":"2025-01-28T10:22:28","guid":{"rendered":"https:\/\/staging.nbg.eu\/product\/geissele-border-patrol-rifle-16-5-56mm-black\/"},"modified":"2025-01-28T10:24:23","modified_gmt":"2025-01-28T10:24:23","slug":"geissele-karabin-border-patrol-16-556mm-czarny","status":"publish","type":"product","link":"https:\/\/staging.nbg.eu\/pl\/produkt\/geissele-karabin-border-patrol-16-556mm-czarny\/","title":{"rendered":"Geissele Karabin Border Patrol, 16&#8243;, 5.56MM &#8211; Czarny"},"content":{"rendered":"<h2>Karabin Geissele Border Patrol, 16&#8243;, 5,56MM &#8211; Czarny<\/h2>\n<p>Karabin Geissele Border Patrol to w pe\u0142ni wyposa\u017cony karabin s\u0142u\u017cbowy zaprojektowany pod k\u0105tem niezawodno\u015bci i wydajno\u015bci. Ten AR-15 oferuje lata niezawodnej s\u0142u\u017cby.<\/p>\n<h2>G\u0142\u00f3wne cechy:<\/h2>\n<ul>\n<li>Lufa 16,25&#8243; kuta na zimno (CHF) z chromowanym przewodem<\/li>\n<li>Skok gwintu 1:7 i komora 5,56x45mm NATO<\/li>\n<li>System gazowy Geissele z blokiem gazowym ze stali nierdzewnej 17-4<\/li>\n<li>Szyna MK 20 Super Modular 14,6&#8243; ze slotami M-Lok<\/li>\n<li>G\u00f3rny i dolny odbiornik z kutego aluminium 7075 T6 Super Duty<\/li>\n<li>R\u0119koje\u015b\u0107 prze\u0142adowania Geissele Government do u\u017cytku obur\u0119cznego<\/li>\n<li>Bufor H2 i pleciona spr\u0119\u017cyna bufora<\/li>\n<li>Spust ALG Defense Advanced Combat Trigger (ACT) z ulepszonymi pow\u0142okami<\/li>\n<\/ul>\n<h2>Specyfikacje:<\/h2>\n<ul>\n<li>D\u0142ugo\u015b\u0107: 32,5&#8243; (z\u0142o\u017cony) do 36&#8243; (roz\u0142o\u017cony)<\/li>\n<li>Waga: Oko\u0142o 6,6 funt\u00f3w<\/li>\n<li>Kaliber: 5,56MM<\/li>\n<li>Kolor: Czarny<\/li>\n<li>Zesp\u00f3\u0142 zamka: Geissele BCG z pow\u0142ok\u0105 fosforanow\u0105 manganow\u0105<\/li>\n<li>Rozmiar portu gazowego: 0,075&#8243;<\/li>\n<li>Urz\u0105dzenie wylotowe: T\u0142umik b\u0142ysku A2<\/li>\n<li>Kolba: BCM Mod 0, Czarna<\/li>\n<li>Chwyt: B5 z logo Geissele<\/li>\n<\/ul>\n<p>Karabin Border Patrol jest lekki i zwrotny, zachowuj\u0105c jednocze\u015bnie wytrzyma\u0142o\u015b\u0107 i niezawodno\u015b\u0107. Ka\u017cdy komponent zosta\u0142 starannie dobrany do d\u0142ugotrwa\u0142ego u\u017cytkowania w trudnych warunkach. Szkieletowa szyna MK 20 Super Modular zmniejsza wag\u0119, zapewniaj\u0105c stabiln\u0105 platform\u0119 monta\u017cow\u0105, a system \u0142\u0105czenia kluczowego zapewnia stabilno\u015b\u0107 przedniej os\u0142ony podczas intensywnego u\u017cytkowania.<\/p>\n<p>Dzi\u0119ki komponentom, w tym r\u0119koje\u015bci prze\u0142adowania Geissele Government, systemowi bufora Super 42 i spustowi ALG Advanced Combat, karabin ten oferuje wysok\u0105 wydajno\u015b\u0107 i niezawodno\u015b\u0107. Karabin Geissele Border Patrol zapewnia wysok\u0105 jako\u015b\u0107 i funkcjonalno\u015b\u0107.<\/p>\n","protected":false},"excerpt":{"rendered":"<p>Niezawodny 16-calowy karabin AR-15 kalibru 5,56 mm z wysokiej klasy funkcjami do d\u0142ugotrwa\u0142ego u\u017cytku s\u0142u\u017cbowego.<\/p>\n","protected":false},"featured_media":81502,"template":"","meta":{"_acf_changed":false},"product_brand":[11392],"product_cat":[12623],"product_tag":[],"class_list":{"0":"post-176748","1":"product","2":"type-product","3":"status-publish","4":"has-post-thumbnail","6":"product_brand-geissele","7":"product_cat-karabin","9":"first","10":"instock","11":"taxable","12":"shipping-taxable","13":"product-type-simple"},"acf":[],"_links":{"self":[{"href":"https:\/\/staging.nbg.eu\/pl\/wp-json\/wp\/v2\/product\/176748","targetHints":{"allow":["GET"]}}],"collection":[{"href":"https:\/\/staging.nbg.eu\/pl\/wp-json\/wp\/v2\/product"}],"about":[{"href":"https:\/\/staging.nbg.eu\/pl\/wp-json\/wp\/v2\/types\/product"}],"wp:featuredmedia":[{"embeddable":true,"href":"https:\/\/staging.nbg.eu\/pl\/wp-json\/wp\/v2\/media\/81502"}],"wp:attachment":[{"href":"https:\/\/staging.nbg.eu\/pl\/wp-json\/wp\/v2\/media?parent=176748"}],"wp:term":[{"taxonomy":"product_brand","embeddable":true,"href":"https:\/\/staging.nbg.eu\/pl\/wp-json\/wp\/v2\/product_brand?post=176748"},{"taxonomy":"product_cat","embeddable":true,"href":"https:\/\/staging.nbg.eu\/pl\/wp-json\/wp\/v2\/product_cat?post=176748"},{"taxonomy":"product_tag","embeddable":true,"href":"https:\/\/staging.nbg.eu\/pl\/wp-json\/wp\/v2\/product_tag?post=176748"}],"curies":[{"name":"wp","href":"https:\/\/api.w.org\/{rel}","templated":true}]}}