{"id":173098,"date":"2024-08-16T19:55:05","date_gmt":"2025-01-23T11:17:18","guid":{"rendered":"https:\/\/staging.nbg.eu\/product\/barwarus-bw-t4-handguards-with-m-lok\/"},"modified":"2025-01-23T11:18:52","modified_gmt":"2025-01-23T11:18:52","slug":"barwarus-bw-t4-oslony-rekojesci-z-m-lok","status":"publish","type":"product","link":"https:\/\/staging.nbg.eu\/pl\/produkt\/barwarus-bw-t4-oslony-rekojesci-z-m-lok\/","title":{"rendered":"Barwarus BW-T4 Os\u0142ony R\u0119koje\u015bci z M-Lok"},"content":{"rendered":"<div class=\"product-description\">\n<h2>Barwarus BW-T4 Os\u0142ony na r\u0119ce z systemem M-Lok<\/h2>\n<p>Zestaw os\u0142on na r\u0119ce BW-T4 do karabin\u00f3w typu AK z d\u0142ug\u0105 luf\u0105 (16&#8243;). Ten opatentowany system umo\u017cliwia integracj\u0119 akcesori\u00f3w M-LOK.<\/p>\n<ul>\n<li>Kompatybilny z r\u00f3\u017cnymi modelami AK (AKUSA Seria 100, AK-74, Saiga, Vepr i inne)<\/li>\n<li>Wykonany ze stopu 6082-T6<\/li>\n<li>Wyko\u0144czenie czarnym Cerakote<\/li>\n<li>Zintegrowane sloty M-LOK po wszystkich stronach<\/li>\n<li>Poprawia ch\u0142odzenie lufy i odprowadzanie ciep\u0142a<\/li>\n<li>Lekka konstrukcja<\/li>\n<li>Dzia\u0142a w ekstremalnych temperaturach (od -50\u00b0C do +50\u00b0C)<\/li>\n<\/ul>\n<p>Barwarus BW-T4 umo\u017cliwia dostosowanie, poprawia zarz\u0105dzanie ciep\u0142em i zwi\u0119ksza trwa\u0142o\u015b\u0107.<\/p>\n<\/div>\n","protected":false},"excerpt":{"rendered":"<p>Os\u0142ony Barwarus BW-T4: Kompatybilne z systemem M-Lok, ulepszenie do AK zapewniaj\u0105ce lepsze ch\u0142odzenie i mo\u017cliwo\u015b\u0107 monta\u017cu akcesori\u00f3w.<\/p>\n","protected":false},"featured_media":23623,"template":"","meta":{"_acf_changed":false},"product_brand":[11115],"product_cat":[12571,12557,12572],"product_tag":[],"class_list":{"0":"post-173098","1":"product","2":"type-product","3":"status-publish","4":"has-post-thumbnail","6":"product_brand-barwarus","7":"product_cat-szyny","8":"product_cat-tuning-ak","9":"product_cat-tuning-karabinowy","11":"first","12":"instock","13":"taxable","14":"shipping-taxable","15":"product-type-variable","16":"wvs-archive-product-wrapper"},"acf":[],"_links":{"self":[{"href":"https:\/\/staging.nbg.eu\/pl\/wp-json\/wp\/v2\/product\/173098","targetHints":{"allow":["GET"]}}],"collection":[{"href":"https:\/\/staging.nbg.eu\/pl\/wp-json\/wp\/v2\/product"}],"about":[{"href":"https:\/\/staging.nbg.eu\/pl\/wp-json\/wp\/v2\/types\/product"}],"wp:featuredmedia":[{"embeddable":true,"href":"https:\/\/staging.nbg.eu\/pl\/wp-json\/wp\/v2\/media\/23623"}],"wp:attachment":[{"href":"https:\/\/staging.nbg.eu\/pl\/wp-json\/wp\/v2\/media?parent=173098"}],"wp:term":[{"taxonomy":"product_brand","embeddable":true,"href":"https:\/\/staging.nbg.eu\/pl\/wp-json\/wp\/v2\/product_brand?post=173098"},{"taxonomy":"product_cat","embeddable":true,"href":"https:\/\/staging.nbg.eu\/pl\/wp-json\/wp\/v2\/product_cat?post=173098"},{"taxonomy":"product_tag","embeddable":true,"href":"https:\/\/staging.nbg.eu\/pl\/wp-json\/wp\/v2\/product_tag?post=173098"}],"curies":[{"name":"wp","href":"https:\/\/api.w.org\/{rel}","templated":true}]}}