{"id":172259,"date":"2024-08-16T20:00:59","date_gmt":"2025-01-22T17:56:36","guid":{"rendered":"https:\/\/staging.nbg.eu\/product\/barwarus-rail-set-bw-t4-bw-t33\/"},"modified":"2025-01-22T17:58:13","modified_gmt":"2025-01-22T17:58:13","slug":"barwarus-zestaw-szyn-bw-t4-i-bw-t33","status":"publish","type":"product","link":"https:\/\/staging.nbg.eu\/pl\/produkt\/barwarus-zestaw-szyn-bw-t4-i-bw-t33\/","title":{"rendered":"BARWARUS ZESTAW SZYN (BW-T4 i BW-T33)"},"content":{"rendered":"<div class=\"product-description\">\n<h2>ZESTAW SZYN BARWARUS (BW-T4 i BW-T33)<\/h2>\n<p>Zestaw szyn BARWARUS dla karabin\u00f3w z platformy AK, zawieraj\u0105cy szyn\u0119 Picatinny BW-T33 na pokryw\u0119 komory zamkowej i \u0142o\u017ce BW-T4. Ten zestaw oferuje zwi\u0119kszon\u0105 funkcjonalno\u015b\u0107 i mo\u017cliwo\u015bci dostosowania broni.<\/p>\n<h2>\u0141o\u017ce BW-T4<\/h2>\n<ul>\n<li>Zast\u0119puje standardowe \u0142o\u017ce w karabinach AK z lufami 16&#8243;<\/li>\n<li>Posiada sloty MLOK do monta\u017cu akcesori\u00f3w<\/li>\n<li>Kompatybilne z r\u00f3\u017cnymi modelami AK, w tym AKUSA 100 SERIES, KM, AKMS, AK-74 i inne<\/li>\n<li>Wykonane ze stopu 6082-T6 z wyko\u0144czeniem Cerakote w kolorze czarnym<\/li>\n<li>Poprawia ch\u0142odzenie lufy i umo\u017cliwia d\u0142u\u017csze u\u017cytkowanie<\/li>\n<li>Dzia\u0142a w temperaturach od -50\u00b0C do +50\u00b0C<\/li>\n<\/ul>\n<h2>Pokrywa komory zamkowej BW-T33<\/h2>\n<ul>\n<li>Zintegrowana szyna Picatinny do monta\u017cu urz\u0105dze\u0144 celowniczych<\/li>\n<li>Zapewnia sta\u0142y punkt uderzenia przy wielokrotnym otwieraniu i zamykaniu<\/li>\n<li>Wykonana ze stopu aluminium 7075 T6<\/li>\n<li>D\u0142ugo\u015b\u0107 szyny Picatinny: 170mm \u00b15mm<\/li>\n<li>Mocowana za pomoc\u0105 pi\u0119ciu \u015brub dla stabilno\u015bci<\/li>\n<li>Waga: 1559 g \u00b1 0,85 g<\/li>\n<li>Wymiary ca\u0142kowite: 551 mm \u00b1 12,7 mm<\/li>\n<\/ul>\n<p>Zestaw szyn BARWARUS \u0142\u0105czy wytrzyma\u0142o\u015b\u0107, funkcjonalno\u015b\u0107 i wszechstronno\u015b\u0107. Dzi\u0119ki kompatybilno\u015bci z MLOK i zintegrowanej szynie Picatinny, zestaw oferuje mo\u017cliwo\u015bci dostosowania przy zachowaniu podstawowych parametr\u00f3w karabinu.<\/p>\n<p><strong>Uwaga:<\/strong> Mo\u017ce by\u0107 wymagane pi\u0142owanie podczas instalacji, poniewa\u017c nie wszyscy producenci stosuj\u0105 si\u0119 do oryginalnego rosyjskiego projektu Ka\u0142asznikowa. Zalecany moment dokr\u0119cania przy instalacji: \u2264 11,3 kg.<\/p>\n<\/div>\n","protected":false},"excerpt":{"rendered":"<p>Modularny system szyn AK z kompatybilno\u015bci\u0105 MLOK i Picatinny.<\/p>\n","protected":false},"featured_media":280602,"template":"","meta":{"_acf_changed":false},"product_brand":[11115],"product_cat":[12571,12557,12572],"product_tag":[],"class_list":{"0":"post-172259","1":"product","2":"type-product","3":"status-publish","4":"has-post-thumbnail","6":"product_brand-barwarus","7":"product_cat-szyny","8":"product_cat-tuning-ak","9":"product_cat-tuning-karabinowy","11":"first","12":"instock","13":"taxable","14":"shipping-taxable","15":"product-type-variable","16":"wvs-archive-product-wrapper"},"acf":[],"_links":{"self":[{"href":"https:\/\/staging.nbg.eu\/pl\/wp-json\/wp\/v2\/product\/172259","targetHints":{"allow":["GET"]}}],"collection":[{"href":"https:\/\/staging.nbg.eu\/pl\/wp-json\/wp\/v2\/product"}],"about":[{"href":"https:\/\/staging.nbg.eu\/pl\/wp-json\/wp\/v2\/types\/product"}],"wp:featuredmedia":[{"embeddable":true,"href":"https:\/\/staging.nbg.eu\/pl\/wp-json\/wp\/v2\/media\/280602"}],"wp:attachment":[{"href":"https:\/\/staging.nbg.eu\/pl\/wp-json\/wp\/v2\/media?parent=172259"}],"wp:term":[{"taxonomy":"product_brand","embeddable":true,"href":"https:\/\/staging.nbg.eu\/pl\/wp-json\/wp\/v2\/product_brand?post=172259"},{"taxonomy":"product_cat","embeddable":true,"href":"https:\/\/staging.nbg.eu\/pl\/wp-json\/wp\/v2\/product_cat?post=172259"},{"taxonomy":"product_tag","embeddable":true,"href":"https:\/\/staging.nbg.eu\/pl\/wp-json\/wp\/v2\/product_tag?post=172259"}],"curies":[{"name":"wp","href":"https:\/\/api.w.org\/{rel}","templated":true}]}}