{"id":171524,"date":"2024-08-16T19:44:20","date_gmt":"2025-01-21T16:25:41","guid":{"rendered":"https:\/\/staging.nbg.eu\/product\/barwarus-bw-t33-picatinny-rail-cover\/"},"modified":"2025-01-21T16:27:40","modified_gmt":"2025-01-21T16:27:40","slug":"barwarus-bw-t33-oslona-szyny-picatinny","status":"publish","type":"product","link":"https:\/\/staging.nbg.eu\/pl\/produkt\/barwarus-bw-t33-oslona-szyny-picatinny\/","title":{"rendered":"Barwarus BW-T33 Os\u0142ona Szyny Picatinny"},"content":{"rendered":"<div class=\"product-description\">\n<h2>Barwarus BW-T33 Pokrywa Szyny Picatinny<\/h2>\n<p>Pokrywa przeciwpy\u0142owa Barwarus BW-T33 z zintegrowan\u0105 szyn\u0105 Picatinny do karabin\u00f3w typu AK. Kompatybilna z karabinami i karabinkami sportowymi opartymi na systemie Ka\u0142asznikowa, umo\u017cliwia \u0142atwy monta\u017c r\u00f3\u017cnych urz\u0105dze\u0144 celowniczych.<\/p>\n<ul>\n<li>Wykonana z aluminium 7075 T6<\/li>\n<li>D\u0142ugo\u015b\u0107 szyny Picatinny: 170mm \u00b15mm<\/li>\n<li>Utrzymuje zerowanie przy wielokrotnym otwieraniu\/zamykaniu<\/li>\n<li>Mocowana za pomoc\u0105 pi\u0119ciu \u015brub<\/li>\n<li>Waga: 55 oz \u00b10,03 oz<\/li>\n<li>Wymiary: 21,7&#8243; \u00b10,5&#8243;<\/li>\n<li>Temperatura pracy: od -50\u00b0C do +50\u00b0C<\/li>\n<\/ul>\n<p>Uwaga: Maksymalny moment obrotowy 25 funt\u00f3w. Mo\u017ce wymaga\u0107 dopasowania.<\/p>\n<\/div>\n","protected":false},"excerpt":{"rendered":"<p>Trwa\u0142a os\u0142ona szyny Picatinny do AK. Umo\u017cliwia monta\u017c optyki, zachowuje ustawienia zerowania.<\/p>\n","protected":false},"featured_media":23462,"template":"","meta":{"_acf_changed":false},"product_brand":[11115],"product_cat":[12571,12557,12572],"product_tag":[],"class_list":{"0":"post-171524","1":"product","2":"type-product","3":"status-publish","4":"has-post-thumbnail","6":"product_brand-barwarus","7":"product_cat-szyny","8":"product_cat-tuning-ak","9":"product_cat-tuning-karabinowy","11":"first","12":"instock","13":"taxable","14":"shipping-taxable","15":"product-type-variable","16":"wvs-archive-product-wrapper"},"acf":[],"_links":{"self":[{"href":"https:\/\/staging.nbg.eu\/pl\/wp-json\/wp\/v2\/product\/171524","targetHints":{"allow":["GET"]}}],"collection":[{"href":"https:\/\/staging.nbg.eu\/pl\/wp-json\/wp\/v2\/product"}],"about":[{"href":"https:\/\/staging.nbg.eu\/pl\/wp-json\/wp\/v2\/types\/product"}],"wp:featuredmedia":[{"embeddable":true,"href":"https:\/\/staging.nbg.eu\/pl\/wp-json\/wp\/v2\/media\/23462"}],"wp:attachment":[{"href":"https:\/\/staging.nbg.eu\/pl\/wp-json\/wp\/v2\/media?parent=171524"}],"wp:term":[{"taxonomy":"product_brand","embeddable":true,"href":"https:\/\/staging.nbg.eu\/pl\/wp-json\/wp\/v2\/product_brand?post=171524"},{"taxonomy":"product_cat","embeddable":true,"href":"https:\/\/staging.nbg.eu\/pl\/wp-json\/wp\/v2\/product_cat?post=171524"},{"taxonomy":"product_tag","embeddable":true,"href":"https:\/\/staging.nbg.eu\/pl\/wp-json\/wp\/v2\/product_tag?post=171524"}],"curies":[{"name":"wp","href":"https:\/\/api.w.org\/{rel}","templated":true}]}}