{"id":171011,"date":"2024-08-16T20:04:24","date_gmt":"2025-01-21T10:26:41","guid":{"rendered":"https:\/\/staging.nbg.eu\/product\/barwarus-alpha-1-set-bw-t33-alpha-1\/"},"modified":"2025-01-21T10:28:40","modified_gmt":"2025-01-21T10:28:40","slug":"barwarus-alpha-1-set-bw-t33-i-alpha-1","status":"publish","type":"product","link":"https:\/\/staging.nbg.eu\/pl\/produkt\/barwarus-alpha-1-set-bw-t33-i-alpha-1\/","title":{"rendered":"Barwarus ALPHA-1 SET (BW-T33 i ALPHA-1)"},"content":{"rendered":"<div class=\"product-description\">\n<h2>Zestaw Barwarus ALPHA-1 (BW-T33 i ALPHA-1)<\/h2>\n<p>Zestaw Barwarus ALPHA-1 zawiera uchwyty ALPHA-1 i pokryw\u0119 komory zamkowej BW-T33. W sk\u0142ad zestawu wchodz\u0105:<\/p>\n<ul>\n<li>Kr\u00f3tkie uchwyty ALPHA-1 z szynami Picatinny (g\u00f3rny i dolny)<\/li>\n<li>Pokrywa komory zamkowej BW-T33 z zintegrowan\u0105 szyn\u0105 Picatinny<\/li>\n<\/ul>\n<p>Uchwyty ALPHA-1 wykonane s\u0105 z aluminium 6082-T6 i wyko\u0144czone pow\u0142ok\u0105 Cerakote. S\u0105 kompatybilne z modelami AK z t\u0142oczon\u0105 komor\u0105 zamkow\u0105, w tym AK 103, 104, 105, 74S, 74M, AKM, AKMS i Saiga.<\/p>\n<p>Pokrywa komory zamkowej BW-T33 wykonana jest ze stopu aluminium 7075 T6 i zapewnia stabiln\u0105 platform\u0119 dla optyki, nie koliduj\u0105c z mechanicznymi przyrz\u0105dami celowniczymi.<\/p>\n<\/div>\n","protected":false},"excerpt":{"rendered":"<p>Wysokiej jako\u015bci ulepszenie do AK: Chwyt czteroszynowy i pokrywa komory zamkowej z szyn\u0105<\/p>\n","protected":false},"featured_media":280694,"template":"","meta":{"_acf_changed":false},"product_brand":[11115],"product_cat":[12571,12557,12572],"product_tag":[],"class_list":{"0":"post-171011","1":"product","2":"type-product","3":"status-publish","4":"has-post-thumbnail","6":"product_brand-barwarus","7":"product_cat-szyny","8":"product_cat-tuning-ak","9":"product_cat-tuning-karabinowy","11":"first","12":"instock","13":"taxable","14":"shipping-taxable","15":"product-type-variable","16":"wvs-archive-product-wrapper"},"acf":[],"_links":{"self":[{"href":"https:\/\/staging.nbg.eu\/pl\/wp-json\/wp\/v2\/product\/171011","targetHints":{"allow":["GET"]}}],"collection":[{"href":"https:\/\/staging.nbg.eu\/pl\/wp-json\/wp\/v2\/product"}],"about":[{"href":"https:\/\/staging.nbg.eu\/pl\/wp-json\/wp\/v2\/types\/product"}],"wp:featuredmedia":[{"embeddable":true,"href":"https:\/\/staging.nbg.eu\/pl\/wp-json\/wp\/v2\/media\/280694"}],"wp:attachment":[{"href":"https:\/\/staging.nbg.eu\/pl\/wp-json\/wp\/v2\/media?parent=171011"}],"wp:term":[{"taxonomy":"product_brand","embeddable":true,"href":"https:\/\/staging.nbg.eu\/pl\/wp-json\/wp\/v2\/product_brand?post=171011"},{"taxonomy":"product_cat","embeddable":true,"href":"https:\/\/staging.nbg.eu\/pl\/wp-json\/wp\/v2\/product_cat?post=171011"},{"taxonomy":"product_tag","embeddable":true,"href":"https:\/\/staging.nbg.eu\/pl\/wp-json\/wp\/v2\/product_tag?post=171011"}],"curies":[{"name":"wp","href":"https:\/\/api.w.org\/{rel}","templated":true}]}}