{"id":170438,"date":"2024-11-06T20:55:17","date_gmt":"2025-01-21T09:35:32","guid":{"rendered":"https:\/\/staging.nbg.eu\/product\/throw-lever-sai-optics\/"},"modified":"2025-01-21T09:37:38","modified_gmt":"2025-01-21T09:37:38","slug":"dzwignia-rzutowa-sai-optics","status":"publish","type":"product","link":"https:\/\/staging.nbg.eu\/pl\/produkt\/dzwignia-rzutowa-sai-optics\/","title":{"rendered":"D\u017awignia Rzutowa SAI Optics"},"content":{"rendered":"<div class=\"product-description\">\n<h2>D\u017awignia prze\u0142\u0105czaj\u0105ca do optyki SAI<\/h2>\n<ul>\n<li>Szybkie prze\u0142\u0105czanie mi\u0119dzy powi\u0119kszeniem 1x i 6x<\/li>\n<li>Ergonomiczna konstrukcja dla p\u0142ynnej obs\u0142ugi<\/li>\n<\/ul>\n<p>D\u017awignia SAI 6\u2122 umo\u017cliwia szybk\u0105 regulacj\u0119 powi\u0119kszenia bez utraty widoku celu.<\/p>\n<\/div>\n","protected":false},"excerpt":{"rendered":"<p>Szybka zmiana powi\u0119kszenia w zakresie od 1x do 6x.<\/p>\n","protected":false},"featured_media":78883,"template":"","meta":{"_acf_changed":false},"product_brand":[11711],"product_cat":[12599,12567],"product_tag":[],"class_list":{"0":"post-170438","1":"product","2":"type-product","3":"status-publish","4":"has-post-thumbnail","6":"product_brand-sai-optics","7":"product_cat-celownictwo","8":"product_cat-optyka-powiekszajaca","10":"first","11":"instock","12":"taxable","13":"shipping-taxable","14":"purchasable","15":"product-type-variable","16":"wvs-archive-product-wrapper"},"acf":[],"_links":{"self":[{"href":"https:\/\/staging.nbg.eu\/pl\/wp-json\/wp\/v2\/product\/170438","targetHints":{"allow":["GET"]}}],"collection":[{"href":"https:\/\/staging.nbg.eu\/pl\/wp-json\/wp\/v2\/product"}],"about":[{"href":"https:\/\/staging.nbg.eu\/pl\/wp-json\/wp\/v2\/types\/product"}],"wp:featuredmedia":[{"embeddable":true,"href":"https:\/\/staging.nbg.eu\/pl\/wp-json\/wp\/v2\/media\/78883"}],"wp:attachment":[{"href":"https:\/\/staging.nbg.eu\/pl\/wp-json\/wp\/v2\/media?parent=170438"}],"wp:term":[{"taxonomy":"product_brand","embeddable":true,"href":"https:\/\/staging.nbg.eu\/pl\/wp-json\/wp\/v2\/product_brand?post=170438"},{"taxonomy":"product_cat","embeddable":true,"href":"https:\/\/staging.nbg.eu\/pl\/wp-json\/wp\/v2\/product_cat?post=170438"},{"taxonomy":"product_tag","embeddable":true,"href":"https:\/\/staging.nbg.eu\/pl\/wp-json\/wp\/v2\/product_tag?post=170438"}],"curies":[{"name":"wp","href":"https:\/\/api.w.org\/{rel}","templated":true}]}}