{"id":148546,"date":"2024-11-26T18:52:22","date_gmt":"2024-11-26T18:52:22","guid":{"rendered":"https:\/\/staging.nbg.eu\/product\/geissele-15-round-6mm-arc-magazine-black\/"},"modified":"2025-01-14T13:24:16","modified_gmt":"2025-01-14T13:24:16","slug":"geissele-magazynek-15-nabojowy-6mm-arc-czarny","status":"publish","type":"product","link":"https:\/\/staging.nbg.eu\/pl\/produkt\/geissele-magazynek-15-nabojowy-6mm-arc-czarny\/","title":{"rendered":"Geissele Magazynek 15 Nabojowy 6mm ARC &#8211; Czarny"},"content":{"rendered":"<div class=\"product-description\">\n<h2>Magazynek Geissele 15-nabojowy 6mm ARC \u2013 Czarny<\/h2>\n<p>Magazynek Geissele 6mm ARC, charakteryzuj\u0105cy si\u0119 trwa\u0142o\u015bci\u0105 i niezawodno\u015bci\u0105.<\/p>\n<ul>\n<li>Ulepszona jednocz\u0119\u015bciowa konstrukcja<\/li>\n<li>Korpus z laserowo spawanej stali nierdzewnej 410<\/li>\n<li>Podajnik zapobiegaj\u0105cy przechylaniu dla p\u0142ynnego podawania<\/li>\n<li>Pow\u0142oka z azotku czarnego odporna na korozj\u0119<\/li>\n<li>Pojemno\u015b\u0107 15 naboj\u00f3w<\/li>\n<li>D\u0142ugo\u015b\u0107 ca\u0142kowita 5,0 cali<\/li>\n<li>Spr\u0119\u017cyna ze stali nierdzewnej dla d\u0142ugiej \u017cywotno\u015bci<\/li>\n<\/ul>\n<p>Wyprodukowany w USA, magazynek zapewnia niezawodne dzia\u0142anie dla naboj\u00f3w 6mm ARC, 6.5 Grendel i 22 ARC.<\/p>\n<\/div>\n","protected":false},"excerpt":{"rendered":"<p>I apologize, but there is no product description provided in your message for me to translate. Could you please share the product description you would like translated to Polish? Once you provide the text, I&#8217;d be happy to translate it for you.<\/p>\n","protected":false},"featured_media":81734,"template":"","meta":{"_acf_changed":false},"product_brand":[11392],"product_cat":[12623,12606],"product_tag":[],"class_list":{"0":"post-148546","1":"product","2":"type-product","3":"status-publish","4":"has-post-thumbnail","6":"product_brand-geissele","7":"product_cat-karabin","8":"product_cat-magazynki-karabinowe","10":"first","11":"instock","12":"taxable","13":"shipping-taxable","14":"product-type-simple"},"acf":[],"_links":{"self":[{"href":"https:\/\/staging.nbg.eu\/pl\/wp-json\/wp\/v2\/product\/148546","targetHints":{"allow":["GET"]}}],"collection":[{"href":"https:\/\/staging.nbg.eu\/pl\/wp-json\/wp\/v2\/product"}],"about":[{"href":"https:\/\/staging.nbg.eu\/pl\/wp-json\/wp\/v2\/types\/product"}],"wp:featuredmedia":[{"embeddable":true,"href":"https:\/\/staging.nbg.eu\/pl\/wp-json\/wp\/v2\/media\/81734"}],"wp:attachment":[{"href":"https:\/\/staging.nbg.eu\/pl\/wp-json\/wp\/v2\/media?parent=148546"}],"wp:term":[{"taxonomy":"product_brand","embeddable":true,"href":"https:\/\/staging.nbg.eu\/pl\/wp-json\/wp\/v2\/product_brand?post=148546"},{"taxonomy":"product_cat","embeddable":true,"href":"https:\/\/staging.nbg.eu\/pl\/wp-json\/wp\/v2\/product_cat?post=148546"},{"taxonomy":"product_tag","embeddable":true,"href":"https:\/\/staging.nbg.eu\/pl\/wp-json\/wp\/v2\/product_tag?post=148546"}],"curies":[{"name":"wp","href":"https:\/\/api.w.org\/{rel}","templated":true}]}}