{"id":141394,"date":"2025-01-04T07:20:19","date_gmt":"2025-01-10T22:33:12","guid":{"rendered":"https:\/\/staging.nbg.eu\/product\/area-419-arcalock-clamp\/"},"modified":"2025-01-10T22:34:57","modified_gmt":"2025-01-10T22:34:57","slug":"area-419-arcalock-zacisk","status":"publish","type":"product","link":"https:\/\/staging.nbg.eu\/pl\/produkt\/area-419-arcalock-zacisk\/","title":{"rendered":"Area 419 &#8211; ARCALOCK Zacisk"},"content":{"rendered":"<div class=\"product-description\">\n<h2>Area 419 &#8211; Zacisk ARCALOCK<\/h2>\n<p>Zacisk ARCALOCK firmy Area 419 dzia\u0142a na wszystkich standardowych szynach ARCA\/1,5&#8243; i oferuje mechanicznie blokowane rozwi\u0105zanie dla zwi\u0119kszonej stabilno\u015bci.<\/p>\n<ul>\n<li>Dwustopniowa konstrukcja \u015bruby do szybkiego ruchu i dodatkowego momentu obrotowego<\/li>\n<li>Kompatybilny z dw\u00f3jnogami Atlas i przystosowany do dw\u00f3jnog\u00f3w Harris<\/li>\n<li>Funkcja ogranicznika barykadowego<\/li>\n<li>Kompatybilny wstecznie ze standardowymi szynami ARCA<\/li>\n<li>Wykonany z aluminium 6061-T6 z anodowaniem typu III<\/li>\n<li>Waga 72,5 gram\u00f3w<\/li>\n<\/ul>\n<p>Zacisk ARCALOCK Area 419 zapewnia stabilno\u015b\u0107 i precyzj\u0119 dla karabin\u00f3w precyzyjnych.<\/p>\n<\/div>\n","protected":false},"excerpt":{"rendered":"<p>Bezpieczny zacisk ARCA z mechanizmem blokuj\u0105cym do karabin\u00f3w precyzyjnych.<\/p>\n","protected":false},"featured_media":115255,"template":"","meta":{"_acf_changed":false},"product_brand":[11047],"product_cat":[12623,12571],"product_tag":[],"class_list":{"0":"post-141394","1":"product","2":"type-product","3":"status-publish","4":"has-post-thumbnail","6":"product_brand-area-419","7":"product_cat-karabin","8":"product_cat-szyny","10":"first","11":"instock","12":"taxable","13":"shipping-taxable","14":"purchasable","15":"product-type-simple"},"acf":[],"_links":{"self":[{"href":"https:\/\/staging.nbg.eu\/pl\/wp-json\/wp\/v2\/product\/141394","targetHints":{"allow":["GET"]}}],"collection":[{"href":"https:\/\/staging.nbg.eu\/pl\/wp-json\/wp\/v2\/product"}],"about":[{"href":"https:\/\/staging.nbg.eu\/pl\/wp-json\/wp\/v2\/types\/product"}],"wp:featuredmedia":[{"embeddable":true,"href":"https:\/\/staging.nbg.eu\/pl\/wp-json\/wp\/v2\/media\/115255"}],"wp:attachment":[{"href":"https:\/\/staging.nbg.eu\/pl\/wp-json\/wp\/v2\/media?parent=141394"}],"wp:term":[{"taxonomy":"product_brand","embeddable":true,"href":"https:\/\/staging.nbg.eu\/pl\/wp-json\/wp\/v2\/product_brand?post=141394"},{"taxonomy":"product_cat","embeddable":true,"href":"https:\/\/staging.nbg.eu\/pl\/wp-json\/wp\/v2\/product_cat?post=141394"},{"taxonomy":"product_tag","embeddable":true,"href":"https:\/\/staging.nbg.eu\/pl\/wp-json\/wp\/v2\/product_tag?post=141394"}],"curies":[{"name":"wp","href":"https:\/\/api.w.org\/{rel}","templated":true}]}}