{"id":141276,"date":"2025-01-04T07:26:25","date_gmt":"2025-01-10T21:46:32","guid":{"rendered":"https:\/\/staging.nbg.eu\/product\/area-419-arcalock-clamp-black\/"},"modified":"2025-01-10T21:48:16","modified_gmt":"2025-01-10T21:48:16","slug":"area-419-arcalock-zacisk-czarny","status":"publish","type":"product","link":"https:\/\/staging.nbg.eu\/pl\/produkt\/area-419-arcalock-zacisk-czarny\/","title":{"rendered":"Area 419 &#8211; ARCALOCK Zacisk czarny"},"content":{"rendered":"<div class=\"product-description\">\n<h2>Area 419 &#8211; Zacisk ARCALOCK (Czarny)<\/h2>\n<p>Zacisk Area 419 ARCALOCK w kolorze czarnym do karabin\u00f3w precyzyjnych. Ten zacisk dzia\u0142a na wszystkich standardowych szynach ARCA\/1.5&#8243; typu jask\u00f3\u0142czy ogon, oferuj\u0105c mechanicznie zablokowane rozwi\u0105zanie dla zwi\u0119kszonej stabilno\u015bci.<\/p>\n<ul>\n<li>Dwustopniowa konstrukcja \u015bruby umo\u017cliwiaj\u0105ca szybki ruch i dodatkowy moment obrotowy<\/li>\n<li>Kompatybilny z dw\u00f3jnogami Atlas i przystosowany do dw\u00f3jnog\u00f3w Harris<\/li>\n<li>Wstecznie kompatybilny ze standardowymi szynami ARCA<\/li>\n<li>Wykonany z aluminium 6061-T6 z czarnym anodowanym wyko\u0144czeniem typu III Hardcoat<\/li>\n<li>\u015aruba ze stali nierdzewnej 303<\/li>\n<li>Waga: 72,5 gram\u00f3w<\/li>\n<\/ul>\n<p>Zacisk Area 419 ARCALOCK zapewnia stabilno\u015b\u0107 i wszechstronno\u015b\u0107. Zaprojektowany i wyprodukowany w USA.<\/p>\n<\/div>\n","protected":false},"excerpt":{"rendered":"<p>Bezpieczny zacisk szyny ARCA z czarnym pokr\u0119t\u0142em do karabin\u00f3w precyzyjnych.<\/p>\n","protected":false},"featured_media":115379,"template":"","meta":{"_acf_changed":false},"product_brand":[11047],"product_cat":[12623,12571,390],"product_tag":[],"class_list":{"0":"post-141276","1":"product","2":"type-product","3":"status-publish","4":"has-post-thumbnail","6":"product_brand-area-419","7":"product_cat-karabin","8":"product_cat-szyny","9":"product_cat-aiming","11":"first","12":"instock","13":"taxable","14":"shipping-taxable","15":"purchasable","16":"product-type-simple"},"acf":[],"_links":{"self":[{"href":"https:\/\/staging.nbg.eu\/pl\/wp-json\/wp\/v2\/product\/141276","targetHints":{"allow":["GET"]}}],"collection":[{"href":"https:\/\/staging.nbg.eu\/pl\/wp-json\/wp\/v2\/product"}],"about":[{"href":"https:\/\/staging.nbg.eu\/pl\/wp-json\/wp\/v2\/types\/product"}],"wp:featuredmedia":[{"embeddable":true,"href":"https:\/\/staging.nbg.eu\/pl\/wp-json\/wp\/v2\/media\/115379"}],"wp:attachment":[{"href":"https:\/\/staging.nbg.eu\/pl\/wp-json\/wp\/v2\/media?parent=141276"}],"wp:term":[{"taxonomy":"product_brand","embeddable":true,"href":"https:\/\/staging.nbg.eu\/pl\/wp-json\/wp\/v2\/product_brand?post=141276"},{"taxonomy":"product_cat","embeddable":true,"href":"https:\/\/staging.nbg.eu\/pl\/wp-json\/wp\/v2\/product_cat?post=141276"},{"taxonomy":"product_tag","embeddable":true,"href":"https:\/\/staging.nbg.eu\/pl\/wp-json\/wp\/v2\/product_tag?post=141276"}],"curies":[{"name":"wp","href":"https:\/\/api.w.org\/{rel}","templated":true}]}}