{"id":140982,"date":"2025-01-04T08:28:27","date_gmt":"2025-01-04T08:28:27","guid":{"rendered":"https:\/\/staging.nbg.eu\/product\/area-419-arcalock-dual-clamp-with-picatinny\/"},"modified":"2025-01-10T19:10:18","modified_gmt":"2025-01-10T19:10:18","slug":"area-419-arcalock-podwojny-zacisk-z-picatinny","status":"publish","type":"product","link":"https:\/\/staging.nbg.eu\/pl\/produkt\/area-419-arcalock-podwojny-zacisk-z-picatinny\/","title":{"rendered":"Area 419 &#8211; ARCALOCK Podw\u00f3jny Zacisk z Picatinny"},"content":{"rendered":"<div class=\"product-description\">\n<h2>Area 419 &#8211; ARCALOCK Podw\u00f3jny zacisk z szyn\u0105 Picatinny<\/h2>\n<p>Zacisk do monta\u017cu karabinu. To urz\u0105dzenie frezowane, wyprodukowane w USA, oferuje podw\u00f3jn\u0105 funkcjonalno\u015b\u0107 dla szyn ARCALOCK i Picatinny.<\/p>\n<ul>\n<li>Regulowane napi\u0119cie dla dopasowania do obu powierzchni<\/li>\n<li>Prze\u0142\u0105cznik ARCALOCK &#8222;W\u0142\u0105cz\/Wy\u0142\u0105cz&#8221; dla kompatybilno\u015bci z r\u00f3\u017cnymi producentami<\/li>\n<li>Komponenty ze stali hartowanej do mocowania Picatinny<\/li>\n<li>Mocowanie ARMS 17S do u\u017cytku z popularnymi dw\u00f3jnogami<\/li>\n<\/ul>\n<p>Wykonany z aluminium lotniczego 6061-T6 i stali nierdzewnej, wa\u017cy 0,57 kg i ma wymiary 15,2 cm \u00d7 8,9 cm \u00d7 5,1 cm. Przeznaczony dla strzelc\u00f3w \u015brednio- i d\u0142ugodystansowych.<\/p>\n<p><strong>Uwaga:<\/strong> Niekompatybilny z niekt\u00f3rymi urz\u0105dzeniami Area 419 ARCALOCK, w tym Garmin XERO Arms i RailChanger X.<\/p>\n<\/div>\n","protected":false},"excerpt":{"rendered":"<p>Wszechstronny zacisk ARCALOCK\/Picatinny do precyzyjnego strzelania.<\/p>\n","protected":false},"featured_media":115958,"template":"","meta":{"_acf_changed":false},"product_brand":[11047],"product_cat":[12623,12571],"product_tag":[],"class_list":{"0":"post-140982","1":"product","2":"type-product","3":"status-publish","4":"has-post-thumbnail","6":"product_brand-area-419","7":"product_cat-karabin","8":"product_cat-szyny","10":"first","11":"outofstock","12":"taxable","13":"shipping-taxable","14":"purchasable","15":"product-type-simple"},"acf":[],"_links":{"self":[{"href":"https:\/\/staging.nbg.eu\/pl\/wp-json\/wp\/v2\/product\/140982","targetHints":{"allow":["GET"]}}],"collection":[{"href":"https:\/\/staging.nbg.eu\/pl\/wp-json\/wp\/v2\/product"}],"about":[{"href":"https:\/\/staging.nbg.eu\/pl\/wp-json\/wp\/v2\/types\/product"}],"wp:featuredmedia":[{"embeddable":true,"href":"https:\/\/staging.nbg.eu\/pl\/wp-json\/wp\/v2\/media\/115958"}],"wp:attachment":[{"href":"https:\/\/staging.nbg.eu\/pl\/wp-json\/wp\/v2\/media?parent=140982"}],"wp:term":[{"taxonomy":"product_brand","embeddable":true,"href":"https:\/\/staging.nbg.eu\/pl\/wp-json\/wp\/v2\/product_brand?post=140982"},{"taxonomy":"product_cat","embeddable":true,"href":"https:\/\/staging.nbg.eu\/pl\/wp-json\/wp\/v2\/product_cat?post=140982"},{"taxonomy":"product_tag","embeddable":true,"href":"https:\/\/staging.nbg.eu\/pl\/wp-json\/wp\/v2\/product_tag?post=140982"}],"curies":[{"name":"wp","href":"https:\/\/api.w.org\/{rel}","templated":true}]}}