{"id":140875,"date":"2025-01-04T07:33:44","date_gmt":"2025-01-10T19:01:54","guid":{"rendered":"https:\/\/staging.nbg.eu\/product\/area-419-arcalock-qd-clamp\/"},"modified":"2025-01-10T19:03:41","modified_gmt":"2025-01-10T19:03:41","slug":"area-419-arcalock-zacisk-qd","status":"publish","type":"product","link":"https:\/\/staging.nbg.eu\/pl\/produkt\/area-419-arcalock-zacisk-qd\/","title":{"rendered":"Area 419 &#8211; ARCALOCK Zacisk QD"},"content":{"rendered":"<div class=\"product-description\">\n<h2>Area 419 &#8211; Zacisk ARCALOCK QD<\/h2>\n<p>Zacisk Area 419 ARCALOCK QD dzia\u0142a na wszystkich standardowych szynach ARCA\/1,5&#8243;, oferuj\u0105c mechanicznie blokowane rozwi\u0105zanie dla zwi\u0119kszonej stabilno\u015bci.<\/p>\n<ul>\n<li>Dwustopniowa konstrukcja \u015bruby do szybkiego ruchu i dodatkowego momentu obrotowego<\/li>\n<li>Kompatybilny z dw\u00f3jnogami Atlas i adaptowany do dw\u00f3jnog\u00f3w Harris<\/li>\n<li>Wstecznie kompatybilny ze standardowymi szynami ARCA<\/li>\n<li>Wykonany z aluminium 6061-T6 z czarnym anodowaniem typu III<\/li>\n<li>\u015aruba ze stali nierdzewnej 303 dla trwa\u0142o\u015bci<\/li>\n<li>Lekki, wa\u017cy tylko 72,5 gram\u00f3w<\/li>\n<\/ul>\n<p>Zacisk ARCALOCK QD jest zaprojektowany i wyprodukowany w USA przez Area 419.<\/p>\n<\/div>\n","protected":false},"excerpt":{"rendered":"<p>Szybko od\u0142\u0105czany zacisk ARCA z mechanizmem blokuj\u0105cym zapewniaj\u0105cym bezpieczne mocowanie.<\/p>\n","protected":false},"featured_media":115501,"template":"","meta":{"_acf_changed":false},"product_brand":[11047],"product_cat":[12623,12571,390],"product_tag":[],"class_list":{"0":"post-140875","1":"product","2":"type-product","3":"status-publish","4":"has-post-thumbnail","6":"product_brand-area-419","7":"product_cat-karabin","8":"product_cat-szyny","9":"product_cat-aiming","11":"first","12":"instock","13":"taxable","14":"shipping-taxable","15":"purchasable","16":"product-type-simple"},"acf":[],"_links":{"self":[{"href":"https:\/\/staging.nbg.eu\/pl\/wp-json\/wp\/v2\/product\/140875","targetHints":{"allow":["GET"]}}],"collection":[{"href":"https:\/\/staging.nbg.eu\/pl\/wp-json\/wp\/v2\/product"}],"about":[{"href":"https:\/\/staging.nbg.eu\/pl\/wp-json\/wp\/v2\/types\/product"}],"wp:featuredmedia":[{"embeddable":true,"href":"https:\/\/staging.nbg.eu\/pl\/wp-json\/wp\/v2\/media\/115501"}],"wp:attachment":[{"href":"https:\/\/staging.nbg.eu\/pl\/wp-json\/wp\/v2\/media?parent=140875"}],"wp:term":[{"taxonomy":"product_brand","embeddable":true,"href":"https:\/\/staging.nbg.eu\/pl\/wp-json\/wp\/v2\/product_brand?post=140875"},{"taxonomy":"product_cat","embeddable":true,"href":"https:\/\/staging.nbg.eu\/pl\/wp-json\/wp\/v2\/product_cat?post=140875"},{"taxonomy":"product_tag","embeddable":true,"href":"https:\/\/staging.nbg.eu\/pl\/wp-json\/wp\/v2\/product_tag?post=140875"}],"curies":[{"name":"wp","href":"https:\/\/api.w.org\/{rel}","templated":true}]}}