{"id":140766,"date":"2025-01-04T10:50:43","date_gmt":"2025-01-04T10:50:43","guid":{"rendered":"https:\/\/staging.nbg.eu\/product\/area-419-mlok-nut-and-screw-set\/"},"modified":"2025-01-10T18:39:37","modified_gmt":"2025-01-10T18:39:37","slug":"area-419-mlok-zestaw-nakretek-i-srub","status":"publish","type":"product","link":"https:\/\/staging.nbg.eu\/pl\/produkt\/area-419-mlok-zestaw-nakretek-i-srub\/","title":{"rendered":"Area 419 &#8211; MLOK Zestaw Nakr\u0119tek i \u015arub"},"content":{"rendered":"<div class=\"product-description\">\n<h2>Area 419 &#8211; Zestaw nakr\u0119tek i \u015brub MLOK<\/h2>\n<p>Zestaw sprz\u0119tu Area 419 MLOK do akcesori\u00f3w M-LOK. Ten zestaw zapewnia bezpieczne mocowanie dla kompatybilnych akcesori\u00f3w M-LOK.<\/p>\n<h3>G\u0142\u00f3wne cechy:<\/h3>\n<ul>\n<li>Zawiera 4 nakr\u0119tki MLOK i 4 \u015bruby<\/li>\n<li>Wykonane ze stali 4140 Chromoly<\/li>\n<li>Wyko\u0144czenie fosforanem manganu zgodne z Mil-Spec dla odporno\u015bci na korozj\u0119<\/li>\n<li>Kompatybilne ze wszystkimi akcesoriami M-LOK<\/li>\n<li>Zaprojektowane dla optymalnego dopasowania i funkcjonalno\u015bci<\/li>\n<\/ul>\n<h3>Specyfikacje:<\/h3>\n<ul>\n<li>Waga: 0,045 kg<\/li>\n<li>Wymiary: 0,76 \u00d7 0,76 \u00d7 0,76 cm<\/li>\n<\/ul>\n<p>Zestaw nakr\u0119tek T M-LOK do mocowania akcesori\u00f3w. Produkt marki Area 419.<\/p>\n<\/div>\n","protected":false},"excerpt":{"rendered":"<p>Zestaw akcesori\u00f3w M-LOK ze stali 4140: 4 nakr\u0119tki, 4 \u015bruby. Wyko\u0144czenie zgodne ze standardem wojskowym.<\/p>\n","protected":false},"featured_media":117746,"template":"","meta":{"_acf_changed":false},"product_brand":[11047],"product_cat":[12623,12571],"product_tag":[],"class_list":{"0":"post-140766","1":"product","2":"type-product","3":"status-publish","4":"has-post-thumbnail","6":"product_brand-area-419","7":"product_cat-karabin","8":"product_cat-szyny","10":"first","11":"instock","12":"taxable","13":"shipping-taxable","14":"purchasable","15":"product-type-simple"},"acf":[],"_links":{"self":[{"href":"https:\/\/staging.nbg.eu\/pl\/wp-json\/wp\/v2\/product\/140766","targetHints":{"allow":["GET"]}}],"collection":[{"href":"https:\/\/staging.nbg.eu\/pl\/wp-json\/wp\/v2\/product"}],"about":[{"href":"https:\/\/staging.nbg.eu\/pl\/wp-json\/wp\/v2\/types\/product"}],"wp:featuredmedia":[{"embeddable":true,"href":"https:\/\/staging.nbg.eu\/pl\/wp-json\/wp\/v2\/media\/117746"}],"wp:attachment":[{"href":"https:\/\/staging.nbg.eu\/pl\/wp-json\/wp\/v2\/media?parent=140766"}],"wp:term":[{"taxonomy":"product_brand","embeddable":true,"href":"https:\/\/staging.nbg.eu\/pl\/wp-json\/wp\/v2\/product_brand?post=140766"},{"taxonomy":"product_cat","embeddable":true,"href":"https:\/\/staging.nbg.eu\/pl\/wp-json\/wp\/v2\/product_cat?post=140766"},{"taxonomy":"product_tag","embeddable":true,"href":"https:\/\/staging.nbg.eu\/pl\/wp-json\/wp\/v2\/product_tag?post=140766"}],"curies":[{"name":"wp","href":"https:\/\/api.w.org\/{rel}","templated":true}]}}