{"id":140592,"date":"2025-01-04T07:09:46","date_gmt":"2025-01-10T17:49:12","guid":{"rendered":"https:\/\/staging.nbg.eu\/product\/area-419-arcalock-arm-for-garmin-xero\/"},"modified":"2025-01-10T17:51:08","modified_gmt":"2025-01-10T17:51:08","slug":"area-419-arcalock-ramie-do-garmin-xero","status":"publish","type":"product","link":"https:\/\/staging.nbg.eu\/pl\/produkt\/area-419-arcalock-ramie-do-garmin-xero\/","title":{"rendered":"Area 419 &#8211; ARCALOCK Rami\u0119 do Garmin Xero"},"content":{"rendered":"<div class=\"product-description\">\n<h2>Area 419 &#8211; Rami\u0119 ARCALOCK do Garmin Xero C1<\/h2>\n<p>Rami\u0119 ARCALOCK pozwala na r\u00f3\u017cne opcje monta\u017cu Garmin Xero C1:<\/p>\n<ul>\n<li>W linii z luf\u0105 (monta\u017c na szynie lub z boku)<\/li>\n<li>Odsuni\u0119te przy u\u017cyciu szyny ARCA lub przed\u0142u\u017conej szyny picatinny<\/li>\n<li>Od\u0142\u0105czane do u\u017cycia na dowolnym statywie kompatybilnym z ARCA<\/li>\n<\/ul>\n<p>Rami\u0119 wykonane z aluminium, posiada wz\u00f3r monta\u017cowy 17S kompatybilny z naszymi zaciskami Arcalock lub d\u017awigni\u0105 QD picatinny. Przeznaczone do u\u017cytku z chronografem Garmin Xero C1.<\/p>\n<h3>Specyfikacje:<\/h3>\n<ul>\n<li>Waga: 0,45 kg<\/li>\n<li>Wymiary: 15,24 cm \u00d7 10,16 cm \u00d7 2,54 cm<\/li>\n<\/ul>\n<\/div>\n","protected":false},"excerpt":{"rendered":"<p>Uniwersalny uchwyt do Garmin Xero C1: Kompatybilny z luf\u0105, szyn\u0105 lub statywem.<\/p>\n","protected":false},"featured_media":114889,"template":"","meta":{"_acf_changed":false},"product_brand":[11047],"product_cat":[12623,12571],"product_tag":[],"class_list":{"0":"post-140592","1":"product","2":"type-product","3":"status-publish","4":"has-post-thumbnail","6":"product_brand-area-419","7":"product_cat-karabin","8":"product_cat-szyny","10":"first","11":"instock","12":"taxable","13":"shipping-taxable","14":"purchasable","15":"product-type-variable","16":"wvs-archive-product-wrapper"},"acf":[],"_links":{"self":[{"href":"https:\/\/staging.nbg.eu\/pl\/wp-json\/wp\/v2\/product\/140592","targetHints":{"allow":["GET"]}}],"collection":[{"href":"https:\/\/staging.nbg.eu\/pl\/wp-json\/wp\/v2\/product"}],"about":[{"href":"https:\/\/staging.nbg.eu\/pl\/wp-json\/wp\/v2\/types\/product"}],"wp:featuredmedia":[{"embeddable":true,"href":"https:\/\/staging.nbg.eu\/pl\/wp-json\/wp\/v2\/media\/114889"}],"wp:attachment":[{"href":"https:\/\/staging.nbg.eu\/pl\/wp-json\/wp\/v2\/media?parent=140592"}],"wp:term":[{"taxonomy":"product_brand","embeddable":true,"href":"https:\/\/staging.nbg.eu\/pl\/wp-json\/wp\/v2\/product_brand?post=140592"},{"taxonomy":"product_cat","embeddable":true,"href":"https:\/\/staging.nbg.eu\/pl\/wp-json\/wp\/v2\/product_cat?post=140592"},{"taxonomy":"product_tag","embeddable":true,"href":"https:\/\/staging.nbg.eu\/pl\/wp-json\/wp\/v2\/product_tag?post=140592"}],"curies":[{"name":"wp","href":"https:\/\/api.w.org\/{rel}","templated":true}]}}