{"id":140171,"date":"2025-01-04T04:53:09","date_gmt":"2025-01-10T14:01:13","guid":{"rendered":"https:\/\/staging.nbg.eu\/product\/area-419-arcalock-12-universal-dovetail-rail\/"},"modified":"2025-01-10T14:02:54","modified_gmt":"2025-01-10T14:02:54","slug":"area-419-szyna-jaskolczy-ogon-uniwersalna-arcalock-12","status":"publish","type":"product","link":"https:\/\/staging.nbg.eu\/pl\/produkt\/area-419-szyna-jaskolczy-ogon-uniwersalna-arcalock-12\/","title":{"rendered":"Area 419 &#8211; szyna jask\u00f3\u0142czy ogon uniwersalna ARCALOCK 12&#8243;"},"content":{"rendered":"<div class=\"product-description\">\n<h2>Area 419 &#8211; ARCALOCK 12&#8243; Uniwersalna Szyna Jask\u00f3\u0142czy Ogon<\/h2>\n<p>Szyna ARCALOCK 12&#8243; Uniwersalna Jask\u00f3\u0142czy Ogon od Area 419 posiada nast\u0119puj\u0105ce cechy:<\/p>\n<ul>\n<li>Z\u0105bkowane boki do mechanicznego blokowania z zaciskami Area 419<\/li>\n<li>Kompatybilno\u015b\u0107 wsteczna ze standardowymi akcesoriami Arca<\/li>\n<li>D\u0142ugo\u015b\u0107 12&#8243;<\/li>\n<li>Waga 4,1 uncji<\/li>\n<li>Kompatybilno\u015b\u0107 ze standardem RRS 1,5&#8243; Jask\u00f3\u0142czy Ogon<\/li>\n<li>Zaokr\u0105glone kraw\u0119dzie<\/li>\n<li>Wiele punkt\u00f3w mocowania<\/li>\n<li>Konstrukcja z aluminium 6061-T6 z anodowaniem typu 3<\/li>\n<li>Wyprodukowano w USA<\/li>\n<\/ul>\n<p>System szyn ARCALOCK. Sprz\u0119t MLOK nie jest do\u0142\u0105czony.<\/p>\n<\/div>\n","protected":false},"excerpt":{"rendered":"<p>Blokuj\u0105ca szyna ARCA 12&#8243; do karabin\u00f3w precyzyjnych. Osprz\u0119t MLOK nie jest do\u0142\u0105czony.<\/p>\n","protected":false},"featured_media":114656,"template":"","meta":{"_acf_changed":false},"product_brand":[11047],"product_cat":[12623,12571,390],"product_tag":[],"class_list":{"0":"post-140171","1":"product","2":"type-product","3":"status-publish","4":"has-post-thumbnail","6":"product_brand-area-419","7":"product_cat-karabin","8":"product_cat-szyny","9":"product_cat-aiming","11":"first","12":"instock","13":"taxable","14":"shipping-taxable","15":"purchasable","16":"product-type-simple"},"acf":[],"_links":{"self":[{"href":"https:\/\/staging.nbg.eu\/pl\/wp-json\/wp\/v2\/product\/140171","targetHints":{"allow":["GET"]}}],"collection":[{"href":"https:\/\/staging.nbg.eu\/pl\/wp-json\/wp\/v2\/product"}],"about":[{"href":"https:\/\/staging.nbg.eu\/pl\/wp-json\/wp\/v2\/types\/product"}],"wp:featuredmedia":[{"embeddable":true,"href":"https:\/\/staging.nbg.eu\/pl\/wp-json\/wp\/v2\/media\/114656"}],"wp:attachment":[{"href":"https:\/\/staging.nbg.eu\/pl\/wp-json\/wp\/v2\/media?parent=140171"}],"wp:term":[{"taxonomy":"product_brand","embeddable":true,"href":"https:\/\/staging.nbg.eu\/pl\/wp-json\/wp\/v2\/product_brand?post=140171"},{"taxonomy":"product_cat","embeddable":true,"href":"https:\/\/staging.nbg.eu\/pl\/wp-json\/wp\/v2\/product_cat?post=140171"},{"taxonomy":"product_tag","embeddable":true,"href":"https:\/\/staging.nbg.eu\/pl\/wp-json\/wp\/v2\/product_tag?post=140171"}],"curies":[{"name":"wp","href":"https:\/\/api.w.org\/{rel}","templated":true}]}}