{"id":140059,"date":"2025-01-04T08:32:04","date_gmt":"2025-01-10T13:42:39","guid":{"rendered":"https:\/\/staging.nbg.eu\/product\/area-419-arcalock-17-universal-dovetail-rail\/"},"modified":"2025-01-10T13:44:24","modified_gmt":"2025-01-10T13:44:24","slug":"area-419-szyna-jaskolczy-ogon-uniwersalna-arcalock-17","status":"publish","type":"product","link":"https:\/\/staging.nbg.eu\/pl\/produkt\/area-419-szyna-jaskolczy-ogon-uniwersalna-arcalock-17\/","title":{"rendered":"Area 419 &#8211; szyna jask\u00f3\u0142czy ogon uniwersalna ARCALOCK 17&#8243;"},"content":{"rendered":"<div class=\"product-description\">\n<h2>Area 419 &#8211; ARCALOCK 17&#8243; Uniwersalna Szyna Jask\u00f3\u0142czy Ogon<\/h2>\n<p>Szyna ARCALOCK Jask\u00f3\u0142czy Ogon o d\u0142ugo\u015bci 17&#8243;. Cechy:<\/p>\n<ul>\n<li>Z\u0105bkowane boki do mechanicznego blokowania z zaciskami Area 419<\/li>\n<li>Kompatybilno\u015b\u0107 wsteczna ze standardowymi akcesoriami Arca<\/li>\n<li>Zgodno\u015b\u0107 ze standardem RRS 1.5&#8243; Jask\u00f3\u0142czy Ogon<\/li>\n<li>Fazowane kraw\u0119dzie<\/li>\n<li>Wiele punkt\u00f3w mocowania<\/li>\n<li>Aluminium 6061-T6 z anodowaniem twardym typu 3<\/li>\n<li>Wyprodukowano w USA z krajowych materia\u0142\u00f3w<\/li>\n<\/ul>\n<p>W zestawie wyd\u0142u\u017cona \u015bruba akcji w stylu Remington 700 i osprz\u0119t monta\u017cowy.<\/p>\n<p><em>Uwaga: Tylny sta\u0142y ogranicznik barykadowy i osprz\u0119t MLOK nie s\u0105 do\u0142\u0105czone.<\/em><\/p>\n<\/div>\n","protected":false},"excerpt":{"rendered":"<p>&#8220;Blokuj\u0105ca szyna ARCA do karabin\u00f3w precyzyjnych. 17-calowa, wykonana w USA z aluminium.&#8221;<\/p>\n","protected":false},"featured_media":116054,"template":"","meta":{"_acf_changed":false},"product_brand":[11047],"product_cat":[12623,12571,390],"product_tag":[],"class_list":{"0":"post-140059","1":"product","2":"type-product","3":"status-publish","4":"has-post-thumbnail","6":"product_brand-area-419","7":"product_cat-karabin","8":"product_cat-szyny","9":"product_cat-aiming","11":"first","12":"instock","13":"taxable","14":"shipping-taxable","15":"purchasable","16":"product-type-simple"},"acf":[],"_links":{"self":[{"href":"https:\/\/staging.nbg.eu\/pl\/wp-json\/wp\/v2\/product\/140059","targetHints":{"allow":["GET"]}}],"collection":[{"href":"https:\/\/staging.nbg.eu\/pl\/wp-json\/wp\/v2\/product"}],"about":[{"href":"https:\/\/staging.nbg.eu\/pl\/wp-json\/wp\/v2\/types\/product"}],"wp:featuredmedia":[{"embeddable":true,"href":"https:\/\/staging.nbg.eu\/pl\/wp-json\/wp\/v2\/media\/116054"}],"wp:attachment":[{"href":"https:\/\/staging.nbg.eu\/pl\/wp-json\/wp\/v2\/media?parent=140059"}],"wp:term":[{"taxonomy":"product_brand","embeddable":true,"href":"https:\/\/staging.nbg.eu\/pl\/wp-json\/wp\/v2\/product_brand?post=140059"},{"taxonomy":"product_cat","embeddable":true,"href":"https:\/\/staging.nbg.eu\/pl\/wp-json\/wp\/v2\/product_cat?post=140059"},{"taxonomy":"product_tag","embeddable":true,"href":"https:\/\/staging.nbg.eu\/pl\/wp-json\/wp\/v2\/product_tag?post=140059"}],"curies":[{"name":"wp","href":"https:\/\/api.w.org\/{rel}","templated":true}]}}