{"id":139882,"date":"2025-01-04T06:50:31","date_gmt":"2025-01-10T13:08:46","guid":{"rendered":"https:\/\/staging.nbg.eu\/product\/area-419-arcalock-6-m-lok-dovetail-rail\/"},"modified":"2025-01-10T13:10:40","modified_gmt":"2025-01-10T13:10:40","slug":"area-419-szyna-jaskolczy-ogon-arcalock-6-m-lok","status":"publish","type":"product","link":"https:\/\/staging.nbg.eu\/pl\/produkt\/area-419-szyna-jaskolczy-ogon-arcalock-6-m-lok\/","title":{"rendered":"Area 419 &#8211; szyna jask\u00f3\u0142czy ogon ARCALOCK 6&#8243; M-LOK"},"content":{"rendered":"<div class=\"product-description\">\n<h2>Area 419 &#8211; Szyna ARCALOCK 6&#8243; M-LOK typu Dovetail<\/h2>\n<p><strong>Uwaga: Wymaga 3 kolejnych gniazd M-LOK do monta\u017cu.<\/strong><\/p>\n<p>Szyna ARCALOCK Dovetail o d\u0142ugo\u015bci 6&#8243; posiada nast\u0119puj\u0105ce cechy:<\/p>\n<ul>\n<li>Z\u0105bkowane boki do mechanicznego blokowania z zaciskami Area 419<\/li>\n<li>Kompatybilno\u015b\u0107 ze standardowymi akcesoriami ARCA<\/li>\n<li>Lekka konstrukcja o wadze 2,2 uncji<\/li>\n<li>Zgodno\u015b\u0107 ze standardem RRS 1,5&#8243; Dovetail<\/li>\n<li>Fazowane kraw\u0119dzie i zaokr\u0105glone naro\u017cniki<\/li>\n<li>Wykonana z aluminium 6061-T6 z anodowaniem typu 3 Hard Coat<\/li>\n<li>Wyprodukowana w USA z krajowych materia\u0142\u00f3w<\/li>\n<\/ul>\n<p>W zestawie wszystkie niezb\u0119dne elementy monta\u017cowe M-LOK.<\/p>\n<\/div>\n","protected":false},"excerpt":{"rendered":"<p>Bezpieczna 6-calowa szyna M-LOK typu jask\u00f3\u0142czy ogon z blokuj\u0105cymi naci\u0119ciami. Wyprodukowana w USA.<\/p>\n","protected":false},"featured_media":114269,"template":"","meta":{"_acf_changed":false},"product_brand":[11047],"product_cat":[12623,12571],"product_tag":[],"class_list":{"0":"post-139882","1":"product","2":"type-product","3":"status-publish","4":"has-post-thumbnail","6":"product_brand-area-419","7":"product_cat-karabin","8":"product_cat-szyny","10":"first","11":"instock","12":"taxable","13":"shipping-taxable","14":"purchasable","15":"product-type-variable","16":"wvs-archive-product-wrapper"},"acf":[],"_links":{"self":[{"href":"https:\/\/staging.nbg.eu\/pl\/wp-json\/wp\/v2\/product\/139882","targetHints":{"allow":["GET"]}}],"collection":[{"href":"https:\/\/staging.nbg.eu\/pl\/wp-json\/wp\/v2\/product"}],"about":[{"href":"https:\/\/staging.nbg.eu\/pl\/wp-json\/wp\/v2\/types\/product"}],"wp:featuredmedia":[{"embeddable":true,"href":"https:\/\/staging.nbg.eu\/pl\/wp-json\/wp\/v2\/media\/114269"}],"wp:attachment":[{"href":"https:\/\/staging.nbg.eu\/pl\/wp-json\/wp\/v2\/media?parent=139882"}],"wp:term":[{"taxonomy":"product_brand","embeddable":true,"href":"https:\/\/staging.nbg.eu\/pl\/wp-json\/wp\/v2\/product_brand?post=139882"},{"taxonomy":"product_cat","embeddable":true,"href":"https:\/\/staging.nbg.eu\/pl\/wp-json\/wp\/v2\/product_cat?post=139882"},{"taxonomy":"product_tag","embeddable":true,"href":"https:\/\/staging.nbg.eu\/pl\/wp-json\/wp\/v2\/product_tag?post=139882"}],"curies":[{"name":"wp","href":"https:\/\/api.w.org\/{rel}","templated":true}]}}