{"id":139609,"date":"2025-01-04T11:00:05","date_gmt":"2025-01-10T12:07:28","guid":{"rendered":"https:\/\/staging.nbg.eu\/product\/area-419-improved-bipod-picatinny-rail-ibr\/"},"modified":"2025-01-10T12:30:31","modified_gmt":"2025-01-10T12:30:31","slug":"area-419-szyna-picatinny-do-dwojnogu-ulepszona-ibr","status":"publish","type":"product","link":"https:\/\/staging.nbg.eu\/pl\/produkt\/area-419-szyna-picatinny-do-dwojnogu-ulepszona-ibr\/","title":{"rendered":"Area 419 &#8211; szyna Picatinny do dw\u00f3jnogu ulepszona (IBR)"},"content":{"rendered":"<div class=\"product-description\">\n<h2>Area 419 &#8211; Ulepszona Szyna Picatinny do Dw\u00f3jnogu (IBR)<\/h2>\n<p>Szyna Area 419 IBR o d\u0142ugo\u015bci 4,8 cala ma 10 szczelin, oferuj\u0105c 43% wi\u0119cej mo\u017cliwo\u015bci ni\u017c konkurencja. Wa\u017cy 1,09 uncji.<\/p>\n<ul>\n<li>Precyzyjnie obrobiona z zaokr\u0105glonymi naro\u017cnikami i fazowanymi kraw\u0119dziami<\/li>\n<li>Dostosowana do rozstawu otwor\u00f3w \u015brub od 1,5&#8243; do 3,475&#8243;<\/li>\n<li>Pe\u0142nowymiarowy wyst\u0119p do mocowa\u0144 dw\u00f3jnog\u00f3w typu Larue<\/li>\n<li>Wszystkie szczeliny s\u0105 u\u017cyteczne niezale\u017cnie od umiejscowienia \u015brub<\/li>\n<li>Wykonana z aluminium 7075-T651 dla wytrzyma\u0142o\u015bci i lekko\u015bci<\/li>\n<li>Wyprodukowana w USA z ameryka\u0144skich materia\u0142\u00f3w<\/li>\n<li>Zawiera elementy monta\u017cowe<\/li>\n<\/ul>\n<p>Area 419 IBR oferuje wysok\u0105 jako\u015b\u0107 i funkcjonalno\u015b\u0107.<\/p>\n<\/div>\n","protected":false},"excerpt":{"rendered":"<p>IBR Area 419: Lekka, wytrzyma\u0142a szyna do dw\u00f3jnogu z 10 gniazdami.<\/p>\n","protected":false},"featured_media":118182,"template":"","meta":{"_acf_changed":false},"product_brand":[11047],"product_cat":[12623,12571],"product_tag":[],"class_list":{"0":"post-139609","1":"product","2":"type-product","3":"status-publish","4":"has-post-thumbnail","6":"product_brand-area-419","7":"product_cat-karabin","8":"product_cat-szyny","10":"first","11":"instock","12":"taxable","13":"shipping-taxable","14":"purchasable","15":"product-type-variable","16":"wvs-archive-product-wrapper"},"acf":[],"_links":{"self":[{"href":"https:\/\/staging.nbg.eu\/pl\/wp-json\/wp\/v2\/product\/139609","targetHints":{"allow":["GET"]}}],"collection":[{"href":"https:\/\/staging.nbg.eu\/pl\/wp-json\/wp\/v2\/product"}],"about":[{"href":"https:\/\/staging.nbg.eu\/pl\/wp-json\/wp\/v2\/types\/product"}],"wp:featuredmedia":[{"embeddable":true,"href":"https:\/\/staging.nbg.eu\/pl\/wp-json\/wp\/v2\/media\/118182"}],"wp:attachment":[{"href":"https:\/\/staging.nbg.eu\/pl\/wp-json\/wp\/v2\/media?parent=139609"}],"wp:term":[{"taxonomy":"product_brand","embeddable":true,"href":"https:\/\/staging.nbg.eu\/pl\/wp-json\/wp\/v2\/product_brand?post=139609"},{"taxonomy":"product_cat","embeddable":true,"href":"https:\/\/staging.nbg.eu\/pl\/wp-json\/wp\/v2\/product_cat?post=139609"},{"taxonomy":"product_tag","embeddable":true,"href":"https:\/\/staging.nbg.eu\/pl\/wp-json\/wp\/v2\/product_tag?post=139609"}],"curies":[{"name":"wp","href":"https:\/\/api.w.org\/{rel}","templated":true}]}}