{"id":139195,"date":"2025-01-04T11:14:34","date_gmt":"2025-01-04T11:14:34","guid":{"rendered":"https:\/\/staging.nbg.eu\/product\/fixed-scope-level-for-area-419-rings-and-mounts\/"},"modified":"2025-01-10T10:28:20","modified_gmt":"2025-01-10T10:28:20","slug":"poziomnica-stala-do-pierscieni-i-montazy-area-419","status":"publish","type":"product","link":"https:\/\/staging.nbg.eu\/pl\/produkt\/poziomnica-stala-do-pierscieni-i-montazy-area-419\/","title":{"rendered":"Poziomnica sta\u0142a do pier\u015bcieni i monta\u017cy Area 419"},"content":{"rendered":"<div class=\"product-description\">\n<h2>Poziomica do lunet dla pier\u015bcieni i mocowa\u0144 Area 419<\/h2>\n<p>Nasza sta\u0142a poziomica do lunet oferuje nast\u0119puj\u0105ce cechy:<\/p>\n<ul>\n<li>Dobrze widoczna fiolka do \u0142atwego odczytu<\/li>\n<li>Uniwersalny projekt kompatybilny z wieloma punktami mocowania<\/li>\n<li>Wykonana z wytrzyma\u0142ego aluminium 6061<\/li>\n<li>Wyprodukowana w Ameryce<\/li>\n<\/ul>\n<p>Przeznaczona dla strzelc\u00f3w wymagaj\u0105cych dok\u0142adno\u015bci. Mo\u017cna j\u0105 zamontowa\u0107 do naszych pier\u015bcieni i mocowa\u0144 wed\u0142ug preferencji.<\/p>\n<h3>Specyfikacja:<\/h3>\n<ul>\n<li>Waga: 0,23 kg<\/li>\n<li>Wymiary: 15,24 \u00d7 10,16 \u00d7 2,54 cm<\/li>\n<\/ul>\n<p>Nasza sta\u0142a poziomica do lunet \u0142\u0105czy prostot\u0119 z precyzj\u0105.<\/p>\n<\/div>\n","protected":false},"excerpt":{"rendered":"<p>&#8220;Widoczny, powtarzalny poziom lunetki. Wykonany w USA z aluminium. Wszechstronne mocowanie.&#8221;<\/p>\n","protected":false},"featured_media":118927,"template":"","meta":{"_acf_changed":false},"product_brand":[11047],"product_cat":[12556,12599],"product_tag":[],"class_list":{"0":"post-139195","1":"product","2":"type-product","3":"status-publish","4":"has-post-thumbnail","6":"product_brand-area-419","7":"product_cat-akcesoria-celownicze","8":"product_cat-celownictwo","10":"first","11":"instock","12":"taxable","13":"shipping-taxable","14":"purchasable","15":"product-type-simple"},"acf":[],"_links":{"self":[{"href":"https:\/\/staging.nbg.eu\/pl\/wp-json\/wp\/v2\/product\/139195","targetHints":{"allow":["GET"]}}],"collection":[{"href":"https:\/\/staging.nbg.eu\/pl\/wp-json\/wp\/v2\/product"}],"about":[{"href":"https:\/\/staging.nbg.eu\/pl\/wp-json\/wp\/v2\/types\/product"}],"wp:featuredmedia":[{"embeddable":true,"href":"https:\/\/staging.nbg.eu\/pl\/wp-json\/wp\/v2\/media\/118927"}],"wp:attachment":[{"href":"https:\/\/staging.nbg.eu\/pl\/wp-json\/wp\/v2\/media?parent=139195"}],"wp:term":[{"taxonomy":"product_brand","embeddable":true,"href":"https:\/\/staging.nbg.eu\/pl\/wp-json\/wp\/v2\/product_brand?post=139195"},{"taxonomy":"product_cat","embeddable":true,"href":"https:\/\/staging.nbg.eu\/pl\/wp-json\/wp\/v2\/product_cat?post=139195"},{"taxonomy":"product_tag","embeddable":true,"href":"https:\/\/staging.nbg.eu\/pl\/wp-json\/wp\/v2\/product_tag?post=139195"}],"curies":[{"name":"wp","href":"https:\/\/api.w.org\/{rel}","templated":true}]}}