{"id":139088,"date":"2025-01-04T11:21:50","date_gmt":"2025-01-04T11:21:50","guid":{"rendered":"https:\/\/staging.nbg.eu\/product\/area-419-master-funnel-kit\/"},"modified":"2025-01-10T10:22:59","modified_gmt":"2025-01-10T10:22:59","slug":"area-419-zestaw-lejkow-master","status":"publish","type":"product","link":"https:\/\/staging.nbg.eu\/pl\/produkt\/area-419-zestaw-lejkow-master\/","title":{"rendered":"Area 419 &#8211; zestaw lejk\u00f3w Master"},"content":{"rendered":"<h2>Area 419 &#8211; Zestaw lejk\u00f3w<\/h2>\n<p>Zestaw Area 419 zawiera:<\/p>\n<ul>\n<li>1 korpus lejka<\/li>\n<li>6 ko\u0144c\u00f3wek dla r\u00f3\u017cnych kalibr\u00f3w (22 cal, 6mm\/243, 6.5mm\/264, 7mm\/284, 30 cal, 338 cal)<\/li>\n<li>1 blok do przechowywania<\/li>\n<\/ul>\n<p>Wykonany z aluminium 6061-T6, lejek redukuje elektryczno\u015b\u0107 statyczn\u0105 i zapewnia przep\u0142yw proch\u00f3w. Wymienne ko\u0144c\u00f3wki pasuj\u0105 do r\u00f3\u017cnych kalibr\u00f3w. Cechy produktu:<\/p>\n<ul>\n<li>\u017b\u0142obione wn\u0119trze dla lepszego przep\u0142ywu proch\u00f3w<\/li>\n<li>Uchwyty dla \u0142atwego trzymania<\/li>\n<li>G\u0142adkie powierzchnie zapobiegaj\u0105ce przywieraniu proch\u00f3w<\/li>\n<\/ul>\n<p>Wyprodukowano w USA.<\/p>\n","protected":false},"excerpt":{"rendered":"<p>Zestaw Master Funnel Kit od Area 419: Precyzyjne prze\u0142adowanie z 6 g\u0142owicami kalibrowanymi.<\/p>\n","protected":false},"featured_media":119071,"template":"","meta":{"_acf_changed":false},"product_brand":[11047],"product_cat":[12573,12619],"product_tag":[],"class_list":{"0":"post-139088","1":"product","2":"type-product","3":"status-publish","4":"has-post-thumbnail","6":"product_brand-area-419","7":"product_cat-akcesoria-do-przeladunku","8":"product_cat-przeladowywanie","10":"first","11":"instock","12":"taxable","13":"shipping-taxable","14":"purchasable","15":"product-type-simple"},"acf":[],"_links":{"self":[{"href":"https:\/\/staging.nbg.eu\/pl\/wp-json\/wp\/v2\/product\/139088","targetHints":{"allow":["GET"]}}],"collection":[{"href":"https:\/\/staging.nbg.eu\/pl\/wp-json\/wp\/v2\/product"}],"about":[{"href":"https:\/\/staging.nbg.eu\/pl\/wp-json\/wp\/v2\/types\/product"}],"wp:featuredmedia":[{"embeddable":true,"href":"https:\/\/staging.nbg.eu\/pl\/wp-json\/wp\/v2\/media\/119071"}],"wp:attachment":[{"href":"https:\/\/staging.nbg.eu\/pl\/wp-json\/wp\/v2\/media?parent=139088"}],"wp:term":[{"taxonomy":"product_brand","embeddable":true,"href":"https:\/\/staging.nbg.eu\/pl\/wp-json\/wp\/v2\/product_brand?post=139088"},{"taxonomy":"product_cat","embeddable":true,"href":"https:\/\/staging.nbg.eu\/pl\/wp-json\/wp\/v2\/product_cat?post=139088"},{"taxonomy":"product_tag","embeddable":true,"href":"https:\/\/staging.nbg.eu\/pl\/wp-json\/wp\/v2\/product_tag?post=139088"}],"curies":[{"name":"wp","href":"https:\/\/api.w.org\/{rel}","templated":true}]}}