{"id":138354,"date":"2025-01-04T04:14:08","date_gmt":"2025-01-09T20:35:07","guid":{"rendered":"https:\/\/staging.nbg.eu\/product\/area-419-remington-700-long-action-improved-scope-rail-isr-la\/"},"modified":"2025-01-09T20:37:18","modified_gmt":"2025-01-09T20:37:18","slug":"area-419-szyna-montazowa-remington-700-long-action-ulepszona-isr-la","status":"publish","type":"product","link":"https:\/\/staging.nbg.eu\/pl\/produkt\/area-419-szyna-montazowa-remington-700-long-action-ulepszona-isr-la\/","title":{"rendered":"Area 419 &#8211; szyna monta\u017cowa Remington 700 Long Action ulepszona (ISR-LA)"},"content":{"rendered":"<div class=\"product-description\">\n<h2>Area 419 &#8211; Szyna monta\u017cowa do lunety dla Remington 700 Long Action (ISR-LA)<\/h2>\n<p>Szyna monta\u017cowa Area 419 ISR-LA. Wykonana z aluminium 7075, posiada nast\u0119puj\u0105ce cechy:<\/p>\n<ul>\n<li>Zintegrowany wyst\u0119p oporowy<\/li>\n<li>Dost\u0119pna w wersjach z pe\u0142nymi szczelinami i ARC Top<\/li>\n<li>Kompatybilna ze \u015brubami #6 i #8<\/li>\n<li>K\u0105t 20 MOA<\/li>\n<li>Zgodna z MIL-STD-1913<\/li>\n<li>Anodowana na czarno (Typ III)<\/li>\n<\/ul>\n<p>W zestawie elementy monta\u017cowe i klucz Torx T10. Do wyboru wersja z pe\u0142nymi szczelinami lub ARC Top. Wymiary: 21 cm \u00d7 2,54 cm \u00d7 2,54 cm, Waga: 91 g.<\/p>\n<\/div>\n","protected":false},"excerpt":{"rendered":"<p>Precyzyjnie zaprojektowana szyna monta\u017cowa 20 MOA do lunety dla karabin\u00f3w Remington 700 LA.<\/p>\n","protected":false},"featured_media":111611,"template":"","meta":{"_acf_changed":false},"product_brand":[11047],"product_cat":[12623,12571],"product_tag":[],"class_list":{"0":"post-138354","1":"product","2":"type-product","3":"status-publish","4":"has-post-thumbnail","6":"product_brand-area-419","7":"product_cat-karabin","8":"product_cat-szyny","10":"first","11":"instock","12":"taxable","13":"shipping-taxable","14":"purchasable","15":"product-type-variable","16":"wvs-archive-product-wrapper"},"acf":[],"_links":{"self":[{"href":"https:\/\/staging.nbg.eu\/pl\/wp-json\/wp\/v2\/product\/138354","targetHints":{"allow":["GET"]}}],"collection":[{"href":"https:\/\/staging.nbg.eu\/pl\/wp-json\/wp\/v2\/product"}],"about":[{"href":"https:\/\/staging.nbg.eu\/pl\/wp-json\/wp\/v2\/types\/product"}],"wp:featuredmedia":[{"embeddable":true,"href":"https:\/\/staging.nbg.eu\/pl\/wp-json\/wp\/v2\/media\/111611"}],"wp:attachment":[{"href":"https:\/\/staging.nbg.eu\/pl\/wp-json\/wp\/v2\/media?parent=138354"}],"wp:term":[{"taxonomy":"product_brand","embeddable":true,"href":"https:\/\/staging.nbg.eu\/pl\/wp-json\/wp\/v2\/product_brand?post=138354"},{"taxonomy":"product_cat","embeddable":true,"href":"https:\/\/staging.nbg.eu\/pl\/wp-json\/wp\/v2\/product_cat?post=138354"},{"taxonomy":"product_tag","embeddable":true,"href":"https:\/\/staging.nbg.eu\/pl\/wp-json\/wp\/v2\/product_tag?post=138354"}],"curies":[{"name":"wp","href":"https:\/\/api.w.org\/{rel}","templated":true}]}}