{"id":137800,"date":"2025-01-04T10:53:28","date_gmt":"2025-01-04T10:53:28","guid":{"rendered":"https:\/\/staging.nbg.eu\/product\/area-419-harris-bipod-adapter\/"},"modified":"2025-01-09T15:58:29","modified_gmt":"2025-01-09T15:58:29","slug":"area-419-adapter-do-dwojnogu-harris","status":"publish","type":"product","link":"https:\/\/staging.nbg.eu\/pl\/produkt\/area-419-adapter-do-dwojnogu-harris\/","title":{"rendered":"Area 419 &#8211; adapter do dw\u00f3jnogu Harris"},"content":{"rendered":"<div class=\"product-description\">\n<h2>Area 419 &#8211; Adapter do dw\u00f3jnogu Harris<\/h2>\n<p>Adapter Area 419 do obrotowych dw\u00f3jnog\u00f3w Harris typu &#8222;S&#8221; (obrotowych). Ten adapter umo\u017cliwia monta\u017c dw\u00f3jnogu do baz zaciskowych ARCALOCK lub adapter\u00f3w szynowych do dw\u00f3jnog\u00f3w Atlas.<\/p>\n<ul>\n<li>Zast\u0119puje oryginaln\u0105 platform\u0119 monta\u017cow\u0105 na trzpie\u0144 obrotowy<\/li>\n<li>Kompatybilny z fabryczn\u0105 \u015brub\u0105 napinaj\u0105c\u0105 lub KMW Pod Loc<\/li>\n<li>Wykonany z aluminium 6061-T6<\/li>\n<li>Wyko\u0144czenie anodowane typu III w kolorze czarnym<\/li>\n<li>Waga: 0,2 funta<\/li>\n<li>Wymiary: 1,5 \u00d7 1,5 \u00d7 1,5 cala<\/li>\n<\/ul>\n<p><strong>Uwaga:<\/strong> Dw\u00f3jn\u00f3g i zacisk nie s\u0105 do\u0142\u0105czone. Nie jest kompatybilny z Barricade Stop.<\/p>\n<\/div>\n","protected":false},"excerpt":{"rendered":"<p>Dostosuj dw\u00f3jnogi obrotowe Harris do system\u00f3w szyn ARCALOCK lub Atlas.<\/p>\n","protected":false},"featured_media":117899,"template":"","meta":{"_acf_changed":false},"product_brand":[11047],"product_cat":[12616,12623,12571],"product_tag":[],"class_list":{"0":"post-137800","1":"product","2":"type-product","3":"status-publish","4":"has-post-thumbnail","6":"product_brand-area-419","7":"product_cat-dwojnogi","8":"product_cat-karabin","9":"product_cat-szyny","11":"first","12":"outofstock","13":"taxable","14":"shipping-taxable","15":"purchasable","16":"product-type-simple"},"acf":[],"_links":{"self":[{"href":"https:\/\/staging.nbg.eu\/pl\/wp-json\/wp\/v2\/product\/137800","targetHints":{"allow":["GET"]}}],"collection":[{"href":"https:\/\/staging.nbg.eu\/pl\/wp-json\/wp\/v2\/product"}],"about":[{"href":"https:\/\/staging.nbg.eu\/pl\/wp-json\/wp\/v2\/types\/product"}],"wp:featuredmedia":[{"embeddable":true,"href":"https:\/\/staging.nbg.eu\/pl\/wp-json\/wp\/v2\/media\/117899"}],"wp:attachment":[{"href":"https:\/\/staging.nbg.eu\/pl\/wp-json\/wp\/v2\/media?parent=137800"}],"wp:term":[{"taxonomy":"product_brand","embeddable":true,"href":"https:\/\/staging.nbg.eu\/pl\/wp-json\/wp\/v2\/product_brand?post=137800"},{"taxonomy":"product_cat","embeddable":true,"href":"https:\/\/staging.nbg.eu\/pl\/wp-json\/wp\/v2\/product_cat?post=137800"},{"taxonomy":"product_tag","embeddable":true,"href":"https:\/\/staging.nbg.eu\/pl\/wp-json\/wp\/v2\/product_tag?post=137800"}],"curies":[{"name":"wp","href":"https:\/\/api.w.org\/{rel}","templated":true}]}}