{"id":137434,"date":"2025-01-04T07:45:36","date_gmt":"2025-01-09T11:25:25","guid":{"rendered":"https:\/\/staging.nbg.eu\/product\/area-419-picatinny-1913-adapter-for-arcalock-clamps\/"},"modified":"2025-01-09T11:27:07","modified_gmt":"2025-01-09T11:27:07","slug":"area-419-adapter-picatinny1913-do-zaciskow-arcalock","status":"publish","type":"product","link":"https:\/\/staging.nbg.eu\/pl\/produkt\/area-419-adapter-picatinny1913-do-zaciskow-arcalock\/","title":{"rendered":"Area 419 &#8211; adapter Picatinny\/1913 do zacisk\u00f3w ARCALOCK"},"content":{"rendered":"<h2>Area 419 &#8211; Adapter Picatinny\/1913 do zacisk\u00f3w ARCALOCK<\/h2>\n<p>4-gniazdowy adapter szyny Picatinny, zaprojektowany do integracji z zaciskiem ARCALOCK. Adapter umo\u017cliwia u\u017cywanie dowolnej dw\u00f3jnogi kompatybilnej z Picatinny z istniej\u0105cym zestawem.<\/p>\n<h2>G\u0142\u00f3wne cechy:<\/h2>\n<ul>\n<li>Kompatybilny z modelami Atlas BT10 2-\u015brubowymi, Evo i innymi dw\u00f3jnogami kompatybilnymi z Picatinny<\/li>\n<li>Produkowany wewn\u0119trznie<\/li>\n<li>Zintegrowane gniazdo do mocowania pasa<\/li>\n<li>Lekka i kompaktowa konstrukcja<\/li>\n<\/ul>\n<h2>Specyfikacje:<\/h2>\n<ul>\n<li>Waga: 0,09 kg<\/li>\n<li>Wymiary: 5,08 cm \u00d7 1,27 cm \u00d7 1,27 cm<\/li>\n<li>Producent: B&amp;T Industries<\/li>\n<\/ul>\n<p>Adapter do zacisku ARCALOCK zwi\u0119ksza wszechstronno\u015b\u0107 zestawu strzeleckiego.<\/p>\n","protected":false},"excerpt":{"rendered":"<p>4-slotowa szyna pic do zacisku ARCALOCK, pasuje do dw\u00f3jnog\u00f3w Atlas i Evo.<\/p>\n","protected":false},"featured_media":115694,"template":"","meta":{"_acf_changed":false},"product_brand":[11047],"product_cat":[12623,12571,390],"product_tag":[],"class_list":{"0":"post-137434","1":"product","2":"type-product","3":"status-publish","4":"has-post-thumbnail","6":"product_brand-area-419","7":"product_cat-karabin","8":"product_cat-szyny","9":"product_cat-aiming","11":"first","12":"instock","13":"taxable","14":"shipping-taxable","15":"purchasable","16":"product-type-simple"},"acf":[],"_links":{"self":[{"href":"https:\/\/staging.nbg.eu\/pl\/wp-json\/wp\/v2\/product\/137434","targetHints":{"allow":["GET"]}}],"collection":[{"href":"https:\/\/staging.nbg.eu\/pl\/wp-json\/wp\/v2\/product"}],"about":[{"href":"https:\/\/staging.nbg.eu\/pl\/wp-json\/wp\/v2\/types\/product"}],"wp:featuredmedia":[{"embeddable":true,"href":"https:\/\/staging.nbg.eu\/pl\/wp-json\/wp\/v2\/media\/115694"}],"wp:attachment":[{"href":"https:\/\/staging.nbg.eu\/pl\/wp-json\/wp\/v2\/media?parent=137434"}],"wp:term":[{"taxonomy":"product_brand","embeddable":true,"href":"https:\/\/staging.nbg.eu\/pl\/wp-json\/wp\/v2\/product_brand?post=137434"},{"taxonomy":"product_cat","embeddable":true,"href":"https:\/\/staging.nbg.eu\/pl\/wp-json\/wp\/v2\/product_cat?post=137434"},{"taxonomy":"product_tag","embeddable":true,"href":"https:\/\/staging.nbg.eu\/pl\/wp-json\/wp\/v2\/product_tag?post=137434"}],"curies":[{"name":"wp","href":"https:\/\/api.w.org\/{rel}","templated":true}]}}