{"id":136810,"date":"2024-11-26T18:19:06","date_gmt":"2024-11-26T18:19:06","guid":{"rendered":"https:\/\/staging.nbg.eu\/product\/geissele-border-patrol-rifle-14-5-5-56mm-black\/"},"modified":"2025-01-09T09:53:41","modified_gmt":"2025-01-09T09:53:41","slug":"geissele-border-patrol-karabinek-145-556mm-czarny","status":"publish","type":"product","link":"https:\/\/staging.nbg.eu\/pl\/produkt\/geissele-border-patrol-karabinek-145-556mm-czarny\/","title":{"rendered":"Geissele Border Patrol karabinek, 14.5&#8243;, 5.56MM &#8211; czarny"},"content":{"rendered":"<div class=\"product-description\">\n<h2>Karabin Geissele Border Patrol, 14.5&#8243;, 5.56MM &#8211; Czarny<\/h2>\n<p>Karabin Geissele Border Patrol to w pe\u0142ni wyposa\u017cony karabin s\u0142u\u017cbowy zaprojektowany z my\u015bl\u0105 o niezawodno\u015bci i wydajno\u015bci. Ten prosty AR-15 oferuje lata niezawodnej s\u0142u\u017cby w trudnych warunkach.<\/p>\n<h2>G\u0142\u00f3wne cechy:<\/h2>\n<ul>\n<li>14.5&#8243; lufa kuta na zimno (CHF) z chromowanym przewodem<\/li>\n<li>Skok gwintu 1:7 i komora 5.56x45mm NATO<\/li>\n<li>System gazowy mid-length z blokiem gazowym ze stali nierdzewnej 17-4<\/li>\n<li>12.6&#8243; szyna MK20 Super Modular z gniazdami M-Lok<\/li>\n<li>G\u00f3rna i dolna komora odbiornika z kutego aluminium 7075 T6 Super Duty<\/li>\n<li>R\u0119koje\u015b\u0107 prze\u0142adowania Geissele Government do u\u017cytku obur\u0119cznego<\/li>\n<li>Bufor H2 i spr\u0119\u017cyna bufora z plecionego drutu dla zwi\u0119kszonej niezawodno\u015bci<\/li>\n<li>Spust ALG Defense Advanced Combat z pow\u0142ok\u0105 niklowo-boronow\u0105<\/li>\n<li>Geissele BCG i Bolt z pow\u0142ok\u0105 fosforanow\u0105 manganow\u0105<\/li>\n<li>Wyd\u0142u\u017cony t\u0142umik p\u0142omieni A2 (przynitowany i przyspawany)<\/li>\n<li>Kolba BCM Mod 0 i chwyt B5 z logo Geissele<\/li>\n<\/ul>\n<p>Zaprojektowany z my\u015bl\u0105 o lekkiej manewrowo\u015bci i solidnej niezawodno\u015bci, karabin Border Patrol jest odpowiedni dla os\u00f3b poszukuj\u0105cych niezawodnego karabinu s\u0142u\u017cbowego. Ka\u017cdy element zosta\u0142 starannie dobrany, aby zapewni\u0107 d\u0142ugotrwa\u0142e u\u017cytkowanie w trudnych warunkach.<\/p>\n<p><strong>Waga:<\/strong> Oko\u0142o 6.3 funt\u00f3w<br \/>\n  <strong>D\u0142ugo\u015b\u0107:<\/strong> 31&#8243; (z\u0142o\u017cony) &#8211; 34 1\/4&#8243; (roz\u0142o\u017cony)<\/p>\n<p><em>Uwaga: Ten karabin posiada trwale przynitowane i przyspawane urz\u0105dzenie wylotowe, aby spe\u0142ni\u0107 wymagania prawne dotycz\u0105ce d\u0142ugo\u015bci lufy. Modyfikacja mo\u017ce skutkowa\u0107 regulacjami NFA. Kupuj\u0105cy jest odpowiedzialny za przestrzeganie wszystkich obowi\u0105zuj\u0105cych przepis\u00f3w.<\/em><\/p>\n<\/div>\n","protected":false},"excerpt":{"rendered":"<p>Niezawodny karabin s\u0142u\u017cbowy 14,5&#8243; kalibru 5,56 mm z wysokiej jako\u015bci funkcjami do trudnych warunk\u00f3w.<\/p>\n","protected":false},"featured_media":191355,"template":"","meta":{"_acf_changed":false},"product_brand":[11392],"product_cat":[12623],"product_tag":[],"class_list":{"0":"post-136810","1":"product","2":"type-product","3":"status-publish","4":"has-post-thumbnail","6":"product_brand-geissele","7":"product_cat-karabin","9":"first","10":"instock","11":"taxable","12":"shipping-taxable","13":"product-type-simple"},"acf":[],"_links":{"self":[{"href":"https:\/\/staging.nbg.eu\/pl\/wp-json\/wp\/v2\/product\/136810","targetHints":{"allow":["GET"]}}],"collection":[{"href":"https:\/\/staging.nbg.eu\/pl\/wp-json\/wp\/v2\/product"}],"about":[{"href":"https:\/\/staging.nbg.eu\/pl\/wp-json\/wp\/v2\/types\/product"}],"wp:featuredmedia":[{"embeddable":true,"href":"https:\/\/staging.nbg.eu\/pl\/wp-json\/wp\/v2\/media\/191355"}],"wp:attachment":[{"href":"https:\/\/staging.nbg.eu\/pl\/wp-json\/wp\/v2\/media?parent=136810"}],"wp:term":[{"taxonomy":"product_brand","embeddable":true,"href":"https:\/\/staging.nbg.eu\/pl\/wp-json\/wp\/v2\/product_brand?post=136810"},{"taxonomy":"product_cat","embeddable":true,"href":"https:\/\/staging.nbg.eu\/pl\/wp-json\/wp\/v2\/product_cat?post=136810"},{"taxonomy":"product_tag","embeddable":true,"href":"https:\/\/staging.nbg.eu\/pl\/wp-json\/wp\/v2\/product_tag?post=136810"}],"curies":[{"name":"wp","href":"https:\/\/api.w.org\/{rel}","templated":true}]}}