{"id":136704,"date":"2024-11-26T18:21:35","date_gmt":"2025-01-09T09:44:29","guid":{"rendered":"https:\/\/staging.nbg.eu\/product\/geissele-border-patrol-pistol-11-5-5-56mm-black\/"},"modified":"2025-02-04T09:18:44","modified_gmt":"2025-02-04T09:18:44","slug":"geissele-border-patrol-pistolet-115-556mm-czarny","status":"publish","type":"product","link":"https:\/\/staging.nbg.eu\/pl\/produkt\/geissele-border-patrol-pistolet-115-556mm-czarny\/","title":{"rendered":"Geissele Border Patrol pistolet, 11.5&#8243;, 5.56MM &#8211; czarny"},"content":{"rendered":"<h2>Karabin Geissele Border Patrol, 11,5&#8243;, 5,56MM &#8211; Czarny<\/h2>\n<p>Karabin Geissele Border Patrol to w pe\u0142ni wyposa\u017cony karabin AR-15 zaprojektowany do niezawodnej s\u0142u\u017cby w wymagaj\u0105cych warunkach. Ta lekka i zwrotna bro\u0144 oferuje wysok\u0105 wydajno\u015b\u0107 bez kompromis\u00f3w w zakresie trwa\u0142o\u015bci.<\/p>\n<h2>G\u0142\u00f3wne cechy:<\/h2>\n<ul>\n<li>Lufa 11,5&#8243; kuta na zimno z chromowanym przewodem i skokiem gwintu 1:7<\/li>\n<li>System gazowy o d\u0142ugo\u015bci karabinka z blokiem gazowym ze stali nierdzewnej 17-4<\/li>\n<li>Szyna MK20 Super Modular 9,6&#8243; z otworami M-Lok<\/li>\n<li>G\u00f3rny i dolny odbiornik Super Duty z kutego aluminium 7075 T6<\/li>\n<li>R\u0105czka prze\u0142adowania Geissele Government do u\u017cytku obur\u0119cznego<\/li>\n<li>Bufor H2 z plecion\u0105 spr\u0119\u017cyn\u0105 bufora dla zwi\u0119kszonej niezawodno\u015bci<\/li>\n<li>Spust ALG Defense Advanced Combat z pow\u0142ok\u0105 niklowo-borow\u0105<\/li>\n<li>Podp\u00f3rka pistoletowa SB Tactical SBA3<\/li>\n<\/ul>\n<h2>Specyfikacja techniczna:<\/h2>\n<ul>\n<li>Kaliber: 5,56MM NATO<\/li>\n<li>Waga: Oko\u0142o 2,72 kg<\/li>\n<li>D\u0142ugo\u015b\u0107: 69,85 cm (z\u0142o\u017cony) do 76,2 cm (roz\u0142o\u017cony)<\/li>\n<li>Zesp\u00f3\u0142 zamka: Geissele BCG z pow\u0142ok\u0105 fosforanow\u0105 manganow\u0105<\/li>\n<li>Urz\u0105dzenie wylotowe: T\u0142umik b\u0142ysku A2<\/li>\n<\/ul>\n<p>Pistolet Border Patrol \u0142\u0105czy cechy wojskowe z ulepszeniami wydajno\u015bci, co czyni go dobrym wyborem dla os\u00f3b poszukuj\u0105cych niezawodnego i trwa\u0142ego pistoletu AR-15 do d\u0142ugotrwa\u0142ego u\u017cytku w trudnych warunkach.<\/p>\n","protected":false},"excerpt":{"rendered":"<p>Kompaktowy 11,5-calowy AR z wysokiej jako\u015bci komponentami zapewniaj\u0105cymi niezawodno\u015b\u0107 i wydajno\u015b\u0107.<\/p>\n","protected":false},"featured_media":191307,"template":"","meta":{"_acf_changed":false},"product_brand":[11392],"product_cat":[12623],"product_tag":[],"class_list":{"0":"post-136704","1":"product","2":"type-product","3":"status-publish","4":"has-post-thumbnail","6":"product_brand-geissele","7":"product_cat-karabin","9":"first","10":"instock","11":"taxable","12":"shipping-taxable","13":"product-type-simple"},"acf":[],"_links":{"self":[{"href":"https:\/\/staging.nbg.eu\/pl\/wp-json\/wp\/v2\/product\/136704","targetHints":{"allow":["GET"]}}],"collection":[{"href":"https:\/\/staging.nbg.eu\/pl\/wp-json\/wp\/v2\/product"}],"about":[{"href":"https:\/\/staging.nbg.eu\/pl\/wp-json\/wp\/v2\/types\/product"}],"wp:featuredmedia":[{"embeddable":true,"href":"https:\/\/staging.nbg.eu\/pl\/wp-json\/wp\/v2\/media\/191307"}],"wp:attachment":[{"href":"https:\/\/staging.nbg.eu\/pl\/wp-json\/wp\/v2\/media?parent=136704"}],"wp:term":[{"taxonomy":"product_brand","embeddable":true,"href":"https:\/\/staging.nbg.eu\/pl\/wp-json\/wp\/v2\/product_brand?post=136704"},{"taxonomy":"product_cat","embeddable":true,"href":"https:\/\/staging.nbg.eu\/pl\/wp-json\/wp\/v2\/product_cat?post=136704"},{"taxonomy":"product_tag","embeddable":true,"href":"https:\/\/staging.nbg.eu\/pl\/wp-json\/wp\/v2\/product_tag?post=136704"}],"curies":[{"name":"wp","href":"https:\/\/api.w.org\/{rel}","templated":true}]}}