{"id":134788,"date":"2024-11-26T10:13:16","date_gmt":"2024-11-26T10:13:16","guid":{"rendered":"https:\/\/staging.nbg.eu\/product\/geissele-ak-high-energy-main-spring\/"},"modified":"2025-01-08T19:00:43","modified_gmt":"2025-01-08T19:00:43","slug":"geissele-ak-sprezyna-glowna-wysokoenergetyczna","status":"publish","type":"product","link":"https:\/\/staging.nbg.eu\/pl\/produkt\/geissele-ak-sprezyna-glowna-wysokoenergetyczna\/","title":{"rendered":"Geissele AK spr\u0119\u017cyna g\u0142\u00f3wna wysokoenergetyczna"},"content":{"rendered":"<div class=\"product-description\">\n<h2>Geissele AK Spr\u0119\u017cyna G\u0142\u00f3wna o Wysokiej Energii<\/h2>\n<p>Spr\u0119\u017cyna g\u0142\u00f3wna Geissele AK o wysokiej energii do karabin\u00f3w AK47\/74 oferuje nast\u0119puj\u0105ce cechy:<\/p>\n<ul>\n<li>Konstrukcja z pojedynczego drutu z chromowanego krzemu<\/li>\n<li>Wyprodukowana zgodnie ze specyfikacjami ASTM A401<\/li>\n<li>25% wi\u0119cej momentu obrotowego ni\u017c standardowe fabryczne spr\u0119\u017cyny g\u0142\u00f3wne<\/li>\n<li>Skr\u00f3cony czas blokady dla zwi\u0119kszenia szybko\u015bci strzelania<\/li>\n<li>Zwi\u0119kszona sp\u00f3jno\u015b\u0107 zap\u0142onu sp\u0142onki<\/li>\n<\/ul>\n<p>Spr\u0119\u017cyna g\u0142\u00f3wna Geissele AK o wysokiej energii zapewnia lepsz\u0105 niezawodno\u015b\u0107 i responsywno\u015b\u0107 karabinu AK. Przeznaczona jest dla u\u017cytkownik\u00f3w, kt\u00f3rzy oczekuj\u0105 wysokiej wydajno\u015bci swojej broni.<\/p>\n<\/div>\n","protected":false},"excerpt":{"rendered":"<p>Zwi\u0119ksz wydajno\u015b\u0107 AK47\/74 dzi\u0119ki tej wysokoenergetycznej spr\u0119\u017cynie zamiennej.<\/p>\n","protected":false},"featured_media":81153,"template":"","meta":{"_acf_changed":false},"product_brand":[11392],"product_cat":[12557],"product_tag":[],"class_list":{"0":"post-134788","1":"product","2":"type-product","3":"status-publish","4":"has-post-thumbnail","6":"product_brand-geissele","7":"product_cat-tuning-ak","9":"first","10":"instock","11":"taxable","12":"shipping-taxable","13":"product-type-simple"},"acf":[],"_links":{"self":[{"href":"https:\/\/staging.nbg.eu\/pl\/wp-json\/wp\/v2\/product\/134788","targetHints":{"allow":["GET"]}}],"collection":[{"href":"https:\/\/staging.nbg.eu\/pl\/wp-json\/wp\/v2\/product"}],"about":[{"href":"https:\/\/staging.nbg.eu\/pl\/wp-json\/wp\/v2\/types\/product"}],"wp:featuredmedia":[{"embeddable":true,"href":"https:\/\/staging.nbg.eu\/pl\/wp-json\/wp\/v2\/media\/81153"}],"wp:attachment":[{"href":"https:\/\/staging.nbg.eu\/pl\/wp-json\/wp\/v2\/media?parent=134788"}],"wp:term":[{"taxonomy":"product_brand","embeddable":true,"href":"https:\/\/staging.nbg.eu\/pl\/wp-json\/wp\/v2\/product_brand?post=134788"},{"taxonomy":"product_cat","embeddable":true,"href":"https:\/\/staging.nbg.eu\/pl\/wp-json\/wp\/v2\/product_cat?post=134788"},{"taxonomy":"product_tag","embeddable":true,"href":"https:\/\/staging.nbg.eu\/pl\/wp-json\/wp\/v2\/product_tag?post=134788"}],"curies":[{"name":"wp","href":"https:\/\/api.w.org\/{rel}","templated":true}]}}