{"id":134533,"date":"2024-11-26T10:10:26","date_gmt":"2025-01-08T18:00:56","guid":{"rendered":"https:\/\/staging.nbg.eu\/product\/geissele-ak-braided-spring\/"},"modified":"2025-01-08T18:02:41","modified_gmt":"2025-01-08T18:02:41","slug":"geissele-sprezyna-pleciona-ak","status":"publish","type":"product","link":"https:\/\/staging.nbg.eu\/pl\/produkt\/geissele-sprezyna-pleciona-ak\/","title":{"rendered":"Geissele Spr\u0119\u017cyna pleciona AK"},"content":{"rendered":"<div class=\"product-description\">\n<h2>Spr\u0119\u017cyna pleciona Geissele AK<\/h2>\n<p>Spr\u0119\u017cyna g\u0142\u00f3wna ALG AK pleciona to zamiennik standardowej spr\u0119\u017cyny powrotnej dla karabin\u00f3w AK47\/74. Produkt zosta\u0142 wykonany w USA i posiada nast\u0119puj\u0105ce cechy:<\/p>\n<ul>\n<li>Trzy splotki drutu muzycznego<\/li>\n<li>Konstrukcja pleciona<\/li>\n<li>Ulepszony cykl pracy<\/li>\n<li>Kompatybilno\u015b\u0107 z wariantami AK47 i AK74<\/li>\n<\/ul>\n<p>Spr\u0119\u017cyna zapewnia p\u0142ynniejsze dzia\u0142anie. Pleciona konstrukcja oferuje d\u0142u\u017csz\u0105 \u017cywotno\u015b\u0107 w por\u00f3wnaniu do tradycyjnych spr\u0119\u017cyn jednodrutowych. Produkt ten jest przeznaczony do poprawy funkcjonalno\u015bci karabinu.<\/p>\n<\/div>\n","protected":false},"excerpt":{"rendered":"<p>Popraw wydajno\u015b\u0107 AK47\/74 dzi\u0119ki plecionej spr\u0119\u017cynie g\u0142\u00f3wnej wyprodukowanej w USA.<\/p>\n","protected":false},"featured_media":81106,"template":"","meta":{"_acf_changed":false},"product_brand":[11392],"product_cat":[12557],"product_tag":[],"class_list":{"0":"post-134533","1":"product","2":"type-product","3":"status-publish","4":"has-post-thumbnail","6":"product_brand-geissele","7":"product_cat-tuning-ak","9":"first","10":"instock","11":"taxable","12":"shipping-taxable","13":"product-type-simple"},"acf":[],"_links":{"self":[{"href":"https:\/\/staging.nbg.eu\/pl\/wp-json\/wp\/v2\/product\/134533","targetHints":{"allow":["GET"]}}],"collection":[{"href":"https:\/\/staging.nbg.eu\/pl\/wp-json\/wp\/v2\/product"}],"about":[{"href":"https:\/\/staging.nbg.eu\/pl\/wp-json\/wp\/v2\/types\/product"}],"wp:featuredmedia":[{"embeddable":true,"href":"https:\/\/staging.nbg.eu\/pl\/wp-json\/wp\/v2\/media\/81106"}],"wp:attachment":[{"href":"https:\/\/staging.nbg.eu\/pl\/wp-json\/wp\/v2\/media?parent=134533"}],"wp:term":[{"taxonomy":"product_brand","embeddable":true,"href":"https:\/\/staging.nbg.eu\/pl\/wp-json\/wp\/v2\/product_brand?post=134533"},{"taxonomy":"product_cat","embeddable":true,"href":"https:\/\/staging.nbg.eu\/pl\/wp-json\/wp\/v2\/product_cat?post=134533"},{"taxonomy":"product_tag","embeddable":true,"href":"https:\/\/staging.nbg.eu\/pl\/wp-json\/wp\/v2\/product_tag?post=134533"}],"curies":[{"name":"wp","href":"https:\/\/api.w.org\/{rel}","templated":true}]}}