{"id":134243,"date":"2024-11-17T08:22:03","date_gmt":"2025-01-08T17:29:31","guid":{"rendered":"https:\/\/staging.nbg.eu\/product\/geissele-ak-recoil-spring\/"},"modified":"2025-01-08T17:31:23","modified_gmt":"2025-01-08T17:31:23","slug":"geissele-sprezyna-powrotna-ak","status":"publish","type":"product","link":"https:\/\/staging.nbg.eu\/pl\/produkt\/geissele-sprezyna-powrotna-ak\/","title":{"rendered":"Geissele Spr\u0119\u017cyna powrotna AK"},"content":{"rendered":"<div class=\"product-description\">\n<h2>Spr\u0119\u017cyna powrotna Geissele do AK<\/h2>\n<p>Spr\u0119\u017cyna powrotna ALG do AK. Konstrukcja zapewnia trwa\u0142o\u015b\u0107 i niezawodno\u015b\u0107 broni.<\/p>\n<ul>\n<li>Wykonana z chromowo-krzemowej stali<\/li>\n<li>Odporno\u015b\u0107 na wstrz\u0105sy i relaksacj\u0119<\/li>\n<li>Konstrukcja z 2-3 martwymi zwojami w \u015brodku<\/li>\n<li>Zapobiega uszkodzeniom harmonicznym i zachowuje d\u0142ugo\u015b\u0107 swobodn\u0105<\/li>\n<\/ul>\n<p>Spr\u0119\u017cyna ma konstrukcj\u0119 zmieniaj\u0105c\u0105 jej cz\u0119stotliwo\u015b\u0107 naturaln\u0105, co zapewnia sta\u0142\u0105 wydajno\u015b\u0107 i d\u0142u\u017csz\u0105 \u017cywotno\u015b\u0107. Spr\u0119\u017cyna powrotna poprawia stabilno\u015b\u0107 strzelania i zmniejsza zu\u017cycie broni.<\/p>\n<\/div>\n","protected":false},"excerpt":{"rendered":"<p>Spr\u0119\u017cyna powrotna Geissele AK: Trwa\u0142a, odporna na wstrz\u0105sy, redukuj\u0105ca drgania harmoniczne.<\/p>\n","protected":false},"featured_media":81059,"template":"","meta":{"_acf_changed":false},"product_brand":[11392],"product_cat":[12557],"product_tag":[],"class_list":{"0":"post-134243","1":"product","2":"type-product","3":"status-publish","4":"has-post-thumbnail","6":"product_brand-geissele","7":"product_cat-tuning-ak","9":"first","10":"instock","11":"taxable","12":"shipping-taxable","13":"product-type-simple"},"acf":[],"_links":{"self":[{"href":"https:\/\/staging.nbg.eu\/pl\/wp-json\/wp\/v2\/product\/134243","targetHints":{"allow":["GET"]}}],"collection":[{"href":"https:\/\/staging.nbg.eu\/pl\/wp-json\/wp\/v2\/product"}],"about":[{"href":"https:\/\/staging.nbg.eu\/pl\/wp-json\/wp\/v2\/types\/product"}],"wp:featuredmedia":[{"embeddable":true,"href":"https:\/\/staging.nbg.eu\/pl\/wp-json\/wp\/v2\/media\/81059"}],"wp:attachment":[{"href":"https:\/\/staging.nbg.eu\/pl\/wp-json\/wp\/v2\/media?parent=134243"}],"wp:term":[{"taxonomy":"product_brand","embeddable":true,"href":"https:\/\/staging.nbg.eu\/pl\/wp-json\/wp\/v2\/product_brand?post=134243"},{"taxonomy":"product_cat","embeddable":true,"href":"https:\/\/staging.nbg.eu\/pl\/wp-json\/wp\/v2\/product_cat?post=134243"},{"taxonomy":"product_tag","embeddable":true,"href":"https:\/\/staging.nbg.eu\/pl\/wp-json\/wp\/v2\/product_tag?post=134243"}],"curies":[{"name":"wp","href":"https:\/\/api.w.org\/{rel}","templated":true}]}}