{"id":134115,"date":"2024-11-27T16:45:20","date_gmt":"2025-01-08T17:18:15","guid":{"rendered":"https:\/\/staging.nbg.eu\/product\/area-419-remington-700-short-action-improved-scope-rail-isr-sa\/"},"modified":"2025-01-08T17:20:09","modified_gmt":"2025-01-08T17:20:09","slug":"area-419-szyna-montazowa-remington-700-short-action-isr-sa","status":"publish","type":"product","link":"https:\/\/staging.nbg.eu\/pl\/produkt\/area-419-szyna-montazowa-remington-700-short-action-isr-sa\/","title":{"rendered":"Area 419 &#8211; Szyna monta\u017cowa Remington 700 Short Action (ISR-SA)"},"content":{"rendered":"<div class=\"product-description\">\n<h2>Area 419 &#8211; Szyna do monta\u017cu lunety dla Remington 700 Short Action (ISR-SA)<\/h2>\n<p>Area 419 ISR-SA to szyna do monta\u017cu lunety dla karabin\u00f3w Remington 700 Short Action. Wykonana z aluminium 7075, posiada nast\u0119puj\u0105ce cechy:<\/p>\n<ul>\n<li>Zintegrowany wyst\u0119p przeciwodrzutowy<\/li>\n<li>Dost\u0119pna w wersjach z pe\u0142nymi szczelinami i ARC Top<\/li>\n<li>Kompatybilna ze \u015brubami #6 i #8 (w zestawie)<\/li>\n<li>Obr\u00f3bka powierzchni 1:1 dla dok\u0142adnego dopasowania<\/li>\n<li>Zgodna z norm\u0105 MIL-STD-1913<\/li>\n<li>Wyko\u0144czenie anodowane na czarno typ III<\/li>\n<li>Wyci\u0119cie na okno wyrzutnika dla wygodnego \u0142adowania od g\u00f3ry<\/li>\n<\/ul>\n<p>Do wyboru opcje 20 MOA i 30 MOA. Waga: 0,09 kg. Wymiary: 21 \u00d7 2,5 \u00d7 2,5 cm. Produkt przeznaczony do karabin\u00f3w Remington 700.<\/p>\n<\/div>\n","protected":false},"excerpt":{"rendered":"<p>Precyzyjnie obrobiona szyna monta\u017cowa do lunety z aluminium 7075 dla Remington 700 SA<\/p>\n","protected":false},"featured_media":108110,"template":"","meta":{"_acf_changed":false},"product_brand":[11047],"product_cat":[12623,12571],"product_tag":[],"class_list":{"0":"post-134115","1":"product","2":"type-product","3":"status-publish","4":"has-post-thumbnail","6":"product_brand-area-419","7":"product_cat-karabin","8":"product_cat-szyny","10":"first","11":"instock","12":"taxable","13":"shipping-taxable","14":"purchasable","15":"product-type-variable","16":"wvs-archive-product-wrapper"},"acf":[],"_links":{"self":[{"href":"https:\/\/staging.nbg.eu\/pl\/wp-json\/wp\/v2\/product\/134115","targetHints":{"allow":["GET"]}}],"collection":[{"href":"https:\/\/staging.nbg.eu\/pl\/wp-json\/wp\/v2\/product"}],"about":[{"href":"https:\/\/staging.nbg.eu\/pl\/wp-json\/wp\/v2\/types\/product"}],"wp:featuredmedia":[{"embeddable":true,"href":"https:\/\/staging.nbg.eu\/pl\/wp-json\/wp\/v2\/media\/108110"}],"wp:attachment":[{"href":"https:\/\/staging.nbg.eu\/pl\/wp-json\/wp\/v2\/media?parent=134115"}],"wp:term":[{"taxonomy":"product_brand","embeddable":true,"href":"https:\/\/staging.nbg.eu\/pl\/wp-json\/wp\/v2\/product_brand?post=134115"},{"taxonomy":"product_cat","embeddable":true,"href":"https:\/\/staging.nbg.eu\/pl\/wp-json\/wp\/v2\/product_cat?post=134115"},{"taxonomy":"product_tag","embeddable":true,"href":"https:\/\/staging.nbg.eu\/pl\/wp-json\/wp\/v2\/product_tag?post=134115"}],"curies":[{"name":"wp","href":"https:\/\/api.w.org\/{rel}","templated":true}]}}