{"id":131982,"date":"2025-01-01T20:52:41","date_gmt":"2025-01-07T16:59:30","guid":{"rendered":"https:\/\/staging.nbg.eu\/product\/area-419-match-scope-rings\/"},"modified":"2025-01-07T17:01:33","modified_gmt":"2025-01-07T17:01:33","slug":"area-419-match-pierscienie-montazowe-na-lunete","status":"publish","type":"product","link":"https:\/\/staging.nbg.eu\/pl\/produkt\/area-419-match-pierscienie-montazowe-na-lunete\/","title":{"rendered":"Area 419 MATCH Pier\u015bcienie monta\u017cowe na lunet\u0119"},"content":{"rendered":"<div class=\"product-description\">\n<h2>Pier\u015bcienie do lunety Area 419 MATCH<\/h2>\n<p>Pier\u015bcienie Area 419 MATCH zapewniaj\u0105 precyzyjne mocowanie optyki, przewy\u017cszaj\u0105c standardy rynkowe.<\/p>\n<ul>\n<li>Pier\u015bcienie z numerami seryjnymi, dopasowane ko\u0144cowym wierceniem<\/li>\n<li>Surowe aluminiowe wn\u0119trza dla lepszego chwytu optyki<\/li>\n<li>Precyzyjnie wiercone jako zestawy w centrach obr\u00f3bki<\/li>\n<li>Oznaczone laserem jako dopasowane zestawy<\/li>\n<li>Wykonane z aluminium lotniczego 7075<\/li>\n<li>Pow\u0142oka anodowana typu 3 (surowy aluminiowy otw\u00f3r wewn\u0119trzny)<\/li>\n<li>Dost\u0119pne \u015brednice tuby: 30mm, 34mm, 35mm i 36mm<\/li>\n<li>Wysoko\u015bci monta\u017cu: niska (24mm), \u015brednia (28mm) i wysoka (32mm)<\/li>\n<\/ul>\n<p>Pier\u015bcienie do lunety Area 419 MATCH to zaawansowana technologia mocowania optyki.<\/p>\n<\/div>\n","protected":false},"excerpt":{"rendered":"<p>Precyzyjnie dopasowane, ponumerowane seryjnie pier\u015bcienie lunety dla ostatecznej stabilno\u015bci optycznej.<\/p>\n","protected":false},"featured_media":109097,"template":"","meta":{"_acf_changed":false},"product_brand":[11047],"product_cat":[12599,12561],"product_tag":[],"class_list":{"0":"post-131982","1":"product","2":"type-product","3":"status-publish","4":"has-post-thumbnail","6":"product_brand-area-419","7":"product_cat-celownictwo","8":"product_cat-montaze","10":"first","11":"instock","12":"taxable","13":"shipping-taxable","14":"purchasable","15":"product-type-variable","16":"wvs-archive-product-wrapper"},"acf":[],"_links":{"self":[{"href":"https:\/\/staging.nbg.eu\/pl\/wp-json\/wp\/v2\/product\/131982","targetHints":{"allow":["GET"]}}],"collection":[{"href":"https:\/\/staging.nbg.eu\/pl\/wp-json\/wp\/v2\/product"}],"about":[{"href":"https:\/\/staging.nbg.eu\/pl\/wp-json\/wp\/v2\/types\/product"}],"wp:featuredmedia":[{"embeddable":true,"href":"https:\/\/staging.nbg.eu\/pl\/wp-json\/wp\/v2\/media\/109097"}],"wp:attachment":[{"href":"https:\/\/staging.nbg.eu\/pl\/wp-json\/wp\/v2\/media?parent=131982"}],"wp:term":[{"taxonomy":"product_brand","embeddable":true,"href":"https:\/\/staging.nbg.eu\/pl\/wp-json\/wp\/v2\/product_brand?post=131982"},{"taxonomy":"product_cat","embeddable":true,"href":"https:\/\/staging.nbg.eu\/pl\/wp-json\/wp\/v2\/product_cat?post=131982"},{"taxonomy":"product_tag","embeddable":true,"href":"https:\/\/staging.nbg.eu\/pl\/wp-json\/wp\/v2\/product_tag?post=131982"}],"curies":[{"name":"wp","href":"https:\/\/api.w.org\/{rel}","templated":true}]}}