{"id":130627,"date":"2024-11-02T06:44:40","date_gmt":"2025-01-07T14:08:54","guid":{"rendered":"https:\/\/staging.nbg.eu\/product\/sons-of-liberty-gun-worksar-15-castle-nuts\/"},"modified":"2025-01-07T14:10:36","modified_gmt":"2025-01-07T14:10:36","slug":"sons-of-liberty-gun-works-nakretki-zamka-ar-15","status":"publish","type":"product","link":"https:\/\/staging.nbg.eu\/pl\/produkt\/sons-of-liberty-gun-works-nakretki-zamka-ar-15\/","title":{"rendered":"SONS OF LIBERTY GUN WORKS Nakr\u0119tki zamka AR-15"},"content":{"rendered":"<div class=\"product-description\">\n<h2>Nakr\u0119tki zamkowe AR-15 SONS OF LIBERTY GUN WORKS<\/h2>\n<p>Nakr\u0119tki zamkowe SONS OF LIBERTY GUN WORKS (SOLGW) do AR-15. Te cz\u0119\u015bci zamienne s\u0105 istotne dla utrzymania funkcjonalno\u015bci broni.<\/p>\n<ul>\n<li>Produkowane z dok\u0142adnymi tolerancjami<\/li>\n<li>Kompatybilne ze wszystkimi modelami AR-15<\/li>\n<li>Zapewniaj\u0105 prawid\u0142owy monta\u017c i niezawodno\u015b\u0107<\/li>\n<li>Waga: 28 gram\u00f3w<\/li>\n<li>Wymiary: 2,54 cm<\/li>\n<\/ul>\n<p>Nakr\u0119tki zamkowe SOLGW s\u0105 trwa\u0142e. Cz\u0119\u015bci zamienne SOLGW spe\u0142niaj\u0105 wysokie standardy.<\/p>\n<p><strong>Porada:<\/strong> Zaleca si\u0119 zabezpieczenie nakr\u0119tek dla zwi\u0119kszenia trwa\u0142o\u015bci.<\/p>\n<\/div>\n","protected":false},"excerpt":{"rendered":"<p>Precyzyjnie wykonana nakr\u0119tka Castle do AR-15. Wytrzyma\u0142a, uniwersalne dopasowanie. Rozmiar 1&#8243;.<\/p>\n","protected":false},"featured_media":76423,"template":"","meta":{"_acf_changed":false},"product_brand":[],"product_cat":[12572],"product_tag":[],"class_list":{"0":"post-130627","1":"product","2":"type-product","3":"status-publish","4":"has-post-thumbnail","6":"product_cat-tuning-karabinowy","8":"first","9":"instock","10":"taxable","11":"shipping-taxable","12":"purchasable","13":"product-type-simple"},"acf":[],"_links":{"self":[{"href":"https:\/\/staging.nbg.eu\/pl\/wp-json\/wp\/v2\/product\/130627","targetHints":{"allow":["GET"]}}],"collection":[{"href":"https:\/\/staging.nbg.eu\/pl\/wp-json\/wp\/v2\/product"}],"about":[{"href":"https:\/\/staging.nbg.eu\/pl\/wp-json\/wp\/v2\/types\/product"}],"wp:featuredmedia":[{"embeddable":true,"href":"https:\/\/staging.nbg.eu\/pl\/wp-json\/wp\/v2\/media\/76423"}],"wp:attachment":[{"href":"https:\/\/staging.nbg.eu\/pl\/wp-json\/wp\/v2\/media?parent=130627"}],"wp:term":[{"taxonomy":"product_brand","embeddable":true,"href":"https:\/\/staging.nbg.eu\/pl\/wp-json\/wp\/v2\/product_brand?post=130627"},{"taxonomy":"product_cat","embeddable":true,"href":"https:\/\/staging.nbg.eu\/pl\/wp-json\/wp\/v2\/product_cat?post=130627"},{"taxonomy":"product_tag","embeddable":true,"href":"https:\/\/staging.nbg.eu\/pl\/wp-json\/wp\/v2\/product_tag?post=130627"}],"curies":[{"name":"wp","href":"https:\/\/api.w.org\/{rel}","templated":true}]}}