{"id":130226,"date":"2024-01-30T18:12:20","date_gmt":"2025-01-07T13:16:00","guid":{"rendered":"https:\/\/staging.nbg.eu\/product\/area-419-cantilevered-tactical-one-piece-scope-mount\/"},"modified":"2025-01-07T13:18:00","modified_gmt":"2025-01-07T13:18:00","slug":"area-419-montaz-taktyczny-jednoczesciowy-wspornikowy-na-lunete","status":"publish","type":"product","link":"https:\/\/staging.nbg.eu\/pl\/produkt\/area-419-montaz-taktyczny-jednoczesciowy-wspornikowy-na-lunete\/","title":{"rendered":"Area 419 Monta\u017c taktyczny jednocz\u0119\u015bciowy wspornikowy na lunet\u0119"},"content":{"rendered":"<div class=\"product-description\">\n<h2>Jednostkowy taktyczny uchwyt do lunety Area 419 Cantilevered<\/h2>\n<p>Uchwyt do lunety Area 419 Cantilevered Tactical One-Piece zapewnia niezawodno\u015b\u0107 i sp\u00f3jno\u015b\u0107. Zaprojektowany dla strzelc\u00f3w precyzyjnych, oferuje pewny chwyt optyki.<\/p>\n<h2>Proces produkcji<\/h2>\n<ul>\n<li>Frezowany CNC w Ameryce z aluminium 7075<\/li>\n<li>Ko\u0144cowe wiercenie w zestawach dla idealnego wyr\u00f3wnania<\/li>\n<li>Surowe aluminium, precyzyjnie wiercone powierzchnie kontaktu z lunet\u0105<\/li>\n<li>Nierozmontowywany po wierceniu, zapewniaj\u0105c idealne dopasowanie<\/li>\n<\/ul>\n<h2>G\u0142\u00f3wne cechy<\/h2>\n<ul>\n<li>Lekka konstrukcja: 8-9 uncji na uchwyt<\/li>\n<li>Wiele punkt\u00f3w monta\u017cowych dla akcesori\u00f3w<\/li>\n<li>Oddzielne listwy zaciskowe dla maksymalnego chwytu na szynie picatinny<\/li>\n<li>Wci\u0119te stopy zaciskowe umo\u017cliwiaj\u0105ce maksymaln\u0105 regulacj\u0119 monta\u017cu<\/li>\n<li>Stalowe ko\u0142ki prowadz\u0105ce mi\u0119dzy podstaw\u0105 a nasadkami<\/li>\n<li>Nitrowane stalowe elementy mocuj\u0105ce<\/li>\n<li>Zg\u0142oszony do opatentowania sztywny i powtarzalny monta\u017c akcesori\u00f3w g\u00f3rnych<\/li>\n<\/ul>\n<h2>Specyfikacja<\/h2>\n<ul>\n<li>Waga: 1,5 funta<\/li>\n<li>Wymiary: 9,5 \u00d7 5,8 \u00d7 2,8 cala<\/li>\n<li>Opcje \u015brednicy tuby: 30mm, 34mm, 35mm, 36mm<\/li>\n<li>Opcje wysoko\u015bci: 34mm (1,34&#8243;), 39mm (1,54&#8243;)<\/li>\n<li>Opcje nachylenia: 0 MOA, 20 MOA (5,8 MIL)<\/li>\n<\/ul>\n<p>Nasz proces produkcyjny tworzy uchwyt do lunety spe\u0142niaj\u0105cy wysokie standardy jako\u015bci i wydajno\u015bci. Uchwyt do lunety Area 419 Cantilevered Tactical One-Piece to bezkompromisowe rozwi\u0105zanie monta\u017cowe.<\/p>\n<\/div>\n","protected":false},"excerpt":{"rendered":"<p>Precyzyjnie zaprojektowany monta\u017c lunety: wytrzyma\u0142y, lekki, z pier\u015bcieniami dopasowanymi do ko\u0144cowego otworu dla najwy\u017cszej dok\u0142adno\u015bci.<\/p>\n","protected":false},"featured_media":108744,"template":"","meta":{"_acf_changed":false},"product_brand":[11047],"product_cat":[12599,12561],"product_tag":[],"class_list":{"0":"post-130226","1":"product","2":"type-product","3":"status-publish","4":"has-post-thumbnail","6":"product_brand-area-419","7":"product_cat-celownictwo","8":"product_cat-montaze","10":"first","11":"instock","12":"taxable","13":"shipping-taxable","14":"purchasable","15":"product-type-variable","16":"wvs-archive-product-wrapper"},"acf":[],"_links":{"self":[{"href":"https:\/\/staging.nbg.eu\/pl\/wp-json\/wp\/v2\/product\/130226","targetHints":{"allow":["GET"]}}],"collection":[{"href":"https:\/\/staging.nbg.eu\/pl\/wp-json\/wp\/v2\/product"}],"about":[{"href":"https:\/\/staging.nbg.eu\/pl\/wp-json\/wp\/v2\/types\/product"}],"wp:featuredmedia":[{"embeddable":true,"href":"https:\/\/staging.nbg.eu\/pl\/wp-json\/wp\/v2\/media\/108744"}],"wp:attachment":[{"href":"https:\/\/staging.nbg.eu\/pl\/wp-json\/wp\/v2\/media?parent=130226"}],"wp:term":[{"taxonomy":"product_brand","embeddable":true,"href":"https:\/\/staging.nbg.eu\/pl\/wp-json\/wp\/v2\/product_brand?post=130226"},{"taxonomy":"product_cat","embeddable":true,"href":"https:\/\/staging.nbg.eu\/pl\/wp-json\/wp\/v2\/product_cat?post=130226"},{"taxonomy":"product_tag","embeddable":true,"href":"https:\/\/staging.nbg.eu\/pl\/wp-json\/wp\/v2\/product_tag?post=130226"}],"curies":[{"name":"wp","href":"https:\/\/api.w.org\/{rel}","templated":true}]}}