{"id":128298,"date":"2025-01-01T20:24:58","date_gmt":"2025-01-07T09:38:42","guid":{"rendered":"https:\/\/staging.nbg.eu\/product\/area-419-tikka-t3-standard-action-improved-scope-rail\/"},"modified":"2025-01-14T13:41:03","modified_gmt":"2025-01-14T13:41:03","slug":"area-419-szyna-montazowa-tikka-t3-standard-action","status":"publish","type":"product","link":"https:\/\/staging.nbg.eu\/pl\/produkt\/area-419-szyna-montazowa-tikka-t3-standard-action\/","title":{"rendered":"Area 419 &#8211; Szyna monta\u017cowa Tikka T3 Standard Action"},"content":{"rendered":"<div class=\"product-description\">\n<h2>Area 419 &#8211; Szyna na lunet\u0119 do Tikka T3 Standard Action<\/h2>\n<p>Szyna na lunet\u0119 do Tikka T3 lub T3X od Area 419. Wykonana z aluminium 7075, szyna posiada:<\/p>\n<ul>\n<li>K\u0105t 20 MOA dla zwi\u0119kszonego zasi\u0119gu<\/li>\n<li>Zgodno\u015b\u0107 z MIL-STD-1913<\/li>\n<li>Zaokr\u0105glone kraw\u0119dzie<\/li>\n<li>Anodowanie typu III w kolorze czarnym<\/li>\n<li>Stalowy ko\u0142ek oporowy<\/li>\n<li>Jednolite \u015bruby T10 Torx<\/li>\n<\/ul>\n<p>Wa\u017cy 0,09 kg i ma wymiary 21 \u00d7 2,5 \u00d7 2,5 cm. Pe\u0142na szyna z rowkami. Zawiera klucz T10 Torx.<\/p>\n<\/div>\n","protected":false},"excerpt":{"rendered":"<p>I apologize, but there is no product description provided in your message for me to translate. Could you please share the specific text you would like translated to Polish? Once you provide the product description, I&#8217;ll be happy to translate it for you.<\/p>\n","protected":false},"featured_media":108210,"template":"","meta":{"_acf_changed":false},"product_brand":[11047],"product_cat":[12623,12571],"product_tag":[],"class_list":{"0":"post-128298","1":"product","2":"type-product","3":"status-publish","4":"has-post-thumbnail","6":"product_brand-area-419","7":"product_cat-karabin","8":"product_cat-szyny","10":"first","11":"instock","12":"taxable","13":"shipping-taxable","14":"purchasable","15":"product-type-simple"},"acf":[],"_links":{"self":[{"href":"https:\/\/staging.nbg.eu\/pl\/wp-json\/wp\/v2\/product\/128298","targetHints":{"allow":["GET"]}}],"collection":[{"href":"https:\/\/staging.nbg.eu\/pl\/wp-json\/wp\/v2\/product"}],"about":[{"href":"https:\/\/staging.nbg.eu\/pl\/wp-json\/wp\/v2\/types\/product"}],"wp:featuredmedia":[{"embeddable":true,"href":"https:\/\/staging.nbg.eu\/pl\/wp-json\/wp\/v2\/media\/108210"}],"wp:attachment":[{"href":"https:\/\/staging.nbg.eu\/pl\/wp-json\/wp\/v2\/media?parent=128298"}],"wp:term":[{"taxonomy":"product_brand","embeddable":true,"href":"https:\/\/staging.nbg.eu\/pl\/wp-json\/wp\/v2\/product_brand?post=128298"},{"taxonomy":"product_cat","embeddable":true,"href":"https:\/\/staging.nbg.eu\/pl\/wp-json\/wp\/v2\/product_cat?post=128298"},{"taxonomy":"product_tag","embeddable":true,"href":"https:\/\/staging.nbg.eu\/pl\/wp-json\/wp\/v2\/product_tag?post=128298"}],"curies":[{"name":"wp","href":"https:\/\/api.w.org\/{rel}","templated":true}]}}