{"id":106821,"date":"2024-11-16T10:23:45","date_gmt":"2024-12-30T09:56:05","guid":{"rendered":"https:\/\/staging.nbg.eu\/product\/sai-optics-model-sai-6-1x-6x\/"},"modified":"2024-12-30T09:58:23","modified_gmt":"2024-12-30T09:58:23","slug":"sai-optics-model-sai-6-1x-6x","status":"publish","type":"product","link":"https:\/\/staging.nbg.eu\/pl\/produkt\/sai-optics-model-sai-6-1x-6x\/","title":{"rendered":"SAI Optics Model SAI 6 &#8211; 1x-6x"},"content":{"rendered":"<h2>Model SAI 6\u2122 &#8211; 1x-6x<\/h2>\n<p>Celownik optyczny SAI\u2122 6 oferuje rozwi\u0105zanie o zmiennym powi\u0119kszeniu. Posiada pod\u015bwietlan\u0105 diod\u0105 LED siatk\u0119 celownicz\u0105 w pierwszej p\u0142aszczy\u017anie ogniskowej, zapewniaj\u0105c\u0105 dok\u0142adne okre\u015blanie odleg\u0142o\u015bci i kompensacj\u0119 balistyczn\u0105 przy ka\u017cdym powi\u0119kszeniu. Siatka celownicza i pole widzenia poprawiaj\u0105 skuteczno\u015b\u0107 na kr\u00f3tkich dystansach.<\/p>\n<h2>G\u0142\u00f3wne cechy:<\/h2>\n<ul>\n<li>Powi\u0119kszenie: 1x-6x<\/li>\n<li>Wzmocniona konstrukcja rurowa do monta\u017cu modu\u0142owego<\/li>\n<li>Pod\u015bwietlana diod\u0105 LED siatka celownicza z 10 ustawieniami<\/li>\n<li>Dost\u0119pne siatki celownicze: 5.56 BDC, 6.8 BDC, 7.62 BDC<\/li>\n<li>Wodoodporno\u015b\u0107: 2 godziny @ 3 metry<\/li>\n<li>Odporno\u015b\u0107 na wstrz\u0105sy: 1000g @ 10,000 cykli<\/li>\n<\/ul>\n<h2>Siatki celownicze:<\/h2>\n<ul>\n<li>5.56 BDC &#8211; Siatka celownicza<\/li>\n<li>6.8 BDC &#8211; Siatka celownicza<\/li>\n<li>7.62 BDC &#8211; Siatka celownicza<\/li>\n<\/ul>\n<h2>Specyfikacja:<\/h2>\n<ul>\n<li>D\u0142ugo\u015b\u0107: 256mm (10.07 cala)<\/li>\n<li>Waga: 510g (18.0 uncji)<\/li>\n<li>\u015arednica tubusu: 30mm<\/li>\n<li>Pole widzenia @ 1x: 22 stopnie (38.8m @ 100m)<\/li>\n<li>Odleg\u0142o\u015b\u0107 od oka: 90mm (3.54 cala) nominalna<\/li>\n<li>Typ baterii: CR2032 3v litowa<\/li>\n<\/ul>\n<h2>Standardowe akcesoria:<\/h2>\n<ul>\n<li>Os\u0142ony na soczewki Tenebraex\u00ae<\/li>\n<li>Urz\u0105dzenie antyrefleksyjne Tenebraex\u00ae<\/li>\n<li>Smycz do zatrzymania nakr\u0119tki regulacyjnej<\/li>\n<li>Dysk do wyjmowania baterii<\/li>\n<\/ul>\n<p>Seria SAI\u2122 6 jest zaprojektowana do pracy w trudnych warunkach, umo\u017cliwiaj\u0105c zastosowanie dodatkowych element\u00f3w takich jak os\u0142ony, filtry laserowe i polaryzatory.<\/p>\n","protected":false},"excerpt":{"rendered":"<p>SAI 6\u2122: Wytrzyma\u0142y celownik LED 1x-6x z siatk\u0105 celownicz\u0105 FFP i szerokim polem widzenia.<\/p>\n","protected":false},"featured_media":79695,"template":"","meta":{"_acf_changed":false},"product_brand":[11711],"product_cat":[12599,12567],"product_tag":[],"class_list":{"0":"post-106821","1":"product","2":"type-product","3":"status-publish","4":"has-post-thumbnail","6":"product_brand-sai-optics","7":"product_cat-celownictwo","8":"product_cat-optyka-powiekszajaca","10":"first","11":"instock","12":"taxable","13":"shipping-taxable","14":"purchasable","15":"product-type-variable","16":"wvs-archive-product-wrapper"},"acf":[],"_links":{"self":[{"href":"https:\/\/staging.nbg.eu\/pl\/wp-json\/wp\/v2\/product\/106821","targetHints":{"allow":["GET"]}}],"collection":[{"href":"https:\/\/staging.nbg.eu\/pl\/wp-json\/wp\/v2\/product"}],"about":[{"href":"https:\/\/staging.nbg.eu\/pl\/wp-json\/wp\/v2\/types\/product"}],"wp:featuredmedia":[{"embeddable":true,"href":"https:\/\/staging.nbg.eu\/pl\/wp-json\/wp\/v2\/media\/79695"}],"wp:attachment":[{"href":"https:\/\/staging.nbg.eu\/pl\/wp-json\/wp\/v2\/media?parent=106821"}],"wp:term":[{"taxonomy":"product_brand","embeddable":true,"href":"https:\/\/staging.nbg.eu\/pl\/wp-json\/wp\/v2\/product_brand?post=106821"},{"taxonomy":"product_cat","embeddable":true,"href":"https:\/\/staging.nbg.eu\/pl\/wp-json\/wp\/v2\/product_cat?post=106821"},{"taxonomy":"product_tag","embeddable":true,"href":"https:\/\/staging.nbg.eu\/pl\/wp-json\/wp\/v2\/product_tag?post=106821"}],"curies":[{"name":"wp","href":"https:\/\/api.w.org\/{rel}","templated":true}]}}