{"id":106642,"date":"2024-01-30T18:13:57","date_gmt":"2024-12-30T09:39:18","guid":{"rendered":"https:\/\/staging.nbg.eu\/product\/tangent-theta-tt735p-7-35x56mm-professional\/"},"modified":"2024-12-30T09:41:11","modified_gmt":"2024-12-30T09:41:11","slug":"tangent-theta-tt735p-7-35x56mm-professional","status":"publish","type":"product","link":"https:\/\/staging.nbg.eu\/pl\/produkt\/tangent-theta-tt735p-7-35x56mm-professional\/","title":{"rendered":"Tangent Theta TT735P (7-35x56mm Professional)"},"content":{"rendered":"<div class=\"product-description\">\n<p>Tangent Theta zosta\u0142a za\u0142o\u017cona w 2013 roku w Nowej Szkocji w Kanadzie z celem produkcji najlepszych celownik\u00f3w na \u015bwiecie. Celowniki s\u0105 r\u0119cznie montowane, indywidualnie testowane i sprawdzane przez zesp\u00f3\u0142 sk\u0142adaj\u0105cy si\u0119 z projektant\u00f3w optycznych, in\u017cynier\u00f3w mechanik\u00f3w i strzelc\u00f3w dalekiego zasi\u0119gu klasy mi\u0119dzynarodowej.<\/p>\n<h2>Tangent Theta TT735P 7-35x56mm Profesjonalny Teleskop Strzelecki<\/h2>\n<p>Tangent Theta TT735P to teleskop strzelecki 7-35x56mm dla profesjonalnych strzelc\u00f3w. \u0141\u0105czy on zaawansowan\u0105 technologi\u0119 z trwa\u0142o\u015bci\u0105, aby zapewni\u0107 wydajno\u015b\u0107 w wymagaj\u0105cych warunkach.<\/p>\n<h2>G\u0142\u00f3wne cechy:<\/h2>\n<ul>\n<li>Zakres powi\u0119kszenia 7-35x do identyfikacji cel\u00f3w na du\u017cych odleg\u0142o\u015bciach<\/li>\n<li>Soczewka obiektywu 56mm do zbierania \u015bwiat\u0142a<\/li>\n<li>Tubus 36mm dla zwi\u0119kszonej integralno\u015bci strukturalnej i zakresu regulacji<\/li>\n<li>Regulacja paralaksy do 10 metr\u00f3w<\/li>\n<li>11 ustawie\u0144 pod\u015bwietlenia siatki celowniczej<\/li>\n<li>Funkcja TOOL-LESS RE-ZERO\u00ae do szybkiego zerowania (Patent USA # 10,591,253)<\/li>\n<li>Pokr\u0119t\u0142a bez translacji z zatrzymaniem zera podniesienia<\/li>\n<li>Podw\u00f3jny obr\u00f3t podniesienia ze wska\u017anikiem rewolucji<\/li>\n<li>Blokowana szybka regulacja dioptrii<\/li>\n<\/ul>\n<h2>Jako\u015b\u0107:<\/h2>\n<p>Zbudowany w Kanadzie, TT735P jest testowany w trudnych warunkach \u015brodowiskowych. Posiada wyko\u0144czenie anodowane typu II, jest wodoodporny na g\u0142\u0119boko\u015bci 10 metr\u00f3w przez 4 godziny i odporny na wstrz\u0105sy 700g przy 10 000 cykli.<\/p>\n<\/div>\n<h2>Siatki celownicze:<\/h2>\n<ol>\n<li data-line-height=\"xs\">Horus Tremor3<\/li>\n<li data-line-height=\"xs\">JTAC<\/li>\n<li data-line-height=\"xs\">Gen 3 XR Fine<\/li>\n<\/ol>\n<div class=\"product-description\">\n<h2>Optyka:<\/h2>\n<p>Do wyboru trzy opcje siatki celowniczej: Horus Tremor3, JTAC lub Gen 3 XR Fine. TT735P oferuje 90mm odleg\u0142o\u015b\u0107 \u017arenicy wyj\u015bciowej i pole widzenia od 5,41m na 100m (7x) do 1,08m na 100m (35x).<\/p>\n<h2>Regulacje:<\/h2>\n<p>Rozdzielczo\u015b\u0107 regulacji 0,1 mrad, ca\u0142kowity zakres podniesienia 30 mrad i ca\u0142kowity zakres poprawek bocznych 14 mrad. Boczna regulacja paralaksy i blokowana dioptria zapewniaj\u0105 ostry obraz na ka\u017cdej odleg\u0142o\u015bci.<\/p>\n<p>Tangent Theta TT735P to wyb\u00f3r strzelc\u00f3w wymagaj\u0105cych najlepszego sprz\u0119tu.<\/p>\n<\/div>\n","protected":false},"excerpt":{"rendered":"<p>Luneta Tangent Theta 7-35x56mm Professional to wyb\u00f3r dla strzelania na ekstremalnie dalekie odleg\u0142o\u015bci.<\/p>\n","protected":false},"featured_media":81004,"template":"","meta":{"_acf_changed":false},"product_brand":[11892],"product_cat":[12599,12567],"product_tag":[],"class_list":{"0":"post-106642","1":"product","2":"type-product","3":"status-publish","4":"has-post-thumbnail","6":"product_brand-tangent-theta","7":"product_cat-celownictwo","8":"product_cat-optyka-powiekszajaca","10":"first","11":"instock","12":"taxable","13":"shipping-taxable","14":"purchasable","15":"product-type-variable","16":"wvs-archive-product-wrapper"},"acf":[],"_links":{"self":[{"href":"https:\/\/staging.nbg.eu\/pl\/wp-json\/wp\/v2\/product\/106642","targetHints":{"allow":["GET"]}}],"collection":[{"href":"https:\/\/staging.nbg.eu\/pl\/wp-json\/wp\/v2\/product"}],"about":[{"href":"https:\/\/staging.nbg.eu\/pl\/wp-json\/wp\/v2\/types\/product"}],"wp:featuredmedia":[{"embeddable":true,"href":"https:\/\/staging.nbg.eu\/pl\/wp-json\/wp\/v2\/media\/81004"}],"wp:attachment":[{"href":"https:\/\/staging.nbg.eu\/pl\/wp-json\/wp\/v2\/media?parent=106642"}],"wp:term":[{"taxonomy":"product_brand","embeddable":true,"href":"https:\/\/staging.nbg.eu\/pl\/wp-json\/wp\/v2\/product_brand?post=106642"},{"taxonomy":"product_cat","embeddable":true,"href":"https:\/\/staging.nbg.eu\/pl\/wp-json\/wp\/v2\/product_cat?post=106642"},{"taxonomy":"product_tag","embeddable":true,"href":"https:\/\/staging.nbg.eu\/pl\/wp-json\/wp\/v2\/product_tag?post=106642"}],"curies":[{"name":"wp","href":"https:\/\/api.w.org\/{rel}","templated":true}]}}