{"id":106322,"date":"2024-11-17T08:06:47","date_gmt":"2024-12-30T09:21:25","guid":{"rendered":"https:\/\/staging.nbg.eu\/product\/tangent-theta-tt525p-5-25x56mm-professional\/"},"modified":"2024-12-30T09:23:46","modified_gmt":"2024-12-30T09:23:46","slug":"tangent-theta-tt525p-5-25x56mm-professional","status":"publish","type":"product","link":"https:\/\/staging.nbg.eu\/pl\/produkt\/tangent-theta-tt525p-5-25x56mm-professional\/","title":{"rendered":"Tangent Theta TT525P (5-25x56mm Professional)"},"content":{"rendered":"<h2>Tangent Theta TT525P 5-25x56mm Profesjonalny Teleskop Karabinowy<\/h2>\n<p>Tangent Theta TT525P to przyrz\u0105d celowniczy dalekiego zasi\u0119gu zaprojektowany dla profesjonalnych strzelc\u00f3w. Wyprodukowany w Kanadzie, ten teleskop karabinowy \u0142\u0105czy wytrzyma\u0142o\u015b\u0107, precyzj\u0119 mechaniczn\u0105 i wysok\u0105 jako\u015b\u0107 optyczn\u0105.<\/p>\n<h2>G\u0142\u00f3wne cechy:<\/h2>\n<ul>\n<li>Obiektyw 56mm do zbierania \u015bwiat\u0142a<\/li>\n<li>Tubus 34mm dla zwi\u0119kszonego zakresu regulacji<\/li>\n<li>Zakres powi\u0119kszenia 5-25x<\/li>\n<li>Jedena\u015bcie ustawie\u0144 pod\u015bwietlenia siatki celowniczej<\/li>\n<li>Regulacja paralaksy od 50m do niesko\u0144czono\u015bci<\/li>\n<li>Opatentowana funkcja TOOL-LESS RE-ZERO\u00ae (Patent USA # 10,591,253)<\/li>\n<li>Pokr\u0119t\u0142a bez translacji z ogranicznikiem zera dla elewacji<\/li>\n<li>Podw\u00f3jny obr\u00f3t elewacji ze wska\u017anikiem obrotu<\/li>\n<li>Blokowana szybka regulacja dioptrii (-3 do +2,5)<\/li>\n<\/ul>\n<h2>Siatki celownicze:<\/h2>\n<ul>\n<li>Gen 2 XR<\/li>\n<li>MoA-ER<\/li>\n<li>Gen 3 XR<\/li>\n<li>Gen 2 MoA-ER<\/li>\n<li>Gen 3 XR Fine<\/li>\n<li>Horus H59<\/li>\n<li>Horus Tremor3<\/li>\n<li>JTAC<\/li>\n<li>Gen 2 XR, AIF<\/li>\n<li>Gen 3 XR, AIF<\/li>\n<li>Gen 3 XR Fine, AIF<\/li>\n<li>JTAC, AIF<\/li>\n<li>Horus Tremor3, AIF<\/li>\n<\/ul>\n<h2>Precyzyjna in\u017cynieria:<\/h2>\n<p>TT525P ma ca\u0142kowity zakres regulacji 30 mrad (103 MoA) dla elewacji i \u00b110 mrad (\u00b134 MoA) dla poprawek bocznych. Z rozdzielczo\u015bci\u0105 regulacji 0,1 mrad lub 1\/4 MoA.<\/p>\n<h2>Optyka:<\/h2>\n<p>Odleg\u0142o\u015b\u0107 oczna 90mm i pole widzenia od 7,6m na 100m (5x) do 1,6m na 100m (25x). Obiektyw 56mm zapewnia transmisj\u0119 \u015bwiat\u0142a, nawet w warunkach s\u0142abego o\u015bwietlenia.<\/p>\n<h2>Wytrzyma\u0142o\u015b\u0107:<\/h2>\n<p>TT525P jest wodoodporny do 10 metr\u00f3w przez 4 godziny i wstrz\u0105soodporny do 700g przy 10 000 cykli. Matowe wyko\u0144czenie anodowane typu II zapewnia dodatkow\u0105 ochron\u0119.<\/p>\n<h2>Opcje siatki celowniczej:<\/h2>\n<p>Do wyboru r\u00f3\u017cne opcje siatki celowniczej, w tym Gen 2XR, MoA, Gen 3XR, H-59, Tremor3, JTAC, Gen 3 XR Fine i GEN2 MOA-ER.<\/p>\n<h2>Dodatkowe specyfikacje:<\/h2>\n<ul>\n<li>D\u0142ugo\u015b\u0107: 425mm<\/li>\n<li>Waga: 1150g<\/li>\n<li>\u015arednica dzwonu obiektywu: 65mm<\/li>\n<li>Pod\u015bwietlenie: LED z 11 ustawieniami<\/li>\n<li>Bateria: DL2032 3v litowa<\/li>\n<\/ul>\n<p>Tangent Theta TT525P jest dostarczany z os\u0142onami obiektywu Tenebraex i ARD. TT525P \u0142\u0105czy precyzj\u0119 z wytrzyma\u0142o\u015bci\u0105 w wymagaj\u0105cych warunkach.<\/p>\n","protected":false},"excerpt":{"rendered":"<p>Profesjonalny celownik karabinowy 5-25x56mm. Wytrzyma\u0142y, precyzyjny, z doskona\u0142\u0105 optyk\u0105.<\/p>\n","protected":false},"featured_media":100882,"template":"","meta":{"_acf_changed":false},"product_brand":[11892],"product_cat":[12599,12567],"product_tag":[],"class_list":{"0":"post-106322","1":"product","2":"type-product","3":"status-publish","4":"has-post-thumbnail","6":"product_brand-tangent-theta","7":"product_cat-celownictwo","8":"product_cat-optyka-powiekszajaca","10":"first","11":"instock","12":"taxable","13":"shipping-taxable","14":"purchasable","15":"product-type-variable","16":"wvs-archive-product-wrapper"},"acf":[],"_links":{"self":[{"href":"https:\/\/staging.nbg.eu\/pl\/wp-json\/wp\/v2\/product\/106322","targetHints":{"allow":["GET"]}}],"collection":[{"href":"https:\/\/staging.nbg.eu\/pl\/wp-json\/wp\/v2\/product"}],"about":[{"href":"https:\/\/staging.nbg.eu\/pl\/wp-json\/wp\/v2\/types\/product"}],"wp:featuredmedia":[{"embeddable":true,"href":"https:\/\/staging.nbg.eu\/pl\/wp-json\/wp\/v2\/media\/100882"}],"wp:attachment":[{"href":"https:\/\/staging.nbg.eu\/pl\/wp-json\/wp\/v2\/media?parent=106322"}],"wp:term":[{"taxonomy":"product_brand","embeddable":true,"href":"https:\/\/staging.nbg.eu\/pl\/wp-json\/wp\/v2\/product_brand?post=106322"},{"taxonomy":"product_cat","embeddable":true,"href":"https:\/\/staging.nbg.eu\/pl\/wp-json\/wp\/v2\/product_cat?post=106322"},{"taxonomy":"product_tag","embeddable":true,"href":"https:\/\/staging.nbg.eu\/pl\/wp-json\/wp\/v2\/product_tag?post=106322"}],"curies":[{"name":"wp","href":"https:\/\/api.w.org\/{rel}","templated":true}]}}