{"id":84555,"date":"2024-11-17T07:25:58","date_gmt":"2024-12-18T10:05:00","guid":{"rendered":"https:\/\/staging.nbg.eu\/product\/tangent-theta-tt315m-3-15x50mm-marksman\/"},"modified":"2024-12-30T08:45:36","modified_gmt":"2024-12-30T08:45:36","slug":"tangent-theta-tt315m-3-15x50mm-marksman","status":"publish","type":"product","link":"https:\/\/staging.nbg.eu\/no\/produkt\/tangent-theta-tt315m-3-15x50mm-marksman\/","title":{"rendered":"Tangent Theta TT315M (3-15x50mm Marksman)"},"content":{"rendered":"<div class=\"product-description\">\n<p>Tangent Theta ble etablert i 2013 i Nova Scotia, Canada med m\u00e5l om \u00e5 produsere de beste riflekikkertene i verden. Kikkertene er h\u00e5ndmontert, individuelt testet og inspisert av et team best\u00e5ende av optiske designere, mekaniske ingeni\u00f8rer og langdistanseskyttere p\u00e5 internasjonalt niv\u00e5.<\/p>\n<h2>Tangent Theta TT315M 3-15x50mm Riflekikkert<\/h2>\n<p>Tangent Theta TT315M er et presisjonsinstrument for middels rekkevidde designet for politi og sikkerhetspersonell. Denne lette profesjonelle riflekikkerten kombinerer moderne teknologi med optisk ytelse.<\/p>\n<h2>Hovedfunksjoner:<\/h2>\n<ul>\n<li>50mm objektivlinse for lysinnsamling<\/li>\n<li>30mm hovedr\u00f8r for holdbarhet<\/li>\n<li>Mekanisk vindavdriftsindikator<\/li>\n<li>11 belysningsinnstillinger for siktet<\/li>\n<li>Sideinnstilling for parallakse<\/li>\n<li>Ikke-oversettende knapper med h\u00f8ydejustering stopp<\/li>\n<li>Dobbel h\u00f8ydejustering med omdreinings- og vindretningsindikator<\/li>\n<li>3-15x forst\u00f8rrelsesomr\u00e5de<\/li>\n<li>L\u00e5sbar hurtigjusterende diopterjustering<\/li>\n<\/ul>\n<h2>Optisk kvalitet:<\/h2>\n<p>TT315M har en optimalisert optisk bane som gir bildekvalitet. Dette lar skyttere se m\u00e5ldetaljer og opprettholde siktet over lengre perioder.<\/p>\n<h2>Presisjonsjusteringer:<\/h2>\n<p>Med presise justeringsmekanismer med nullstopp, mekanisk omdreining og vindretningsindikatorer, reduserer TT315M justeringsfeil.<\/p>\n<h2>Siktealternativer:<\/h2>\n<ul>\n<li>Gen 2XR<\/li>\n<li>MoA<\/li>\n<li>Gen 2 Mil-Dot<\/li>\n<li>Gen 3XR<\/li>\n<\/ul>\n<h2>Tekniske spesifikasjoner:<\/h2>\n<ul>\n<li>Lengde: 351mm<\/li>\n<li>Vekt: 786g<\/li>\n<li>Synsfelt @ 3x: 7,3 grader (12,8m @ 100m)<\/li>\n<li>Synsfelt @ 15x: 1,6 grader (2,8m @ 100m)<\/li>\n<li>\u00d8yeavstand: 90mm<\/li>\n<li>Total h\u00f8ydejusteringsomr\u00e5de: 18 mrad (60 MoA)<\/li>\n<li>Total vindavdriftsjusteringsomr\u00e5de: +\/- 12 mrad (+\/-40 MoA)<\/li>\n<li>Justeringsoppl\u00f8sning: 0,1 mrad eller 1\/4 MoA<\/li>\n<li>Parallaksejusteringsomr\u00e5de: 50m til uendelig<\/li>\n<\/ul>\n<h2>Holdbarhet:<\/h2>\n<p>TT315M er vanntett i 4 timer p\u00e5 10 meters dyp og st\u00f8tsikker til 700g ved 10 000 sykluser. Overflaten har en Type II anodisert matt finish.<\/p>\n<h2>Inkludert tilbeh\u00f8r:<\/h2>\n<p>Tenebraex linsedeksler og ARD (Anti-Refleksjons-Enhet) er inkludert som standard tilbeh\u00f8r.<\/p>\n<\/div>\n","protected":false},"excerpt":{"rendered":"<p>Presisjonssikte 3-15x50mm for skarpskyttere. Optimal bildekvalitet, nullstopp, belyst.<\/p>\n","protected":false},"featured_media":167620,"template":"","meta":{"_acf_changed":false},"product_brand":[11894],"product_cat":[13255,13287],"product_tag":[],"class_list":{"0":"post-84555","1":"product","2":"type-product","3":"status-publish","4":"has-post-thumbnail","6":"product_brand-tangent-theta","7":"product_cat-forstorret-optikk","8":"product_cat-sikting","10":"first","11":"instock","12":"taxable","13":"shipping-taxable","14":"purchasable","15":"product-type-variable","16":"wvs-archive-product-wrapper"},"acf":[],"_links":{"self":[{"href":"https:\/\/staging.nbg.eu\/no\/wp-json\/wp\/v2\/product\/84555","targetHints":{"allow":["GET"]}}],"collection":[{"href":"https:\/\/staging.nbg.eu\/no\/wp-json\/wp\/v2\/product"}],"about":[{"href":"https:\/\/staging.nbg.eu\/no\/wp-json\/wp\/v2\/types\/product"}],"wp:featuredmedia":[{"embeddable":true,"href":"https:\/\/staging.nbg.eu\/no\/wp-json\/wp\/v2\/media\/167620"}],"wp:attachment":[{"href":"https:\/\/staging.nbg.eu\/no\/wp-json\/wp\/v2\/media?parent=84555"}],"wp:term":[{"taxonomy":"product_brand","embeddable":true,"href":"https:\/\/staging.nbg.eu\/no\/wp-json\/wp\/v2\/product_brand?post=84555"},{"taxonomy":"product_cat","embeddable":true,"href":"https:\/\/staging.nbg.eu\/no\/wp-json\/wp\/v2\/product_cat?post=84555"},{"taxonomy":"product_tag","embeddable":true,"href":"https:\/\/staging.nbg.eu\/no\/wp-json\/wp\/v2\/product_tag?post=84555"}],"curies":[{"name":"wp","href":"https:\/\/api.w.org\/{rel}","templated":true}]}}