{"id":83454,"date":"2024-11-16T09:53:46","date_gmt":"2024-12-16T10:51:34","guid":{"rendered":"https:\/\/staging.nbg.eu\/product\/elcan-specterdr-1x-4x\/"},"modified":"2024-12-16T10:53:47","modified_gmt":"2024-12-16T10:53:47","slug":"elcan-specterdr-1x4x","status":"publish","type":"product","link":"https:\/\/staging.nbg.eu\/no\/produkt\/elcan-specterdr-1x4x\/","title":{"rendered":"ELCAN SpecterDR 1x\/4x"},"content":{"rendered":"<h2>ELCAN SpecterDR 1x\/4x Dobbeltfunksjon Optisk Sikte<\/h2>\n<p>ELCAN SpecterDR 1x\/4x 2024-modell \u2013 et optisk sikte med dobbelt synsfelt.<\/p>\n<h2>Hovedfunksjoner:<\/h2>\n<ul>\n<li>Integrerte Picatinny-skinner<\/li>\n<li>Forst\u00f8rrelseshendler for b\u00e5de h\u00f8yre- og venstrehendte<\/li>\n<li>Forbedrede batterideksler<\/li>\n<li>CERAKOTE\u00ae overflatebehandling i Svart eller Flat M\u00f8rk Jord (FDE)<\/li>\n<li>Umiddelbar veksling mellom 4x forst\u00f8rrelse og 1x n\u00e6rkampsikte<\/li>\n<li>Optimalisert optisk bane og identisk \u00f8yeavstand i begge moduser<\/li>\n<li>Belyst tr\u00e5dkors eller r\u00f8d punktmark\u00f8r i sentrum<\/li>\n<li>Stort synsfelt i 1x modus<\/li>\n<li>Klart bilde i 4x modus<\/li>\n<\/ul>\n<h2>Sikter:<\/h2>\n<ul>\n<li>5.56 (CX5395)<\/li>\n<li>7.62 (CX5396)<\/li>\n<\/ul>\n<h2>Tekniske spesifikasjoner:<\/h2>\n<ul>\n<li>Forst\u00f8rrelse: 4x \/ 1x<\/li>\n<li>Dimensjoner: 153mm x 68mm x 72mm (nominell)<\/li>\n<li>Vekt: 655g (nominell)<\/li>\n<li>Sikte: Dobbelttykkelse ballistisk tr\u00e5dkors med valgfritt r\u00f8dt punkt<\/li>\n<li>Synsfelt: 26\u00b0 ved 1x, 6,5\u00b0 ved 4x<\/li>\n<li>\u00d8yeavstand: 70mm<\/li>\n<li>Batteri: CR2032 (3v Litium)<\/li>\n<li>Batterilevetid: Opptil 1730 timer<\/li>\n<li>Justeringsomr\u00e5de: 120 bueminutter<\/li>\n<\/ul>\n<h2>Valgfritt XOPTEK\u2122 Mikro Reflekssikte<\/h2>\n<p>XOPTEK\u2122 Mikro Reflekssikte kan legges til SpecterDR 1-4, en lett enhet for rask sikting p\u00e5 n\u00e6re til middels avstander.<\/p>\n<p>ELCAN SpecterDR 1x\/4x er designet for profesjonell bruk, og tilbyr en l\u00f8sning for b\u00e5de middels rekkevidde og n\u00e6rkamp.<\/p>\n","protected":false},"excerpt":{"rendered":"<p>ELCAN SpecterDR 1x\/4x: Dobbeltfunksjonelt sikte med \u00f8yeblikkelig forst\u00f8rrelsesbryter.<\/p>\n","protected":false},"featured_media":79346,"template":"","meta":{"_acf_changed":false},"product_brand":[11304],"product_cat":[13255,13287],"product_tag":[],"class_list":{"0":"post-83454","1":"product","2":"type-product","3":"status-publish","4":"has-post-thumbnail","6":"product_brand-elcan","7":"product_cat-forstorret-optikk","8":"product_cat-sikting","10":"first","11":"instock","12":"taxable","13":"shipping-taxable","14":"purchasable","15":"product-type-variable","16":"wvs-archive-product-wrapper"},"acf":[],"_links":{"self":[{"href":"https:\/\/staging.nbg.eu\/no\/wp-json\/wp\/v2\/product\/83454","targetHints":{"allow":["GET"]}}],"collection":[{"href":"https:\/\/staging.nbg.eu\/no\/wp-json\/wp\/v2\/product"}],"about":[{"href":"https:\/\/staging.nbg.eu\/no\/wp-json\/wp\/v2\/types\/product"}],"wp:featuredmedia":[{"embeddable":true,"href":"https:\/\/staging.nbg.eu\/no\/wp-json\/wp\/v2\/media\/79346"}],"wp:attachment":[{"href":"https:\/\/staging.nbg.eu\/no\/wp-json\/wp\/v2\/media?parent=83454"}],"wp:term":[{"taxonomy":"product_brand","embeddable":true,"href":"https:\/\/staging.nbg.eu\/no\/wp-json\/wp\/v2\/product_brand?post=83454"},{"taxonomy":"product_cat","embeddable":true,"href":"https:\/\/staging.nbg.eu\/no\/wp-json\/wp\/v2\/product_cat?post=83454"},{"taxonomy":"product_tag","embeddable":true,"href":"https:\/\/staging.nbg.eu\/no\/wp-json\/wp\/v2\/product_tag?post=83454"}],"curies":[{"name":"wp","href":"https:\/\/api.w.org\/{rel}","templated":true}]}}