{"id":83382,"date":"2024-11-01T13:52:15","date_gmt":"2024-11-01T13:52:15","guid":{"rendered":"https:\/\/staging.nbg.eu\/product\/daa-target-bag-classic-ipsc-target\/"},"modified":"2024-12-16T09:55:59","modified_gmt":"2024-12-16T09:55:59","slug":"daa-malpose-classic-ipsc-mal","status":"publish","type":"product","link":"https:\/\/staging.nbg.eu\/no\/produkt\/daa-malpose-classic-ipsc-mal\/","title":{"rendered":"DAA M\u00e5lpose, Classic (IPSC) m\u00e5l"},"content":{"rendered":"<h2>DAA M\u00e5lbag, Klassisk (IPSC)<\/h2>\n<p>DAA M\u00e5lbag er en l\u00f8sning for \u00e5 transportere skyteskiver. Denne bagen for skyttere har f\u00f8lgende egenskaper:<\/p>\n<ul>\n<li>Laget av D6000 tekstil<\/li>\n<li>Hovedrommet rommer over 20 fullst\u00f8rrelse Klassiske IPSC-m\u00e5l<\/li>\n<li>Tre ytre lommer:\n<ul>\n<li>Lomme for Speed Patcher Applicator<\/li>\n<li>Lomme for stiftemaskin<\/li>\n<li>Allsidig lomme for tape, stifter og verkt\u00f8y<\/li>\n<\/ul>\n<\/li>\n<li>To justerbare stropper for metallm\u00e5lkroker<\/li>\n<li>Skulderstropp og polstret h\u00e5ndtak<\/li>\n<\/ul>\n<p>Organiser alt m\u00e5lrelatert utstyr i \u00e9n b\u00e6rbar bag. Hold hendene frie for skytebager og ammunisjon.<\/p>\n","protected":false},"excerpt":{"rendered":"<p>DAA M\u00e5lskivebag: Organiser og b\u00e6r IPSC-m\u00e5lskiver enkelt og greit.<\/p>\n","protected":false},"featured_media":76235,"template":"","meta":{"_acf_changed":false},"product_brand":[],"product_cat":[13324,13278],"product_tag":[],"class_list":{"0":"post-83382","1":"product","2":"type-product","3":"status-publish","4":"has-post-thumbnail","6":"product_cat-skytevesker","7":"product_cat-utstyr","9":"first","10":"outofstock","11":"taxable","12":"shipping-taxable","13":"purchasable","14":"product-type-simple"},"acf":[],"_links":{"self":[{"href":"https:\/\/staging.nbg.eu\/no\/wp-json\/wp\/v2\/product\/83382","targetHints":{"allow":["GET"]}}],"collection":[{"href":"https:\/\/staging.nbg.eu\/no\/wp-json\/wp\/v2\/product"}],"about":[{"href":"https:\/\/staging.nbg.eu\/no\/wp-json\/wp\/v2\/types\/product"}],"wp:featuredmedia":[{"embeddable":true,"href":"https:\/\/staging.nbg.eu\/no\/wp-json\/wp\/v2\/media\/76235"}],"wp:attachment":[{"href":"https:\/\/staging.nbg.eu\/no\/wp-json\/wp\/v2\/media?parent=83382"}],"wp:term":[{"taxonomy":"product_brand","embeddable":true,"href":"https:\/\/staging.nbg.eu\/no\/wp-json\/wp\/v2\/product_brand?post=83382"},{"taxonomy":"product_cat","embeddable":true,"href":"https:\/\/staging.nbg.eu\/no\/wp-json\/wp\/v2\/product_cat?post=83382"},{"taxonomy":"product_tag","embeddable":true,"href":"https:\/\/staging.nbg.eu\/no\/wp-json\/wp\/v2\/product_tag?post=83382"}],"curies":[{"name":"wp","href":"https:\/\/api.w.org\/{rel}","templated":true}]}}