{"id":75443,"date":"2024-10-30T18:55:52","date_gmt":"2024-11-01T09:41:08","guid":{"rendered":"https:\/\/staging.nbg.eu\/product\/rhh-201-iwb-magazine\/"},"modified":"2024-11-01T09:46:12","modified_gmt":"2024-11-01T09:46:12","slug":"rhh-201-iwb-magasin","status":"publish","type":"product","link":"https:\/\/staging.nbg.eu\/no\/produkt\/rhh-201-iwb-magasin\/","title":{"rendered":"# Rhh .201 IWB Magasin"},"content":{"rendered":"<div class=\"product-description\">\n<h2>Rhh .201 IWB Magasinhylster<\/h2>\n<p>Rhh .201 IWB magasinhylster for skjult b\u00e6ring. Dette hylsteret som b\u00e6res p\u00e5 innsiden av bukselinningen har f\u00f8lgende egenskaper:<\/p>\n<ul>\n<li>Laget av presset kydex for n\u00f8yaktig passform<\/li>\n<li>H\u00e5ndsk\u00e5rne kanter<\/li>\n<li>Justerbart grep for individuell tilpasning<\/li>\n<li>Utformet for enkel rengj\u00f8ring<\/li>\n<li>2mm tynt kydex-materiale<\/li>\n<li>Kan b\u00e6res p\u00e5 ulike m\u00e5ter rundt livet<\/li>\n<li>Egnet for bruk \u00e5ret rundt, spesielt om sommeren<\/li>\n<li>Tilgjengelig med st\u00e5lklips i 40mm og 45mm st\u00f8rrelser<\/li>\n<li>Valgfri svettebeeskyttelse<\/li>\n<\/ul>\n<p>Designet for skjult b\u00e6ring med minimal synlighet under kl\u00e6r. For h\u00f8yrehendte brukere i 9-posisjonen.<\/p>\n<\/div>\n","protected":false},"excerpt":{"rendered":"<p>Slank, skjult IWB magasinhylster med justerbart grep og svettebeskyttelse.<\/p>\n","protected":false},"featured_media":74451,"template":"","meta":{"_acf_changed":false},"product_brand":[11647],"product_cat":[13265,13254],"product_tag":[],"class_list":{"0":"post-75443","1":"product","2":"type-product","3":"status-publish","4":"has-post-thumbnail","6":"product_brand-rh-holsters","7":"product_cat-hylster","8":"product_cat-magasinholdere","9":"pa_belt-size-40mm-no","10":"pa_model-glock-17-22-31-no","11":"pa_model-glock-19-23-32-no","12":"pa_model-glock-26-27-no","13":"pa_strong-hand-right-no","15":"first","16":"instock","17":"taxable","18":"shipping-taxable","19":"purchasable","20":"product-type-variable","21":"wvs-archive-product-wrapper"},"acf":[],"_links":{"self":[{"href":"https:\/\/staging.nbg.eu\/no\/wp-json\/wp\/v2\/product\/75443","targetHints":{"allow":["GET"]}}],"collection":[{"href":"https:\/\/staging.nbg.eu\/no\/wp-json\/wp\/v2\/product"}],"about":[{"href":"https:\/\/staging.nbg.eu\/no\/wp-json\/wp\/v2\/types\/product"}],"wp:featuredmedia":[{"embeddable":true,"href":"https:\/\/staging.nbg.eu\/no\/wp-json\/wp\/v2\/media\/74451"}],"wp:attachment":[{"href":"https:\/\/staging.nbg.eu\/no\/wp-json\/wp\/v2\/media?parent=75443"}],"wp:term":[{"taxonomy":"product_brand","embeddable":true,"href":"https:\/\/staging.nbg.eu\/no\/wp-json\/wp\/v2\/product_brand?post=75443"},{"taxonomy":"product_cat","embeddable":true,"href":"https:\/\/staging.nbg.eu\/no\/wp-json\/wp\/v2\/product_cat?post=75443"},{"taxonomy":"product_tag","embeddable":true,"href":"https:\/\/staging.nbg.eu\/no\/wp-json\/wp\/v2\/product_tag?post=75443"}],"curies":[{"name":"wp","href":"https:\/\/api.w.org\/{rel}","templated":true}]}}