{"id":75335,"date":"2024-10-30T20:07:58","date_gmt":"2024-10-30T20:07:58","guid":{"rendered":"https:\/\/staging.nbg.eu\/product\/daa-hard-case-large-430\/"},"modified":"2024-11-01T09:08:06","modified_gmt":"2024-11-01T09:08:06","slug":"daa-hard-case-large-430","status":"publish","type":"product","link":"https:\/\/staging.nbg.eu\/no\/produkt\/daa-hard-case-large-430\/","title":{"rendered":"DAA Hard Case Large-430"},"content":{"rendered":"<div class=\"product-description\">\n<h2>DAA Hard Case Large-430<\/h2>\n<p>DAA Hard Case Large-430 er IP67-sertifisert og gir beskyttelse for dine verdisaker. Egnet for skytev\u00e5pen, fotoutstyr, marinutstyr og mer. Kofferten er laget for \u00e5 t\u00e5le ekstreme forhold.<\/p>\n<ul>\n<li>Vanntett forsegling og automatisk trykkutl\u00f8sningsventil<\/li>\n<li>Lett \u00e5 \u00e5pne med doble l\u00e5ser og hull for hengel\u00e5s<\/li>\n<li>Stablbart l\u00e5sesystem med ekstra festepunkter<\/li>\n<li>Inkluderer 4-delers skumsett for tilpassbart interi\u00f8r<\/li>\n<li>Tilgjengelig i Svart eller Oransje<\/li>\n<\/ul>\n<p>Utvendige m\u00e5l: 464 x 366 x 176 mm (18,27 x 14,41 x 6,93 tommer)<br \/>\n  Innvendige m\u00e5l: 426 x 290 x 159 mm (16,77 x 11,41 x 6,26 tommer)<br \/>\n  Vekt: 3,1 kg<\/p>\n<\/div>\n","protected":false},"excerpt":{"rendered":"<p>Slitesterkt, vanntett etui for verdifullt utstyr. IP67-sertifisert, allsidig.<\/p>\n","protected":false},"featured_media":74477,"template":"","meta":{"_acf_changed":false},"product_brand":[],"product_cat":[13300,13278],"product_tag":[],"class_list":{"0":"post-75335","1":"product","2":"type-product","3":"status-publish","4":"has-post-thumbnail","6":"product_cat-transportkofferter","7":"product_cat-utstyr","9":"first","10":"outofstock","11":"taxable","12":"shipping-taxable","13":"purchasable","14":"product-type-simple"},"acf":[],"_links":{"self":[{"href":"https:\/\/staging.nbg.eu\/no\/wp-json\/wp\/v2\/product\/75335","targetHints":{"allow":["GET"]}}],"collection":[{"href":"https:\/\/staging.nbg.eu\/no\/wp-json\/wp\/v2\/product"}],"about":[{"href":"https:\/\/staging.nbg.eu\/no\/wp-json\/wp\/v2\/types\/product"}],"wp:featuredmedia":[{"embeddable":true,"href":"https:\/\/staging.nbg.eu\/no\/wp-json\/wp\/v2\/media\/74477"}],"wp:attachment":[{"href":"https:\/\/staging.nbg.eu\/no\/wp-json\/wp\/v2\/media?parent=75335"}],"wp:term":[{"taxonomy":"product_brand","embeddable":true,"href":"https:\/\/staging.nbg.eu\/no\/wp-json\/wp\/v2\/product_brand?post=75335"},{"taxonomy":"product_cat","embeddable":true,"href":"https:\/\/staging.nbg.eu\/no\/wp-json\/wp\/v2\/product_cat?post=75335"},{"taxonomy":"product_tag","embeddable":true,"href":"https:\/\/staging.nbg.eu\/no\/wp-json\/wp\/v2\/product_tag?post=75335"}],"curies":[{"name":"wp","href":"https:\/\/api.w.org\/{rel}","templated":true}]}}