{"id":74952,"date":"2024-10-21T09:39:10","date_gmt":"2024-10-31T11:18:59","guid":{"rendered":"https:\/\/staging.nbg.eu\/product\/grips-kmr-s-modular-sandpaper-black\/"},"modified":"2024-10-31T11:20:15","modified_gmt":"2024-10-31T11:20:15","slug":"grep-kmr-s-modulaer-sandpapir-svart","status":"publish","type":"product","link":"https:\/\/staging.nbg.eu\/no\/produkt\/grep-kmr-s-modulaer-sandpapir-svart\/","title":{"rendered":"GREP KMR S Modul\u00e6r Sandpapir &#8211; Svart"},"content":{"rendered":"<h2>GRIPS KMR S Modul\u00e6rt Sandpapir &#8211; Svart<\/h2>\n<p>Grepsmodifikasjon for KMR S-02 pistol med modul\u00e6rt sandpapir. Laget av anodisert duralumin, disse lange grepene gir forbedret h\u00e5ndtering.<\/p>\n<h2>Egenskaper:<\/h2>\n<ul>\n<li>Passer KMR S-02 .22 LR modeller<\/li>\n<li>Laget av anodisert duralumin<\/li>\n<li>Designet for bruk uten magasinf\u00f8ring<\/li>\n<li>Inkluderer torx-skruer for installasjon<\/li>\n<li>Svart finish med KMR logo<\/li>\n<\/ul>\n<p>Merk: Disse grepene er designet for 26mm bred aluminiumsramme p\u00e5 KMR S-02 og er ikke kompatible med W-02 eller L-02 rammest\u00f8rrelser. For forbedret grep og skyten\u00f8yaktighet p\u00e5 KMR S-02 pistol.<\/p>\n<dl class=\"data-sheet\">\n<dt class=\"name\">For KMR v\u00e5pen<\/dt>\n<dd class=\"value\">KMR S-01 LANCE (OR)<br \/>\nKMR S-02 TIL 2023<\/dd>\n<dt class=\"name\">Utvalg etter CZ v\u00e5pen<\/dt>\n<dd class=\"value\">CZ SHADOW 1<br \/>\nCZ SHADOW 2<br \/>\nCZ SHADOW 2 (OR)<br \/>\nCZ SP-01<\/dd>\n<\/dl>\n","protected":false},"excerpt":{"rendered":"<p>KMR S-02 svart modul\u00e6rt grep, kompatibel med aluminiumsramme.<br \/>\n0611-03101-0101<\/p>\n","protected":false},"featured_media":73900,"template":"","meta":{"_acf_changed":false},"product_brand":[11504],"product_cat":[13263],"product_tag":[],"class_list":{"0":"post-74952","1":"product","2":"type-product","3":"status-publish","4":"has-post-thumbnail","6":"product_brand-kmr-precision","7":"product_cat-kmr-deler","9":"first","10":"instock","11":"taxable","12":"shipping-taxable","13":"purchasable","14":"product-type-simple"},"acf":[],"_links":{"self":[{"href":"https:\/\/staging.nbg.eu\/no\/wp-json\/wp\/v2\/product\/74952","targetHints":{"allow":["GET"]}}],"collection":[{"href":"https:\/\/staging.nbg.eu\/no\/wp-json\/wp\/v2\/product"}],"about":[{"href":"https:\/\/staging.nbg.eu\/no\/wp-json\/wp\/v2\/types\/product"}],"wp:featuredmedia":[{"embeddable":true,"href":"https:\/\/staging.nbg.eu\/no\/wp-json\/wp\/v2\/media\/73900"}],"wp:attachment":[{"href":"https:\/\/staging.nbg.eu\/no\/wp-json\/wp\/v2\/media?parent=74952"}],"wp:term":[{"taxonomy":"product_brand","embeddable":true,"href":"https:\/\/staging.nbg.eu\/no\/wp-json\/wp\/v2\/product_brand?post=74952"},{"taxonomy":"product_cat","embeddable":true,"href":"https:\/\/staging.nbg.eu\/no\/wp-json\/wp\/v2\/product_cat?post=74952"},{"taxonomy":"product_tag","embeddable":true,"href":"https:\/\/staging.nbg.eu\/no\/wp-json\/wp\/v2\/product_tag?post=74952"}],"curies":[{"name":"wp","href":"https:\/\/api.w.org\/{rel}","templated":true}]}}