{"id":74842,"date":"2024-10-21T09:33:36","date_gmt":"2024-10-31T10:59:09","guid":{"rendered":"https:\/\/staging.nbg.eu\/product\/grips-kmr-s-dotmatrix-silver\/"},"modified":"2024-10-31T11:00:43","modified_gmt":"2024-10-31T11:00:43","slug":"grep-kmr-s-dotmatrix-solv","status":"publish","type":"product","link":"https:\/\/staging.nbg.eu\/no\/produkt\/grep-kmr-s-dotmatrix-solv\/","title":{"rendered":"GREP KMR S DotMatrix &#8211; S\u00f8lv"},"content":{"rendered":"<div class=\"product-description\">\n<h2>GRIPS KMR S DotMatrix &#8211; S\u00f8lv<\/h2>\n<p>GRIPS KMR S DotMatrix i s\u00f8lv. Disse lange gripene er laget av anodisert duralumin, med et golfball-m\u00f8nster for godt grep.<\/p>\n<ul>\n<li>Designet for KMR S-02 modeller med 26mm brede aluminiumsrammer<\/li>\n<li>Tekstur for sikkert grep<\/li>\n<li>Egnet for oppgradering av eksisterende pistoler eller bygging av konkurransev\u00e5pen<\/li>\n<li>Ingen magasinf\u00f8ring for allsidig bruk<\/li>\n<li>Inkluderer torx-skruer for installasjon<\/li>\n<li>Har KMR-logo<\/li>\n<\/ul>\n<p>Merk: Disse gripene er kun kompatible med KMR S-02 rammest\u00f8rrelser og er ikke utbyttbare med W-02 eller L-02 modeller. Sjekk den interne merkingen (S) f\u00f8r installasjon for \u00e5 sikre riktig passform.<\/p>\n<\/div>\n<dl class=\"data-sheet\">\n<dt class=\"name\">For v\u00e5pen KMR<\/dt>\n<dd class=\"value\">KMR S-01 LANCE (OR)<br \/>\nKMR S-02 TIL 2023<\/dd>\n<dt class=\"name\">Utvalg etter v\u00e5pen CZ<\/dt>\n<dd class=\"value\">CZ SHADOW 1<br \/>\nCZ SHADOW 2<br \/>\nCZ SHADOW 2 (OR)<br \/>\nCZ SP-01<\/dd>\n<\/dl>\n","protected":false},"excerpt":{"rendered":"<p>Slitesterke s\u00f8lvh\u00e5ndtak med aggressiv struktur for sikker h\u00e5ndtering.<br \/>\n 0611-02801-0102<\/p>\n","protected":false},"featured_media":73876,"template":"","meta":{"_acf_changed":false},"product_brand":[11504],"product_cat":[369],"product_tag":[],"class_list":{"0":"post-74842","1":"product","2":"type-product","3":"status-publish","4":"has-post-thumbnail","6":"product_brand-kmr-precision","7":"product_cat-uncategorized","9":"first","10":"instock","11":"taxable","12":"shipping-taxable","13":"purchasable","14":"product-type-simple"},"acf":[],"_links":{"self":[{"href":"https:\/\/staging.nbg.eu\/no\/wp-json\/wp\/v2\/product\/74842","targetHints":{"allow":["GET"]}}],"collection":[{"href":"https:\/\/staging.nbg.eu\/no\/wp-json\/wp\/v2\/product"}],"about":[{"href":"https:\/\/staging.nbg.eu\/no\/wp-json\/wp\/v2\/types\/product"}],"wp:featuredmedia":[{"embeddable":true,"href":"https:\/\/staging.nbg.eu\/no\/wp-json\/wp\/v2\/media\/73876"}],"wp:attachment":[{"href":"https:\/\/staging.nbg.eu\/no\/wp-json\/wp\/v2\/media?parent=74842"}],"wp:term":[{"taxonomy":"product_brand","embeddable":true,"href":"https:\/\/staging.nbg.eu\/no\/wp-json\/wp\/v2\/product_brand?post=74842"},{"taxonomy":"product_cat","embeddable":true,"href":"https:\/\/staging.nbg.eu\/no\/wp-json\/wp\/v2\/product_cat?post=74842"},{"taxonomy":"product_tag","embeddable":true,"href":"https:\/\/staging.nbg.eu\/no\/wp-json\/wp\/v2\/product_tag?post=74842"}],"curies":[{"name":"wp","href":"https:\/\/api.w.org\/{rel}","templated":true}]}}