{"id":74328,"date":"2024-10-18T19:45:03","date_gmt":"2024-10-30T09:24:21","guid":{"rendered":"https:\/\/staging.nbg.eu\/product\/sordin-supreme-pro-x-led-gel\/"},"modified":"2024-10-30T09:25:55","modified_gmt":"2024-10-30T09:25:55","slug":"sordin-supreme-pro-x-led-gel","status":"publish","type":"product","link":"https:\/\/staging.nbg.eu\/no\/produkt\/sordin-supreme-pro-x-led-gel\/","title":{"rendered":"Sordin Supreme Pro-X LED GEL"},"content":{"rendered":"<h2>Sordin Supreme Pro-X LED<\/h2>\n<p>Sordin Supreme Pro-X LED er et elektronisk h\u00f8rselsvern for jegere og skyttere. Det har SordinHEAR2 lydsystem med fire lydprofiler, som gir god lydkvalitet og beskyttelse.<\/p>\n<h2>Hovedfunksjoner:<\/h2>\n<ul>\n<li>Innebygd LED-lys for bedre synlighet i m\u00f8rke<\/li>\n<li>GEL-tetningsringer for komfort<\/li>\n<li>IP67 vanntett klassifisering<\/li>\n<li>Kompakt koppdesign for enkel bruk og skyting<\/li>\n<li>Niv\u00e5avhengig funksjon for omgivelseslyd<\/li>\n<li>400 timers batterilevetid med to AAA-batterier<\/li>\n<li>AUX-inngang for eksterne lydkilder<\/li>\n<\/ul>\n<p>Gir naturlig lydgjengivelse med h\u00f8ykvalitetsh\u00f8yttalere og beskytter mot skadelig st\u00f8y. Supreme Pro-X LED forsterker svake lyder og begrenser utgang til 82 dB for h\u00f8rselssikkerhet.<\/p>\n<p>Med kamuflasje tekstilhodeb\u00e5nd, lett design (376g), og effektiv demping selv med briller, er Sordin Supreme Pro-X LED egnet for jakt og skyting.<\/p>\n<p>NRR: 21 | SNR: 27 | H: 29 | M: 24 | L: 19<\/p>\n","protected":false},"excerpt":{"rendered":"<p>Elektronisk h\u00f8rselvern med LED-lys, 4 lydprofiler og gelforseglinger.<\/p>\n","protected":false},"featured_media":72222,"template":"","meta":{"_acf_changed":false},"product_brand":[11848],"product_cat":[13273,13278],"product_tag":[],"class_list":{"0":"post-74328","1":"product","2":"type-product","3":"status-publish","4":"has-post-thumbnail","6":"product_brand-sordin","7":"product_cat-horselsvern","8":"product_cat-utstyr","10":"first","11":"instock","12":"taxable","13":"shipping-taxable","14":"purchasable","15":"product-type-simple"},"acf":[],"_links":{"self":[{"href":"https:\/\/staging.nbg.eu\/no\/wp-json\/wp\/v2\/product\/74328","targetHints":{"allow":["GET"]}}],"collection":[{"href":"https:\/\/staging.nbg.eu\/no\/wp-json\/wp\/v2\/product"}],"about":[{"href":"https:\/\/staging.nbg.eu\/no\/wp-json\/wp\/v2\/types\/product"}],"wp:featuredmedia":[{"embeddable":true,"href":"https:\/\/staging.nbg.eu\/no\/wp-json\/wp\/v2\/media\/72222"}],"wp:attachment":[{"href":"https:\/\/staging.nbg.eu\/no\/wp-json\/wp\/v2\/media?parent=74328"}],"wp:term":[{"taxonomy":"product_brand","embeddable":true,"href":"https:\/\/staging.nbg.eu\/no\/wp-json\/wp\/v2\/product_brand?post=74328"},{"taxonomy":"product_cat","embeddable":true,"href":"https:\/\/staging.nbg.eu\/no\/wp-json\/wp\/v2\/product_cat?post=74328"},{"taxonomy":"product_tag","embeddable":true,"href":"https:\/\/staging.nbg.eu\/no\/wp-json\/wp\/v2\/product_tag?post=74328"}],"curies":[{"name":"wp","href":"https:\/\/api.w.org\/{rel}","templated":true}]}}