{"id":74216,"date":"2024-10-18T20:28:40","date_gmt":"2024-10-30T08:48:24","guid":{"rendered":"https:\/\/staging.nbg.eu\/product\/extractor-l-02-40sw-kmr\/"},"modified":"2024-10-30T08:49:58","modified_gmt":"2024-10-30T08:49:58","slug":"uttraekker-l-02-40sw-kmr","status":"publish","type":"product","link":"https:\/\/staging.nbg.eu\/no\/produkt\/uttraekker-l-02-40sw-kmr\/","title":{"rendered":"Uttr\u00e6kker L-02 .40SW &#8211; KMR"},"content":{"rendered":"<div class=\"product-description\">\n<h2>Utdrager L-02 .40SW &#8211; KMR<\/h2>\n<p>Denne utdrageren er laget for KMR L-02 pistol i kaliber .40 S&amp;W. Den er en erstatningsdel som sikrer p\u00e5litelig utdraging og funksjon. Utdrageren er laget av slitesterke materialer for \u00e5 t\u00e5le hyppig bruk. Den er en komponent som kan forbedre v\u00e5penets n\u00f8yaktighet og p\u00e5litelighet.<\/p>\n<\/div>\n","protected":false},"excerpt":{"rendered":"<p>Presisjonsutkaster for 40 S&amp;W til KMR L-02 pistol.<\/p>\n","protected":false},"featured_media":72595,"template":"","meta":{"_acf_changed":false},"product_brand":[],"product_cat":[13263],"product_tag":[],"class_list":{"0":"post-74216","1":"product","2":"type-product","3":"status-publish","4":"has-post-thumbnail","6":"product_cat-kmr-deler","8":"first","9":"instock","10":"taxable","11":"shipping-taxable","12":"purchasable","13":"product-type-simple"},"acf":[],"_links":{"self":[{"href":"https:\/\/staging.nbg.eu\/no\/wp-json\/wp\/v2\/product\/74216","targetHints":{"allow":["GET"]}}],"collection":[{"href":"https:\/\/staging.nbg.eu\/no\/wp-json\/wp\/v2\/product"}],"about":[{"href":"https:\/\/staging.nbg.eu\/no\/wp-json\/wp\/v2\/types\/product"}],"wp:featuredmedia":[{"embeddable":true,"href":"https:\/\/staging.nbg.eu\/no\/wp-json\/wp\/v2\/media\/72595"}],"wp:attachment":[{"href":"https:\/\/staging.nbg.eu\/no\/wp-json\/wp\/v2\/media?parent=74216"}],"wp:term":[{"taxonomy":"product_brand","embeddable":true,"href":"https:\/\/staging.nbg.eu\/no\/wp-json\/wp\/v2\/product_brand?post=74216"},{"taxonomy":"product_cat","embeddable":true,"href":"https:\/\/staging.nbg.eu\/no\/wp-json\/wp\/v2\/product_cat?post=74216"},{"taxonomy":"product_tag","embeddable":true,"href":"https:\/\/staging.nbg.eu\/no\/wp-json\/wp\/v2\/product_tag?post=74216"}],"curies":[{"name":"wp","href":"https:\/\/api.w.org\/{rel}","templated":true}]}}