{"id":74126,"date":"2024-10-18T19:20:25","date_gmt":"2024-10-29T10:06:50","guid":{"rendered":"https:\/\/staging.nbg.eu\/product\/casio-prw-61y-3er\/"},"modified":"2024-10-29T10:08:23","modified_gmt":"2024-10-29T10:08:23","slug":"casio-prw-61y-3er","status":"publish","type":"product","link":"https:\/\/staging.nbg.eu\/no\/produkt\/casio-prw-61y-3er\/","title":{"rendered":"Casio PRW-61Y-3ER"},"content":{"rendered":"<div class=\"product-description\">\n<h2>Casio PRW-61Y-3ER: Klokke for utend\u00f8rsbruk<\/h2>\n<p>PRO TREK PRW-61Y-3ER er Casios f\u00f8rste klokke med milj\u00f8vennlig bioplast i kasse og rem. Denne klokken kombinerer b\u00e6rekraft med holdbarhet, og tilbyr motstand mot hard bruk og komfort.<\/p>\n<ul>\n<li>Milj\u00f8vennlig bioplast laget av ricinusfr\u00f8 og mais<\/li>\n<li>Skive med hvite indekser for god synlighet<\/li>\n<li>Trippelsensor: digitalt kompass, barometer\/h\u00f8ydem\u00e5ler og termometer<\/li>\n<li>Multi Band 6 radiokontrollert tidtaking<\/li>\n<li>Tough Solar str\u00f8msystem<\/li>\n<li>Belysning med dobbel LED-lampe<\/li>\n<li>Myk uretanrem for komfort<\/li>\n<li>Rustfritt st\u00e5l-ramme gravert med bykoder<\/li>\n<li>Kompakt design for ubegrenset h\u00e5ndleddsbevegelse<\/li>\n<\/ul>\n<p>PRW-61Y-3ER er egnet for personer som er interessert i utend\u00f8rsaktiviteter og milj\u00f8ansvar.<\/p>\n<\/div>\n","protected":false},"excerpt":{"rendered":"<p>&laquo;Milj\u00f8vennlig PRO TREK-klokke med bioplast og utend\u00f8rsfunksjoner.&raquo;<\/p>\n","protected":false},"featured_media":71875,"template":"","meta":{"_acf_changed":false},"product_brand":[11208],"product_cat":[13301,13277],"product_tag":[],"class_list":{"0":"post-74126","1":"product","2":"type-product","3":"status-publish","4":"has-post-thumbnail","6":"product_brand-casio","7":"product_cat-edc","8":"product_cat-klokker","10":"first","11":"instock","12":"taxable","13":"shipping-taxable","14":"purchasable","15":"product-type-simple"},"acf":[],"_links":{"self":[{"href":"https:\/\/staging.nbg.eu\/no\/wp-json\/wp\/v2\/product\/74126","targetHints":{"allow":["GET"]}}],"collection":[{"href":"https:\/\/staging.nbg.eu\/no\/wp-json\/wp\/v2\/product"}],"about":[{"href":"https:\/\/staging.nbg.eu\/no\/wp-json\/wp\/v2\/types\/product"}],"wp:featuredmedia":[{"embeddable":true,"href":"https:\/\/staging.nbg.eu\/no\/wp-json\/wp\/v2\/media\/71875"}],"wp:attachment":[{"href":"https:\/\/staging.nbg.eu\/no\/wp-json\/wp\/v2\/media?parent=74126"}],"wp:term":[{"taxonomy":"product_brand","embeddable":true,"href":"https:\/\/staging.nbg.eu\/no\/wp-json\/wp\/v2\/product_brand?post=74126"},{"taxonomy":"product_cat","embeddable":true,"href":"https:\/\/staging.nbg.eu\/no\/wp-json\/wp\/v2\/product_cat?post=74126"},{"taxonomy":"product_tag","embeddable":true,"href":"https:\/\/staging.nbg.eu\/no\/wp-json\/wp\/v2\/product_tag?post=74126"}],"curies":[{"name":"wp","href":"https:\/\/api.w.org\/{rel}","templated":true}]}}