{"id":74104,"date":"2024-10-18T19:05:21","date_gmt":"2024-10-29T10:04:01","guid":{"rendered":"https:\/\/staging.nbg.eu\/product\/casio-prg-340t-7er\/"},"modified":"2024-10-29T10:05:36","modified_gmt":"2024-10-29T10:05:36","slug":"casio-prg-340t-7er","status":"publish","type":"product","link":"https:\/\/staging.nbg.eu\/no\/produkt\/casio-prg-340t-7er\/","title":{"rendered":"Casio PRG-340T-7ER"},"content":{"rendered":"<h2>Casio PRG-340T-7ER<\/h2>\n<p>Casio PRG-340T-7ER er en klokke for utend\u00f8rsbruk. Den har f\u00f8lgende funksjoner:<\/p>\n<ul>\n<li>Digitalt kompass<\/li>\n<li>H\u00f8ydem\u00e5ler og barometer<\/li>\n<li>Termometer<\/li>\n<li>Dobbel LCD-skjerm<\/li>\n<li>Laget av biomasseplast<\/li>\n<li>Direkte funksjonsknapper<\/li>\n<li>Solcelledrevet<\/li>\n<li>Kraftig belysning<\/li>\n<\/ul>\n<p>Klokken har 10 bar vannmotstand, t\u00e5ler lave temperaturer, og inkluderer funksjoner som verdenstid og visning av soloppgang\/solnedgang. PRG-340T-7ER er egnet for utend\u00f8rsaktiviteter.<\/p>\n","protected":false},"excerpt":{"rendered":"<p>Robust utend\u00f8rsklokke med kompass, h\u00f8ydem\u00e5ler og milj\u00f8vennlig design.<\/p>\n","protected":false},"featured_media":71759,"template":"","meta":{"_acf_changed":false},"product_brand":[11208],"product_cat":[13301,13277],"product_tag":[],"class_list":{"0":"post-74104","1":"product","2":"type-product","3":"status-publish","4":"has-post-thumbnail","6":"product_brand-casio","7":"product_cat-edc","8":"product_cat-klokker","10":"first","11":"instock","12":"taxable","13":"shipping-taxable","14":"purchasable","15":"product-type-simple"},"acf":[],"_links":{"self":[{"href":"https:\/\/staging.nbg.eu\/no\/wp-json\/wp\/v2\/product\/74104","targetHints":{"allow":["GET"]}}],"collection":[{"href":"https:\/\/staging.nbg.eu\/no\/wp-json\/wp\/v2\/product"}],"about":[{"href":"https:\/\/staging.nbg.eu\/no\/wp-json\/wp\/v2\/types\/product"}],"wp:featuredmedia":[{"embeddable":true,"href":"https:\/\/staging.nbg.eu\/no\/wp-json\/wp\/v2\/media\/71759"}],"wp:attachment":[{"href":"https:\/\/staging.nbg.eu\/no\/wp-json\/wp\/v2\/media?parent=74104"}],"wp:term":[{"taxonomy":"product_brand","embeddable":true,"href":"https:\/\/staging.nbg.eu\/no\/wp-json\/wp\/v2\/product_brand?post=74104"},{"taxonomy":"product_cat","embeddable":true,"href":"https:\/\/staging.nbg.eu\/no\/wp-json\/wp\/v2\/product_cat?post=74104"},{"taxonomy":"product_tag","embeddable":true,"href":"https:\/\/staging.nbg.eu\/no\/wp-json\/wp\/v2\/product_tag?post=74104"}],"curies":[{"name":"wp","href":"https:\/\/api.w.org\/{rel}","templated":true}]}}