{"id":74034,"date":"2024-10-16T20:26:30","date_gmt":"2024-10-25T14:29:51","guid":{"rendered":"https:\/\/staging.nbg.eu\/product\/casio-gbdh2000-1aer\/"},"modified":"2024-10-25T14:31:19","modified_gmt":"2024-10-25T14:31:19","slug":"casio-gbdh2000-1aer","status":"publish","type":"product","link":"https:\/\/staging.nbg.eu\/no\/produkt\/casio-gbdh2000-1aer\/","title":{"rendered":"Casio GBDH2000-1AER"},"content":{"rendered":"<h2>Casio GBDH2000-1AER: En treningsklokke<\/h2>\n<p>Casio GBDH2000-1AER har 6 sensorer og GPS-funksjonalitet. Denne klokken overv\u00e5ker fysisk aktivitet i sanntid for 8 forskjellige idretter, inkludert l\u00f8ping, sykling og sv\u00f8mming.<\/p>\n<ul>\n<li>M\u00e5ler avstand, hastighet, tid, tempo, hjertefrekvens og kaloriforbruk<\/li>\n<li>M\u00e5ler blodoksygenniv\u00e5er<\/li>\n<li>Dobbeltlags rammedesign<\/li>\n<li>Solcelle-assistert lading<\/li>\n<li>Smartfunksjoner inkluderer varsler og verdenstid for 300 byer<\/li>\n<\/ul>\n<p>GBDH2000-1AER er laget med biomasseplast. Klokken kombinerer teknologi med milj\u00f8bevissthet. Den er egnet for b\u00e5de erfarne atleter og mosjonister.<\/p>\n","protected":false},"excerpt":{"rendered":"<p>GPS-aktivert sportsklokke med 6 sensorer, som sporer 8 aktiviteter.<\/p>\n","protected":false},"featured_media":71412,"template":"","meta":{"_acf_changed":false},"product_brand":[11208],"product_cat":[13301,13277],"product_tag":[],"class_list":{"0":"post-74034","1":"product","2":"type-product","3":"status-publish","4":"has-post-thumbnail","6":"product_brand-casio","7":"product_cat-edc","8":"product_cat-klokker","10":"first","11":"instock","12":"taxable","13":"shipping-taxable","14":"purchasable","15":"product-type-simple"},"acf":[],"_links":{"self":[{"href":"https:\/\/staging.nbg.eu\/no\/wp-json\/wp\/v2\/product\/74034","targetHints":{"allow":["GET"]}}],"collection":[{"href":"https:\/\/staging.nbg.eu\/no\/wp-json\/wp\/v2\/product"}],"about":[{"href":"https:\/\/staging.nbg.eu\/no\/wp-json\/wp\/v2\/types\/product"}],"wp:featuredmedia":[{"embeddable":true,"href":"https:\/\/staging.nbg.eu\/no\/wp-json\/wp\/v2\/media\/71412"}],"wp:attachment":[{"href":"https:\/\/staging.nbg.eu\/no\/wp-json\/wp\/v2\/media?parent=74034"}],"wp:term":[{"taxonomy":"product_brand","embeddable":true,"href":"https:\/\/staging.nbg.eu\/no\/wp-json\/wp\/v2\/product_brand?post=74034"},{"taxonomy":"product_cat","embeddable":true,"href":"https:\/\/staging.nbg.eu\/no\/wp-json\/wp\/v2\/product_cat?post=74034"},{"taxonomy":"product_tag","embeddable":true,"href":"https:\/\/staging.nbg.eu\/no\/wp-json\/wp\/v2\/product_tag?post=74034"}],"curies":[{"name":"wp","href":"https:\/\/api.w.org\/{rel}","templated":true}]}}