{"id":74012,"date":"2024-01-30T18:02:27","date_gmt":"2024-01-30T18:02:27","guid":{"rendered":"https:\/\/staging.nbg.eu\/product\/holosun-hs403b\/"},"modified":"2024-10-25T14:26:19","modified_gmt":"2024-10-25T14:26:19","slug":"holosun-hs403b","status":"publish","type":"product","link":"https:\/\/staging.nbg.eu\/no\/produkt\/holosun-hs403b\/","title":{"rendered":"Holosun HS403B"},"content":{"rendered":"<div class=\"product-description\">\n<h2>Holosun HS403B Mikro R\u00f8dpunktsikte<\/h2>\n<p>Holosun HS403B er et kompakt 20mm mikrosikte for rifle- og karabinbruk. Det inkluderer:<\/p>\n<ul>\n<li>R\u00f8d Super LED med 50 000 timers batterilevetid<\/li>\n<li>10 dagslys- og 2 nattsynkompatible retikkelinnstillinger<\/li>\n<li>Hus i 6061 aluminium<\/li>\n<li>Nedre 1\/3 co-witness montering (1,63&#8243;) og lav montering (0,75&#8243;) inkludert<\/li>\n<li>Shake Awake-teknologi for forlenget batterilevetid<\/li>\n<li>Digitale knapper for enkel justering<\/li>\n<li>Gummideksler for linsebeskyttelse<\/li>\n<li>Sidemontert 2032 batteriskuff for enkel utskifting<\/li>\n<\/ul>\n<p>Med sine allsidige funksjoner og robuste konstruksjon passer HS403B for skyttere p\u00e5 alle niv\u00e5er. Det er vanntett i henhold til IP67-standard og kan t\u00e5le 1000G vibrasjon, noe som gj\u00f8r det egnet for bruk under alle forhold.<\/p>\n<\/div>\n","protected":false},"excerpt":{"rendered":"<p>Kompakt 20mm r\u00f8dpunktsikte med 50 000 timers batterilevetid og allsidig monteringsmulighet.<\/p>\n","protected":false},"featured_media":72270,"template":"","meta":{"_acf_changed":false},"product_brand":[11439],"product_cat":[13288,13321,13287],"product_tag":[],"class_list":{"0":"post-74012","1":"product","2":"type-product","3":"status-publish","4":"has-post-thumbnail","6":"product_brand-holosun","7":"product_cat-red-dots","8":"product_cat-rodpunktsikter","9":"product_cat-sikting","11":"first","12":"instock","13":"taxable","14":"shipping-taxable","15":"purchasable","16":"product-type-simple"},"acf":[],"_links":{"self":[{"href":"https:\/\/staging.nbg.eu\/no\/wp-json\/wp\/v2\/product\/74012","targetHints":{"allow":["GET"]}}],"collection":[{"href":"https:\/\/staging.nbg.eu\/no\/wp-json\/wp\/v2\/product"}],"about":[{"href":"https:\/\/staging.nbg.eu\/no\/wp-json\/wp\/v2\/types\/product"}],"wp:featuredmedia":[{"embeddable":true,"href":"https:\/\/staging.nbg.eu\/no\/wp-json\/wp\/v2\/media\/72270"}],"wp:attachment":[{"href":"https:\/\/staging.nbg.eu\/no\/wp-json\/wp\/v2\/media?parent=74012"}],"wp:term":[{"taxonomy":"product_brand","embeddable":true,"href":"https:\/\/staging.nbg.eu\/no\/wp-json\/wp\/v2\/product_brand?post=74012"},{"taxonomy":"product_cat","embeddable":true,"href":"https:\/\/staging.nbg.eu\/no\/wp-json\/wp\/v2\/product_cat?post=74012"},{"taxonomy":"product_tag","embeddable":true,"href":"https:\/\/staging.nbg.eu\/no\/wp-json\/wp\/v2\/product_tag?post=74012"}],"curies":[{"name":"wp","href":"https:\/\/api.w.org\/{rel}","templated":true}]}}