{"id":73990,"date":"2024-10-18T20:01:13","date_gmt":"2024-10-18T20:01:13","guid":{"rendered":"https:\/\/staging.nbg.eu\/product\/holosun-hs515cm-red-dot-sight\/"},"modified":"2024-10-25T14:24:40","modified_gmt":"2024-10-25T14:24:40","slug":"holosun-hs515cm-rodpunktsikte","status":"publish","type":"product","link":"https:\/\/staging.nbg.eu\/no\/produkt\/holosun-hs515cm-rodpunktsikte\/","title":{"rendered":"Holosun HS515CM &#8211; R\u00f8dpunktsikte"},"content":{"rendered":"<div class=\"product-description\">\n<h2>Holosun HS515CM &#8211; R\u00f8dpunktsikte<\/h2>\n<p>HS515CM er et 20mm mikrosikte for rifler og karabiner. Laget av 7075 aluminium, med f\u00f8lgende egenskaper:<\/p>\n<ul>\n<li>Klare, avtakbare\/roterende linsedeksler<\/li>\n<li>QD nedre 1\/3 co-witness-feste (1,63&#8243;)<\/li>\n<li>IP68 vann- og st\u00f8vtett rangering<\/li>\n<li>Solar Failsafe-teknologi<\/li>\n<li>Multiretikul\u00e6rt system med r\u00f8d super-LED<\/li>\n<li>10 dagslys- og 2 nattsyn-innstillinger<\/li>\n<li>Shake Awake-teknologi<\/li>\n<li>Opptil 50 000 timers batterilevetid<\/li>\n<li>Verkt\u00f8yfritt sidemonter batteriskifte<\/li>\n<\/ul>\n<p>Utviklet for b\u00e5de sports- og profesjonelt bruk, HS515CM tilbyr 0,5 MOA justeringer og \u00b150 MOA bevegelsesomr\u00e5de. Den er konstruert for \u00e5 t\u00e5le ekstreme temperaturer og 1000G vibrasjon.<\/p>\n<\/div>\n","protected":false},"excerpt":{"rendered":"<p>Holdbart 20mm mikro-r\u00f8dpunktsikte for rifler, soldrevet, vanntett.<\/p>\n","protected":false},"featured_media":72409,"template":"","meta":{"_acf_changed":false},"product_brand":[11439],"product_cat":[13288,13321,13287],"product_tag":[],"class_list":{"0":"post-73990","1":"product","2":"type-product","3":"status-publish","4":"has-post-thumbnail","6":"product_brand-holosun","7":"product_cat-red-dots","8":"product_cat-rodpunktsikter","9":"product_cat-sikting","11":"first","12":"instock","13":"taxable","14":"shipping-taxable","15":"purchasable","16":"product-type-simple"},"acf":[],"_links":{"self":[{"href":"https:\/\/staging.nbg.eu\/no\/wp-json\/wp\/v2\/product\/73990","targetHints":{"allow":["GET"]}}],"collection":[{"href":"https:\/\/staging.nbg.eu\/no\/wp-json\/wp\/v2\/product"}],"about":[{"href":"https:\/\/staging.nbg.eu\/no\/wp-json\/wp\/v2\/types\/product"}],"wp:featuredmedia":[{"embeddable":true,"href":"https:\/\/staging.nbg.eu\/no\/wp-json\/wp\/v2\/media\/72409"}],"wp:attachment":[{"href":"https:\/\/staging.nbg.eu\/no\/wp-json\/wp\/v2\/media?parent=73990"}],"wp:term":[{"taxonomy":"product_brand","embeddable":true,"href":"https:\/\/staging.nbg.eu\/no\/wp-json\/wp\/v2\/product_brand?post=73990"},{"taxonomy":"product_cat","embeddable":true,"href":"https:\/\/staging.nbg.eu\/no\/wp-json\/wp\/v2\/product_cat?post=73990"},{"taxonomy":"product_tag","embeddable":true,"href":"https:\/\/staging.nbg.eu\/no\/wp-json\/wp\/v2\/product_tag?post=73990"}],"curies":[{"name":"wp","href":"https:\/\/api.w.org\/{rel}","templated":true}]}}